{"id":1442,"date":"2026-01-20T12:08:23","date_gmt":"2026-01-20T12:08:23","guid":{"rendered":"https:\/\/bonuskongcasino.com\/app-2\/"},"modified":"2026-03-23T11:32:23","modified_gmt":"2026-03-23T11:32:23","slug":"app","status":"publish","type":"page","link":"https:\/\/cowboyspincasino.org\/de\/app\/","title":{"rendered":"App"},"content":{"rendered":"<h1>Cowboy Spin Casino auf Mobilger\u00e4ten<\/h1>\n<p>Die Cowboyspin App legt gr\u00f6\u00dften Wert darauf, allen Spielern einen robusten, sicheren und fantastischen mobilen Komfort zu bieten. Sie k\u00f6nnen \u00fcberall Online-Slots, Tischspiele und Live-Casino spielen. Die App verf\u00fcgt \u00fcber modernste und ausgefeilte Technologie, um Ihr Spielerlebnis reibungslos und elegant zu gestalten. Wir bieten Ihnen Geschwindigkeit, Sicherheit und einfache Navigation. Mit mehreren mobilen Zugriffsm\u00f6glichkeiten wird die Cowboy Spin App Ihre bevorzugte Art sein, Online-Casino zu spielen.<\/p>\n<div class=\"banner-wrap\" aria-label=\"Banner\"><img src=\"https:\/\/cowboyspincasino.org\/wp-content\/uploads\/2026\/03\/banner-desktop2x.webp\" class=\"w-100 d-none d-lg-block img-pc main-banner-img\" alt=\"Cowboyspin bonus desktop\" fetchpriority=\"high\" decoding=\"async\"><img src=\"https:\/\/cowboyspincasino.org\/wp-content\/uploads\/2026\/03\/banner-mobile2x.webp\" class=\"w-100 d-none d-md-block d-lg-none main-banner-img\" alt=\"Cowboyspin bonus mobile\" fetchpriority=\"high\" decoding=\"async\"><img src=\"https:\/\/cowboyspincasino.org\/wp-content\/uploads\/2026\/03\/banner-mobile2x.webp\" class=\"w-100 d-md-none\" alt=\"Cowboyspin bonus mobile\" fetchpriority=\"high\" decoding=\"async\"><div class=\"banner-description\">\n<div class=\"banner-title\">Willkommensboni<\/div>\n<p class=\"banner-header-title\">1500 \u20ac<\/p>\n<div class=\"banner-header-AdditionalText\">+ 250 Freispiele<\/div>\n<button data-item=\"homepage_banner_link\" class=\"goto m-button m-gradient-border m-button--primary m-button--large banner-button btn-orange\">\n            <div class=\"m-button-content\">\n                <span>Jetzt anmelden<\/span>\n                <span><\/span>\n            <\/div>\n        <\/button>\n<\/div>\n<div class=\"WelcomePack\">\n<p><img loading=\"lazy\" decoding=\"async\" class=\"alignnone size-full wp-image-1853\" src=\"https:\/\/cowboyspincasino.org\/wp-content\/uploads\/2026\/03\/welcome-crown.png\" alt=\"welcome crown\" width=\"25\" height=\"26\" \/><\/p>\n<div class=\"WelcomePack-Info\">W\u00f6chentlicher Cashback von bis zu 25 %<\/div>\n<p><img loading=\"lazy\" decoding=\"async\" class=\"alignnone size-full wp-image-1853\" src=\"https:\/\/cowboyspincasino.org\/wp-content\/uploads\/2026\/03\/welcome-crown.png\" alt=\"welcome crown\" width=\"25\" height=\"26\" \/><\/p>\n<\/div>\n<\/div>\n<h2>Cowboyspin Zugangsoptionen f\u00fcr Mobilger\u00e4te<\/h2>\n<p>Die Cowboyspin Casino App bietet bequeme M\u00f6glichkeiten, auf unsere riesige Spielesammlung zuzugreifen. Spieler genie\u00dfen in unserer PWA-Version verbesserte Leistung, Sicherheit und Komfort, genau wie beim regul\u00e4ren Spielen auf einem Laptop. Die mobilen Funktionen der Plattform ahmen das Desktop-Erlebnis so perfekt nach, dass Spieler keinen Unterschied bei der hochwertigen Grafik, dem schnellen Laden und dem fl\u00fcssigen Spielablauf auf allen Plattformen feststellen. Seit der Einf\u00fchrung der PWA haben wir uns darauf konzentriert, mobilen Nutzern ein sicheres, vertrauensw\u00fcrdiges und interaktives Spielerlebnis zu bieten.<\/p>\n<p>Cowboyspin Casino legt gro\u00dfen Wert auf Komfort, und wir zeigen Ihnen, wie das funktioniert:<\/p>\n<ul>\n<li>Spieler k\u00f6nnen problemlos zwischen Ger\u00e4ten wechseln oder dasselbe Spiel fortsetzen, ohne ihren Spielfortschritt zu verlieren.<\/li>\n<li>Die schlanke Architektur hilft, den Akku zu schonen.<\/li>\n<li>Die Cowboyspin App erf\u00fcllt hohe visuelle und funktionale Standards.<\/li>\n<li>Einfacher Verifizierungsprozess f\u00fcr alle.<\/li>\n<\/ul>\n<p>Deshalb ist Cowboyspin eine beliebte Wahl unter Spielern, die ein vollwertiges mobiles Casino suchen und jederzeit und \u00fcberall spielen m\u00f6chten.<\/p>\n<p><div class=\"scrollable-content-wrap my-5\"><div class=\"scrollable-content-inner\"><h2>Cowboyspin iOS-App<\/h2>\n<p>Die Cowboyspin App spricht iPhone- und iPad-Nutzer an, die sich eine spezielle App w\u00fcnschen, die so einfach wie ein Verkn\u00fcpfungssymbol ist und nicht mehr Platz beansprucht. Sie bietet auf jedem iOS-Ger\u00e4t ein natives Erlebnis und sorgt somit f\u00fcr eine fl\u00fcssigere Leistung und reaktionsschnelle Steuerung. Die Installation k\u00f6nnte nicht einfacher sein, da die App lediglich als Verkn\u00fcpfung auf Ihrem Startbildschirm erscheint.<\/p>\n<p>Nach der Installation bietet die Cowboyspin-iOS-App ein responsives Design f\u00fcr verschiedene Bildschirmgr\u00f6\u00dfen. Du hast einfachen Zugriff auf Online Slots, Live-Casino-Spiele, Book-Sammlungen mit unglaublichen Abenteuergeschichten, ausgefallene Gl\u00fccksr\u00e4der und nat\u00fcrlich die M\u00f6glichkeit, bei technischen Problemen oder Schwierigkeiten bei Transaktionen jederzeit unseren Support zu kontaktieren.<\/p>\n<p>Sie k\u00f6nnen unsere Cowboy Spin App sogar unterwegs nutzen! Alles, was Sie brauchen, ist nur einen Fingertipp entfernt. Wie?<\/p>\n<ul>\n<li>Die Navigation in den Men\u00fcs ist einfach und unkompliziert.<\/li>\n<li>Das Spielerlebnis macht noch mehr Spa\u00df.<\/li>\n<li>Sicherheit hat ebenfalls oberste Priorit\u00e4t.<\/li>\n<li>Wir verf\u00fcgen \u00fcber verschl\u00fcsselte Verbindungen und einen optimierten Verifizierungsprozess, der es Spielern erm\u00f6glicht, effizient Ein- und Auszahlungen vorzunehmen und ihre Cowboy Spin Konten zu verifizieren.<\/li>\n<\/ul>\n<p>Updates erfolgen automatisch im Hintergrund, sodass Nutzer keine neuen Funktionen oder Sicherheitsverbesserungen verpassen. Dank ihrer geringen Gr\u00f6\u00dfe l\u00e4uft die Cowboyspin Casino-App auf jedem iOS-Ger\u00e4t, selbst auf solchen mit begrenztem Speicherplatz.<\/p>\n<p><img loading=\"lazy\" decoding=\"async\" class=\"alignnone size-full wp-image-1933\" src=\"https:\/\/cowboyspincasino.org\/wp-content\/uploads\/2026\/03\/Cowboyspin-iOS-App.webp\" alt=\"Cowboyspin iOS App\" width=\"1248\" height=\"536\" srcset=\"https:\/\/cowboyspincasino.org\/wp-content\/uploads\/2026\/03\/Cowboyspin-iOS-App.webp 1248w, https:\/\/cowboyspincasino.org\/wp-content\/uploads\/2026\/03\/Cowboyspin-iOS-App-300x129.webp 300w, https:\/\/cowboyspincasino.org\/wp-content\/uploads\/2026\/03\/Cowboyspin-iOS-App-1024x440.webp 1024w, https:\/\/cowboyspincasino.org\/wp-content\/uploads\/2026\/03\/Cowboyspin-iOS-App-768x330.webp 768w\" sizes=\"auto, (max-width: 1248px) 100vw, 1248px\" \/><\/p>\n<\/div><\/div><div style=\"clear: both\"><\/div><div class=\"d-flex justify-content-center\"><button data-item=\"decouvrez_link\" data-group=\"website_links\" class=\"goto fw-bold rounded-pill btn btn-orange\" aria-label=\"Laden Sie die Cowboyspin-App herunter\" >Laden Sie die Cowboyspin-App herunter<\/button><\/div><div class=\"scrollable-content-wrap my-5\"><div class=\"scrollable-content-inner\"><h2>Cowboyspin Android App<\/h2>\n<p>Android-Nutzer k\u00f6nnen das Cowboyspin Casino ganz einfach erkunden, da wir auch eine PWA anbieten! Diese Art von App erfordert keine Installation der APK-Datei. Diese Strategie erh\u00f6ht die Sicherheit, indem sie App-Stores von Drittanbietern \u00fcberfl\u00fcssig macht und die Einrichtung vereinfacht.<\/p>\n<p>F\u00fcr die Installation der Android-App ist Folgendes erforderlich:<\/p>\n<ol>\n<li>\u00d6ffnen Sie die Seite von Cowboy Spin Casino und klicken Sie auf die Schaltfl\u00e4che \u201eCasino-App\u201c.<\/li>\n<li>Befolgen Sie ein paar einfache Anweisungen, um die App auf der Startseite hinzuzuf\u00fcgen (laden Sie die PWA).<\/li>\n<li>Speichern Sie die Verkn\u00fcpfung an einer beliebigen Stelle auf Ihrem Bildschirm. Sie k\u00f6nnen sie an einen beliebigen Ort auf dem Ger\u00e4t verschieben.<\/li>\n<\/ol>\n<p>Nach der Installation erm\u00f6glicht die Cowboyspin App einen schnellen Zugriff auf die gesamte Spielebibliothek, in der Online-Slots, Live-Casino und Bonusfunktionen zu finden sind. Wir bieten au\u00dferdem Echtzeit-Benachrichtigungen an, sodass Spieler Updates zu Aktionen, Turnieren und wichtigen Kontoaktivit\u00e4ten erhalten. Die App ist ressourcenschonend, verbraucht also wenig Datenvolumen und eignet sich hervorragend f\u00fcr mobiles Gaming.<\/p>\n<p><img loading=\"lazy\" decoding=\"async\" class=\"alignnone size-full wp-image-1925\" src=\"https:\/\/cowboyspincasino.org\/wp-content\/uploads\/2026\/03\/Cowboyspin-Android-App.webp\" alt=\"Cowboyspin Android App\" width=\"1248\" height=\"536\" srcset=\"https:\/\/cowboyspincasino.org\/wp-content\/uploads\/2026\/03\/Cowboyspin-Android-App.webp 1248w, https:\/\/cowboyspincasino.org\/wp-content\/uploads\/2026\/03\/Cowboyspin-Android-App-300x129.webp 300w, https:\/\/cowboyspincasino.org\/wp-content\/uploads\/2026\/03\/Cowboyspin-Android-App-1024x440.webp 1024w, https:\/\/cowboyspincasino.org\/wp-content\/uploads\/2026\/03\/Cowboyspin-Android-App-768x330.webp 768w\" sizes=\"auto, (max-width: 1248px) 100vw, 1248px\" \/><\/p>\n<\/div><\/div><div style=\"clear: both\"><\/div><div class=\"d-flex justify-content-center\"><button data-item=\"decouvrez_link\" data-group=\"website_links\" class=\"goto fw-bold rounded-pill btn btn-orange\" aria-label=\"Cowboyspin herunterladen\" >Cowboyspin herunterladen<\/button><\/div><div class=\"scrollable-content-wrap my-5\"><div class=\"scrollable-content-inner\"><h2>Windows- und Mac-Anwendungen<\/h2>\n<p>Die Cowboyspin Casino PWA ist f\u00fcr Desktop-Nutzer \u00e4u\u00dferst praktisch, da Sie Ihren Bildschirm an jede Gr\u00f6\u00dfe anpassen k\u00f6nnen. Sie funktioniert direkt im Browser und erfordert keine Installation aus App-Stores. Sie m\u00fcssen keine Software-Websites durchsuchen und riskieren nicht, Viren auf Ihren Computer zu bekommen.<\/p>\n<p>Unsere Cowboy Spin-App folgt den Prinzipien des adaptiven Responsive Designs, und ihr Layout sowie ihre Aufl\u00f6sung passen sich automatisch an Smartphones, Tablets und Desktops an.<\/p>\n<p>Diese Web-App verf\u00fcgt \u00fcber automatische Hintergrund-Updates, was bedeutet, dass Cowboyspin Casino-Spieler immer die neueste Version nutzen, ohne sie manuell aktualisieren zu m\u00fcssen. Sie nutzt kontrollierte Caching-Mechanismen, die ein schnelles Laden und einen reduzierten Datenverbrauch erm\u00f6glichen. Die meisten Funktionen, wie das Durchsuchen von Spielmen\u00fcs und Kontoeinstellungen, sind jederzeit verf\u00fcgbar!<\/p>\n<p><img loading=\"lazy\" decoding=\"async\" class=\"alignnone size-full wp-image-1941\" src=\"https:\/\/cowboyspincasino.org\/wp-content\/uploads\/2026\/03\/Cowboyspin-Desktop.webp\" alt=\"Cowboyspin Desktop\" width=\"1248\" height=\"536\" srcset=\"https:\/\/cowboyspincasino.org\/wp-content\/uploads\/2026\/03\/Cowboyspin-Desktop.webp 1248w, https:\/\/cowboyspincasino.org\/wp-content\/uploads\/2026\/03\/Cowboyspin-Desktop-300x129.webp 300w, https:\/\/cowboyspincasino.org\/wp-content\/uploads\/2026\/03\/Cowboyspin-Desktop-1024x440.webp 1024w, https:\/\/cowboyspincasino.org\/wp-content\/uploads\/2026\/03\/Cowboyspin-Desktop-768x330.webp 768w\" sizes=\"auto, (max-width: 1248px) 100vw, 1248px\" \/><\/p>\n<\/div><\/div><div style=\"clear: both\"><\/div><div class=\"d-flex justify-content-center\"><button data-item=\"decouvrez_link\" data-group=\"website_links\" class=\"goto fw-bold rounded-pill btn btn-orange\" aria-label=\"Laden Sie die Cowboyspin-App herunter\" >Laden Sie die Cowboyspin-App herunter<\/button><\/div><div class=\"scrollable-content-wrap my-5\"><div class=\"scrollable-content-inner\"><h2>App-Sicherheit und Vorteile<\/h2>\n<p>Die Cowboyspin-PWA nutzt TLS-Verschl\u00fcsselung, sodass Sie sich keine Sorgen um die Sicherheit machen m\u00fcssen. Sie ist schnell, vertrauensw\u00fcrdig und sicher zu spielen und bietet die Benutzerfreundlichkeit eines Webbrowsers sowie die Funktionalit\u00e4t einer speziellen Anwendung.<\/p>\n<table>\n<tbody>\n<tr>\n<td>Technische Komponenten<\/td>\n<td>Details<\/td>\n<td>Warum ist das gut f\u00fcr Sie?<\/td>\n<\/tr>\n<tr>\n<td>Leicht<\/td>\n<td>Um unn\u00f6tige Hintergrundprozesse zu reduzieren, werden Assets komprimiert und Skripte optimiert.<\/td>\n<td>Schnellere Ladezeiten und minimaler Datenverbrauch \u2013 der Akku bleibt geschont!<\/td>\n<\/tr>\n<tr>\n<td>Responsives Design<\/td>\n<td>Das Layout passt sich automatisch an verschiedene Bildschirmgr\u00f6\u00dfen und Ausrichtungen an.<\/td>\n<td>Einheitliche Benutzerfreundlichkeit auf Smartphones, Tablets und Desktops.<\/td>\n<\/tr>\n<tr>\n<td>Automatische Updates<\/td>\n<td>Updates werden automatisch bereitgestellt, wenn die App oder Webseite neu geladen wird.<\/td>\n<td>Sie nutzen immer die neueste Version mit Sicherheitsverbesserungen.<\/td>\n<\/tr>\n<tr>\n<td>Sicheres Cloud-basiertes Hosting<\/td>\n<td>Hosting auf leistungsstarken Servern mit Lastenausgleich.<\/td>\n<td>Zuverl\u00e4ssige, stabile Leistung auch bei hohem Datenverkehr<\/td>\n<\/tr>\n<tr>\n<td>Optimiertes Caching-System<\/td>\n<td>H\u00e4ufig verwendete Elemente werden lokal auf dem Ger\u00e4t gespeichert.<\/td>\n<td>Schnellere Seitenwechsel, keine Verz\u00f6gerungen.<\/td>\n<\/tr>\n<\/tbody>\n<\/table>\n<h2>FAQ<\/h2>\n<h3>Ist die Erstellung eines Kontos erforderlich, um die Cowboy Spin App zu nutzen?<\/h3>\n<p>Ja, um alle Funktionen der Cowboyspin App nutzen zu k\u00f6nnen, m\u00fcssen Sie ein Konto er\u00f6ffnen. Wir sind sicher, dass Sie den vollen Funktionsumfang unseres mobilen Casinos nutzen m\u00f6chten. Daher ist die Registrierung sehr wichtig \u2013 mit nur wenigen Klicks ist Ihr Cowboyspin-Casino-Konto eingerichtet und einsatzbereit.<\/p>\n<h3>Bietet die Cowboyspin Casino App Kundensupport an?<\/h3>\n<p>Die Cowboyspin App verf\u00fcgt ebenso wie unsere Vollversion \u00fcber einen Live-Chat. So kannst du dich ganz einfach an den Kundendienst wenden und Fragen stellen oder Probleme in Echtzeit l\u00f6sen. Der Kundendienst steht dir au\u00dferdem zu bestimmten Zeiten zur Verf\u00fcgung, um dir bei Fragen zur Technik oder zu deinem Konto zu helfen.<\/p>\n<h3>Was soll ich tun, wenn die App abst\u00fcrzt oder einfriert?<\/h3>\n<p>Sollte die Cowboyspin Casino-App abst\u00fcrzen oder nicht mehr reagieren, sollten Sie zun\u00e4chst versuchen, die App neu zu starten und den Cache zu leeren. Wenn das nicht hilft, aktualisieren Sie am besten die App oder den Browser auf die neueste Version, um die Stabilit\u00e4t zu verbessern. Sollten Sie weiterhin Probleme haben, kontaktieren Sie uns bitte \u00fcber den Live-Chat auf der Kontaktseite.<\/p>\n<\/div><\/div><\/p>\n","protected":false},"excerpt":{"rendered":"<p>Cowboy Spin Casino auf Mobilger\u00e4ten Die Cowboyspin App legt gr\u00f6\u00dften Wert darauf, allen Spielern einen robusten, sicheren und fantastischen mobilen Komfort zu bieten. Sie k\u00f6nnen \u00fcberall Online-Slots, Tischspiele und Live-Casino spielen. Die App verf\u00fcgt \u00fcber modernste und ausgefeilte Technologie, um Ihr Spielerlebnis reibungslos und elegant zu gestalten. Wir bieten Ihnen Geschwindigkeit, Sicherheit und einfache Navigation. [&hellip;]<\/p>\n","protected":false},"author":1,"featured_media":0,"parent":0,"menu_order":0,"comment_status":"closed","ping_status":"closed","template":"template-builder.php","meta":{"_acf_changed":false,"inline_featured_image":false,"footnotes":""},"class_list":["post-1442","page","type-page","status-publish","hentry"],"acf":[],"yoast_head":"<!-- This site is optimized with the Yoast SEO plugin v27.3 - https:\/\/yoast.com\/product\/yoast-seo-wordpress\/ -->\n<title>Cowboyspin App herunterladen | iOS &amp; Android<\/title>\n<meta name=\"description\" content=\"Die Cowboyspin-App sorgt f\u00fcr einwandfreies Gaming auf Android-, iOS-, Windows- und macOS-Plattformen, komplett mit Kontosynchronisierung, regelm\u00e4\u00dfigen Updates und integrierter Kundenbetreuung f\u00fcr eine einfache Nutzung.\" \/>\n<meta name=\"robots\" content=\"index, follow, max-snippet:-1, max-image-preview:large, max-video-preview:-1\" \/>\n<link rel=\"canonical\" href=\"https:\/\/cowboyspincasino.org\/de\/app\/\" \/>\n<meta property=\"og:locale\" content=\"de_DE\" \/>\n<meta property=\"og:type\" content=\"article\" \/>\n<meta property=\"og:title\" content=\"Cowboyspin App herunterladen | iOS &amp; Android\" \/>\n<meta property=\"og:description\" content=\"Die Cowboyspin-App sorgt f\u00fcr einwandfreies Gaming auf Android-, iOS-, Windows- und macOS-Plattformen, komplett mit Kontosynchronisierung, regelm\u00e4\u00dfigen Updates und integrierter Kundenbetreuung f\u00fcr eine einfache Nutzung.\" \/>\n<meta property=\"og:url\" content=\"https:\/\/cowboyspincasino.org\/de\/app\/\" \/>\n<meta property=\"og:site_name\" content=\"cowboyspin\" \/>\n<meta property=\"article:modified_time\" content=\"2026-03-23T11:32:23+00:00\" \/>\n<meta name=\"twitter:card\" content=\"summary_large_image\" \/>\n<meta name=\"twitter:label1\" content=\"Gesch\u00e4tzte Lesezeit\" \/>\n\t<meta name=\"twitter:data1\" content=\"2\u00a0Minuten\" \/>\n<script type=\"application\/ld+json\" class=\"yoast-schema-graph\">{\"@context\":\"https:\\\/\\\/schema.org\",\"@graph\":[{\"@type\":\"WebPage\",\"@id\":\"https:\\\/\\\/cowboyspincasino.org\\\/de\\\/app\\\/\",\"url\":\"https:\\\/\\\/cowboyspincasino.org\\\/de\\\/app\\\/\",\"name\":\"Cowboyspin App herunterladen | iOS & Android\",\"isPartOf\":{\"@id\":\"https:\\\/\\\/cowboyspincasino.org\\\/de\\\/#website\"},\"datePublished\":\"2026-01-20T12:08:23+00:00\",\"dateModified\":\"2026-03-23T11:32:23+00:00\",\"description\":\"Die Cowboyspin-App sorgt f\u00fcr einwandfreies Gaming auf Android-, iOS-, Windows- und macOS-Plattformen, komplett mit Kontosynchronisierung, regelm\u00e4\u00dfigen Updates und integrierter Kundenbetreuung f\u00fcr eine einfache Nutzung.\",\"breadcrumb\":{\"@id\":\"https:\\\/\\\/cowboyspincasino.org\\\/de\\\/app\\\/#breadcrumb\"},\"inLanguage\":\"de\",\"potentialAction\":[{\"@type\":\"ReadAction\",\"target\":[\"https:\\\/\\\/cowboyspincasino.org\\\/de\\\/app\\\/\"]}]},{\"@type\":\"BreadcrumbList\",\"@id\":\"https:\\\/\\\/cowboyspincasino.org\\\/de\\\/app\\\/#breadcrumb\",\"itemListElement\":[{\"@type\":\"ListItem\",\"position\":1,\"name\":\"Cowboyspin\",\"item\":\"https:\\\/\\\/cowboyspincasino.org\\\/de\\\/\"},{\"@type\":\"ListItem\",\"position\":2,\"name\":\"App\"}]},{\"@type\":\"WebSite\",\"@id\":\"https:\\\/\\\/cowboyspincasino.org\\\/de\\\/#website\",\"url\":\"https:\\\/\\\/cowboyspincasino.org\\\/de\\\/\",\"name\":\"Cowboyspin\",\"description\":\"\",\"publisher\":{\"@id\":\"https:\\\/\\\/cowboyspincasino.org\\\/de\\\/#organization\"},\"potentialAction\":[{\"@type\":\"SearchAction\",\"target\":{\"@type\":\"EntryPoint\",\"urlTemplate\":\"https:\\\/\\\/cowboyspincasino.org\\\/de\\\/?s={search_term_string}\"},\"query-input\":{\"@type\":\"PropertyValueSpecification\",\"valueRequired\":true,\"valueName\":\"search_term_string\"}}],\"inLanguage\":\"de\"},{\"@type\":\"Organization\",\"@id\":\"https:\\\/\\\/cowboyspincasino.org\\\/de\\\/#organization\",\"name\":\"Cowboyspin\",\"url\":\"https:\\\/\\\/cowboyspincasino.org\\\/de\\\/\",\"logo\":{\"@type\":\"ImageObject\",\"inLanguage\":\"de\",\"@id\":\"https:\\\/\\\/cowboyspincasino.org\\\/de\\\/#\\\/schema\\\/logo\\\/image\\\/\",\"url\":\"https:\\\/\\\/cowboyspincasino.org\\\/wp-content\\\/uploads\\\/2026\\\/03\\\/cowboyspin-logo.png\",\"contentUrl\":\"https:\\\/\\\/cowboyspincasino.org\\\/wp-content\\\/uploads\\\/2026\\\/03\\\/cowboyspin-logo.png\",\"width\":180,\"height\":66,\"caption\":\"Cowboyspin\"},\"image\":{\"@id\":\"https:\\\/\\\/cowboyspincasino.org\\\/de\\\/#\\\/schema\\\/logo\\\/image\\\/\"}}]}<\/script>\n<!-- \/ Yoast SEO plugin. -->","yoast_head_json":{"title":"Cowboyspin App herunterladen | iOS & Android","description":"Die Cowboyspin-App sorgt f\u00fcr einwandfreies Gaming auf Android-, iOS-, Windows- und macOS-Plattformen, komplett mit Kontosynchronisierung, regelm\u00e4\u00dfigen Updates und integrierter Kundenbetreuung f\u00fcr eine einfache Nutzung.","robots":{"index":"index","follow":"follow","max-snippet":"max-snippet:-1","max-image-preview":"max-image-preview:large","max-video-preview":"max-video-preview:-1"},"canonical":"https:\/\/cowboyspincasino.org\/de\/app\/","og_locale":"de_DE","og_type":"article","og_title":"Cowboyspin App herunterladen | iOS & Android","og_description":"Die Cowboyspin-App sorgt f\u00fcr einwandfreies Gaming auf Android-, iOS-, Windows- und macOS-Plattformen, komplett mit Kontosynchronisierung, regelm\u00e4\u00dfigen Updates und integrierter Kundenbetreuung f\u00fcr eine einfache Nutzung.","og_url":"https:\/\/cowboyspincasino.org\/de\/app\/","og_site_name":"cowboyspin","article_modified_time":"2026-03-23T11:32:23+00:00","twitter_card":"summary_large_image","twitter_misc":{"Gesch\u00e4tzte Lesezeit":"2\u00a0Minuten"},"schema":{"@context":"https:\/\/schema.org","@graph":[{"@type":"WebPage","@id":"https:\/\/cowboyspincasino.org\/de\/app\/","url":"https:\/\/cowboyspincasino.org\/de\/app\/","name":"Cowboyspin App herunterladen | iOS & Android","isPartOf":{"@id":"https:\/\/cowboyspincasino.org\/de\/#website"},"datePublished":"2026-01-20T12:08:23+00:00","dateModified":"2026-03-23T11:32:23+00:00","description":"Die Cowboyspin-App sorgt f\u00fcr einwandfreies Gaming auf Android-, iOS-, Windows- und macOS-Plattformen, komplett mit Kontosynchronisierung, regelm\u00e4\u00dfigen Updates und integrierter Kundenbetreuung f\u00fcr eine einfache Nutzung.","breadcrumb":{"@id":"https:\/\/cowboyspincasino.org\/de\/app\/#breadcrumb"},"inLanguage":"de","potentialAction":[{"@type":"ReadAction","target":["https:\/\/cowboyspincasino.org\/de\/app\/"]}]},{"@type":"BreadcrumbList","@id":"https:\/\/cowboyspincasino.org\/de\/app\/#breadcrumb","itemListElement":[{"@type":"ListItem","position":1,"name":"Cowboyspin","item":"https:\/\/cowboyspincasino.org\/de\/"},{"@type":"ListItem","position":2,"name":"App"}]},{"@type":"WebSite","@id":"https:\/\/cowboyspincasino.org\/de\/#website","url":"https:\/\/cowboyspincasino.org\/de\/","name":"Cowboyspin","description":"","publisher":{"@id":"https:\/\/cowboyspincasino.org\/de\/#organization"},"potentialAction":[{"@type":"SearchAction","target":{"@type":"EntryPoint","urlTemplate":"https:\/\/cowboyspincasino.org\/de\/?s={search_term_string}"},"query-input":{"@type":"PropertyValueSpecification","valueRequired":true,"valueName":"search_term_string"}}],"inLanguage":"de"},{"@type":"Organization","@id":"https:\/\/cowboyspincasino.org\/de\/#organization","name":"Cowboyspin","url":"https:\/\/cowboyspincasino.org\/de\/","logo":{"@type":"ImageObject","inLanguage":"de","@id":"https:\/\/cowboyspincasino.org\/de\/#\/schema\/logo\/image\/","url":"https:\/\/cowboyspincasino.org\/wp-content\/uploads\/2026\/03\/cowboyspin-logo.png","contentUrl":"https:\/\/cowboyspincasino.org\/wp-content\/uploads\/2026\/03\/cowboyspin-logo.png","width":180,"height":66,"caption":"Cowboyspin"},"image":{"@id":"https:\/\/cowboyspincasino.org\/de\/#\/schema\/logo\/image\/"}}]}},"_links":{"self":[{"href":"https:\/\/cowboyspincasino.org\/de\/wp-json\/wp\/v2\/pages\/1442","targetHints":{"allow":["GET"]}}],"collection":[{"href":"https:\/\/cowboyspincasino.org\/de\/wp-json\/wp\/v2\/pages"}],"about":[{"href":"https:\/\/cowboyspincasino.org\/de\/wp-json\/wp\/v2\/types\/page"}],"author":[{"embeddable":true,"href":"https:\/\/cowboyspincasino.org\/de\/wp-json\/wp\/v2\/users\/1"}],"replies":[{"embeddable":true,"href":"https:\/\/cowboyspincasino.org\/de\/wp-json\/wp\/v2\/comments?post=1442"}],"version-history":[{"count":3,"href":"https:\/\/cowboyspincasino.org\/de\/wp-json\/wp\/v2\/pages\/1442\/revisions"}],"predecessor-version":[{"id":2045,"href":"https:\/\/cowboyspincasino.org\/de\/wp-json\/wp\/v2\/pages\/1442\/revisions\/2045"}],"wp:attachment":[{"href":"https:\/\/cowboyspincasino.org\/de\/wp-json\/wp\/v2\/media?parent=1442"}],"curies":[{"name":"wp","href":"https:\/\/api.w.org\/{rel}","templated":true}]}}