{"id":1483,"date":"2026-01-20T12:11:11","date_gmt":"2026-01-20T12:11:11","guid":{"rendered":"https:\/\/bonuskongcasino.com\/login-and-registration\/"},"modified":"2026-03-23T11:33:36","modified_gmt":"2026-03-23T11:33:36","slug":"anmeldung-und-registrierung","status":"publish","type":"page","link":"https:\/\/cowboyspincasino.org\/de\/anmeldung-und-registrierung\/","title":{"rendered":"Anmeldung und Registrierung"},"content":{"rendered":"<h1>Cowboyspin Anmeldung, Registrierung und Kontoverwaltung<\/h1>\n<p>Der Cowboyspin Login ist einer der wichtigsten Schritte, wenn Spieler alle M\u00f6glichkeiten nutzen m\u00f6chten, die unsere aktive Plattform bietet. Nach der Registrierung k\u00f6nnen Nutzer problemlos Spiele spielen, ihre Konten verwalten und eine sichere Umgebung genie\u00dfen, die durch hochwertige Sicherheitssysteme gesch\u00fctzt ist. Unsere einfache Anmeldung ist eine vertrauliche und effiziente M\u00f6glichkeit, auf alle Funktionen und Werbeaktionen des Cowboyspin Casinos zuzugreifen, was das Online-Spielerlebnis entspannt und unvergesslich macht.<\/p>\n<p><div class=\"banner-wrap\" aria-label=\"Banner\"><img src=\"https:\/\/cowboyspincasino.org\/wp-content\/uploads\/2026\/03\/banner-desktop2x.webp\" class=\"w-100 d-none d-lg-block img-pc main-banner-img\" alt=\"Cowboyspin bonus desktop\" fetchpriority=\"high\" decoding=\"async\"><img src=\"https:\/\/cowboyspincasino.org\/wp-content\/uploads\/2026\/03\/banner-mobile2x.webp\" class=\"w-100 d-none d-md-block d-lg-none main-banner-img\" alt=\"Cowboyspin bonus mobile\" fetchpriority=\"high\" decoding=\"async\"><img src=\"https:\/\/cowboyspincasino.org\/wp-content\/uploads\/2026\/03\/banner-mobile2x.webp\" class=\"w-100 d-md-none\" alt=\"Cowboyspin bonus mobile\" fetchpriority=\"high\" decoding=\"async\"><div class=\"banner-description\">\n<div class=\"banner-title\">Willkommensboni<\/div>\n<p class=\"banner-header-title\">1500 \u20ac<\/p>\n<div class=\"banner-header-AdditionalText\">+ 250 Freispiele<\/div>\n<button data-item=\"homepage_banner_link\" class=\"goto m-button m-gradient-border m-button--primary m-button--large banner-button btn-orange\">\n            <div class=\"m-button-content\">\n                <span>Jetzt anmelden<\/span>\n                <span><\/span>\n            <\/div>\n        <\/button>\n<\/div>\n<div class=\"WelcomePack\">\n<p><img loading=\"lazy\" decoding=\"async\" class=\"alignnone size-full wp-image-1853\" src=\"https:\/\/cowboyspincasino.org\/wp-content\/uploads\/2026\/03\/welcome-crown.png\" alt=\"welcome crown\" width=\"25\" height=\"26\" \/><\/p>\n<div class=\"WelcomePack-Info\">W\u00f6chentlicher Cashback von bis zu 25 %<\/div>\n<p><img loading=\"lazy\" decoding=\"async\" class=\"alignnone size-full wp-image-1853\" src=\"https:\/\/cowboyspincasino.org\/wp-content\/uploads\/2026\/03\/welcome-crown.png\" alt=\"welcome crown\" width=\"25\" height=\"26\" \/><\/p>\n<\/div>\n<\/div><div class=\"scrollable-content-wrap my-5\"><div class=\"scrollable-content-inner\"><h2>Cowboyspin Casino Registrierung f\u00fcr neue Nutzer<\/h2>\n<p>Die Cowboyspin Registrierung er\u00f6ffnet den Zugang zur gesamten Plattform und gew\u00e4hrt Zugriff auf eine gro\u00dfe Auswahl an Spielen, exklusive Boni sowie M\u00f6glichkeiten zur Ein- und Auszahlung von Geld. Mit einem ordnungsgem\u00e4\u00dfen Konto k\u00f6nnen Sie an Echtgeldspielen teilnehmen, Werbeangebote einl\u00f6sen und individuelle Funktionen zur Kontoverwaltung nutzen. Der Registrierungsprozess wurde so gestaltet, dass der Einstieg einfach ist.<\/p>\n<h3>Erstellen Sie Ihr Konto<\/h3>\n<p>Sie haben sich f\u00fcr die Registrierung entschieden. Eine tolle Nachricht f\u00fcr das Cowboy Spin Casino, Sie bei uns zu haben!<\/p>\n<ol>\n<li>Suchen Sie den \u201eRegistrieren\u201c-Button, der sich in der oberen rechten Ecke der Startseite befindet.<\/li>\n<li>Geben Sie Ihre g\u00fcltige E-Mail-Adresse und ein sicheres Passwort ein. Das Passwort sollte den Sicherheitsanforderungen der Plattform entsprechen, also bitte keine einfachen Namen oder r\u00fcckw\u00e4rts geschriebene W\u00f6rter.<\/li>\n<li>Akzeptieren Sie die Allgemeinen Gesch\u00e4ftsbedingungen, best\u00e4tigen Sie die Alters\u00fcberpr\u00fcfung und lesen Sie unsere Richtlinien zum verantwortungsvollen Spielen durch. Wenn Sie noch minderj\u00e4hrig sind, k\u00f6nnen Sie sich nicht anmelden.<\/li>\n<li>Sie m\u00fcssen das CAPTCHA ausf\u00fcllen, um zu best\u00e4tigen, dass Sie kein Bot sind.<\/li>\n<li>Schlie\u00dfe den Vorgang ab und warte auf unsere E-Mail.<\/li>\n<li>Befolge die Anweisungen in der E-Mail und schlie\u00dfe die Registrierung bei Cowboy Spin Casino ab.<\/li>\n<\/ol>\n<p>Durch Klicken auf den Link in dieser E-Mail k\u00f6nnen Sie Ihr Konto vollst\u00e4ndig aktivieren und sofort Zugriff auf die Plattform erhalten. Es ist ratsam, Ihre E-Mails umgehend zu \u00fcberpr\u00fcfen, damit es nicht zu Verz\u00f6gerungen bei der Nutzung Ihres Cowboy Spin-Kontos kommt.<\/p>\n<p><img loading=\"lazy\" decoding=\"async\" class=\"alignnone size-full wp-image-1949\" src=\"https:\/\/cowboyspincasino.org\/wp-content\/uploads\/2026\/03\/Cowboyspin.webp\" alt=\"Cowboyspin login\" width=\"1248\" height=\"536\" srcset=\"https:\/\/cowboyspincasino.org\/wp-content\/uploads\/2026\/03\/Cowboyspin.webp 1248w, https:\/\/cowboyspincasino.org\/wp-content\/uploads\/2026\/03\/Cowboyspin-300x129.webp 300w, https:\/\/cowboyspincasino.org\/wp-content\/uploads\/2026\/03\/Cowboyspin-1024x440.webp 1024w, https:\/\/cowboyspincasino.org\/wp-content\/uploads\/2026\/03\/Cowboyspin-768x330.webp 768w\" sizes=\"auto, (max-width: 1248px) 100vw, 1248px\" \/><\/p>\n<h2>Verwaltung eines Cowboyspin Kontos<\/h2>\n<p>Die Anmeldung bei Cowboyspin ist standardm\u00e4\u00dfig die einfachste Funktion in unserem Casino, denn der Start des \u201eRodeos\u201c sollte immer reibungslos verlaufen.<\/p>\n<p>Er\u00f6ffnen Sie Ihr Konto \u00fcber das Cowboyspin-Anmeldeportal, indem Sie Ihre registrierte E-Mail-Adresse sowie Ihr Passwort eingeben. Wenn Sie die Zwei-Faktor-Authentifizierung aktiviert haben, bitten wir Sie, den zus\u00e4tzlichen Authentifizierungsschritt per SMS oder \u00fcber eine Authentifizierungs-App durchzuf\u00fchren.<\/p>\n<p>In Ihrem Konto-Dashboard k\u00f6nnen Sie:<\/p>\n<ul>\n<li>Einzahlungen \u00fcber verschiedene Zahlungsoptionen vornehmen.<\/li>\n<li>Ihre Cowboy Spin Gewinne auszahlen lassen.<\/li>\n<li>Deinen Transaktionsverlauf und deinen Kontostand einsehen.<\/li>\n<li>Sicherheitseinstellungen wie die Zwei-Faktor-Authentifizierung (2FA) aktivieren oder deaktivieren.<\/li>\n<li>Ihre Cowboy Spin Profilinformationen, einschlie\u00dflich der E-Mail-Adresse, bearbeiten und Einstellungen festlegen.<\/li>\n<li>Erhalten Sie regelm\u00e4\u00dfig Werbeaktionen und Boni.<\/li>\n<li>Kontaktieren Sie den Kundenservice \u00fcber den integrierten Live Chat.<\/li>\n<\/ul>\n<p>Ein sicherer und personalisierter Spielablauf erwartet Sie! Genie\u00dfen Sie die gute Kontoverwaltung. Es ist ratsam, Ihre Kontaktdaten regelm\u00e4\u00dfig zu aktualisieren und Ihre Sicherheitseinstellungen aktiviert zu lassen, um maximalen Schutz zu gew\u00e4hrleisten.<\/p>\n<h3>Wenn Sie Ihre Zugangsdaten vergessen haben<\/h3>\n<p>Wenn Sie sich nicht mehr an Ihr Passwort erinnern k\u00f6nnen, gibt es einfache Schritte, um das Problem zu beheben und Ihre Zugangsdaten wiederherzustellen.<\/p>\n<table>\n<tbody>\n<tr>\n<td>Vorgehensweise<\/td>\n<td>Beschreibung<\/td>\n<\/tr>\n<tr>\n<td>Klicken Sie auf \u201ePasswort vergessen?\u201c<\/td>\n<td>Suchen Sie die Funktion auf der Cowboyspin-Anmeldeseite und w\u00e4hlen Sie sie aus.<\/td>\n<\/tr>\n<tr>\n<td>Geben Sie Ihre registrierte E-Mail-Adresse ein<\/td>\n<td>Geben Sie die E-Mail-Adresse ein, die mit Ihrem Cowboyspin-Konto verkn\u00fcpft ist.<\/td>\n<\/tr>\n<tr>\n<td>Link zum Zur\u00fccksetzen erhalten<\/td>\n<td>\u00dcberpr\u00fcfen Sie Ihren E-Mail-Posteingang (und den Spam-Ordner) auf die E-Mail zum Zur\u00fccksetzen des Passworts.<\/td>\n<\/tr>\n<tr>\n<td>Passwort zur\u00fccksetzen<\/td>\n<td>Klicken Sie auf den Link in der E-Mail und folgen Sie den Anweisungen, um ein neues Passwort zu erstellen.<\/td>\n<\/tr>\n<tr>\n<td>Mit neuen Zugangsdaten anmelden<\/td>\n<td>Kehren Sie zur Anmeldeseite zur\u00fcck und melden Sie sich mit dem neuen Passwort bei Ihrem Konto an.<\/td>\n<\/tr>\n<tr>\n<td>Support-Team (falls erforderlich)<\/td>\n<td>Wenden Sie sich per Live-Chat an den Support, um weitere Hilfe zu erhalten, falls Probleme weiterhin bestehen.<\/td>\n<\/tr>\n<\/tbody>\n<\/table>\n<h2>Konto\u00fcberpr\u00fcfung und Sicherheitsma\u00dfnahmen bei Cowboyspin Casino<\/h2>\n<p>Wir bei Cowboy Spin Casino legen gro\u00dfen Wert auf die Durchf\u00fchrung des KYC-Verfahrens. Es handelt sich um einen einfachen Verifizierungsprozess, der uns dabei hilft, unsere Spieler zu identifizieren und die allgemeine Sicherheit unserer Plattform zu erh\u00f6hen. Sie m\u00fcssen uns lediglich einen g\u00fcltigen Ausweis und einen Adressnachweis zusenden. Nach der Pr\u00fcfung und Freigabe durch uns, die nicht l\u00e4nger als 48 Stunden dauert, k\u00f6nnen Sie sich ganz einfach bei Cowboy Spin anmelden und alle Funktionen Ihres Benutzerbereichs sowie die finanziellen M\u00f6glichkeiten nutzen.<\/p>\n<p>Aber abgesehen von KYC setzen wir viele weitere Sicherheitsl\u00f6sungen ein. Cowboyspin Casino verf\u00fcgt \u00fcber eine Reihe von Sicherheitsstufen, wie beispielsweise Zwei-Faktor-Authentifizierung und die Verwendung von TLS-Verschl\u00fcsselung, Anti-Betrugs-Software sowie zahlreiche Systeme zur L\u00f6schung von Bots und Betrugsversuchen, um Sie und Ihr Geld zu sch\u00fctzen. Bei Cowboyspin Casino sind Sie sicher.<\/p>\n<h2>FAQ<\/h2>\n<h3>Verfallen Freispiele?<\/h3>\n<p>Ja, Freispiele bei Cowboyspin Casino haben ein Ablaufdatum, das von der Art der Aktion abh\u00e4ngt. In den Allgemeinen Gesch\u00e4ftsbedingungen jedes Bonus ist dies immer detailliert aufgef\u00fchrt, aber vorerst reicht es, wenn Sie sich merken, dass Willkommens-Freispiele innerhalb der ersten 3 Tage verfallen \u2013 nutzen Sie sie also gut.<\/p>\n<h3>Wie aktualisiere ich mein Passwort oder meine E-Mail-Adresse?<\/h3>\n<p>Um Ihr Passwort zu \u00e4ndern, melden Sie sich zun\u00e4chst bei Cowboyspin an, gehen Sie dann zu den Sicherheitseinstellungen und w\u00e4hlen Sie entweder die Option \u201ePasswort \u00e4ndern\u201c oder geben Sie Ihr aktuelles Passwort ein. Falls Sie bei den Einstellungen unsicher sind, k\u00f6nnen Sie sich auch einfach an den Support wenden.<\/p>\n<h3>Was soll ich tun, wenn mein Konto gesperrt ist?<\/h3>\n<p>Eine Sperrung des Kontos bei Cowboyspin Casino erfolgt normalerweise, wenn unser Anti-Betrugs-System verd\u00e4chtige Aktivit\u00e4ten auf Ihrem Konto feststellt. Wir sperren dann sofort alles. Manchmal liegt es jedoch daran, dass Sie zu oft versuchen, sich bei Cowboyspin anzumelden, und wir sperren das Konto vor\u00fcbergehend, bis Sie uns kontaktieren. Wenden Sie sich an unser mehrsprachiges Support-Team, um Ihre Identit\u00e4t zu best\u00e4tigen und das Problem zu l\u00f6sen. Das geht sehr schnell und einfach.<\/p>\n<\/div><\/div><\/p>\n","protected":false},"excerpt":{"rendered":"<p>Cowboyspin Anmeldung, Registrierung und Kontoverwaltung Der Cowboyspin Login ist einer der wichtigsten Schritte, wenn Spieler alle M\u00f6glichkeiten nutzen m\u00f6chten, die unsere aktive Plattform bietet. Nach der Registrierung k\u00f6nnen Nutzer problemlos Spiele spielen, ihre Konten verwalten und eine sichere Umgebung genie\u00dfen, die durch hochwertige Sicherheitssysteme gesch\u00fctzt ist. Unsere einfache Anmeldung ist eine vertrauliche und effiziente M\u00f6glichkeit, [&hellip;]<\/p>\n","protected":false},"author":1,"featured_media":0,"parent":0,"menu_order":0,"comment_status":"closed","ping_status":"closed","template":"template-builder.php","meta":{"_acf_changed":false,"inline_featured_image":false,"footnotes":""},"class_list":["post-1483","page","type-page","status-publish","hentry"],"acf":[],"yoast_head":"<!-- This site is optimized with the Yoast SEO plugin v27.3 - https:\/\/yoast.com\/product\/yoast-seo-wordpress\/ -->\n<title>Cowboyspin-Login \u2013 Registrieren und Konto verwalten<\/title>\n<meta name=\"description\" content=\"Erstellen, verwalten und \u00fcberpr\u00fcfen Sie Ihr Cowboyspin Casino-Konto ganz einfach mit schneller Registrierung, nahtloser Kontowiederherstellung und sicherer Kontoschlie\u00dfung, die Ihnen rund um die Uhr Schutz durch Cowboyspin Login gew\u00e4hrleistet.\" \/>\n<meta name=\"robots\" content=\"index, follow, max-snippet:-1, max-image-preview:large, max-video-preview:-1\" \/>\n<link rel=\"canonical\" href=\"https:\/\/cowboyspincasino.org\/de\/anmeldung-und-registrierung\/\" \/>\n<meta property=\"og:locale\" content=\"de_DE\" \/>\n<meta property=\"og:type\" content=\"article\" \/>\n<meta property=\"og:title\" content=\"Cowboyspin-Login \u2013 Registrieren und Konto verwalten\" \/>\n<meta property=\"og:description\" content=\"Erstellen, verwalten und \u00fcberpr\u00fcfen Sie Ihr Cowboyspin Casino-Konto ganz einfach mit schneller Registrierung, nahtloser Kontowiederherstellung und sicherer Kontoschlie\u00dfung, die Ihnen rund um die Uhr Schutz durch Cowboyspin Login gew\u00e4hrleistet.\" \/>\n<meta property=\"og:url\" content=\"https:\/\/cowboyspincasino.org\/de\/anmeldung-und-registrierung\/\" \/>\n<meta property=\"og:site_name\" content=\"cowboyspin\" \/>\n<meta property=\"article:modified_time\" content=\"2026-03-23T11:33:36+00:00\" \/>\n<meta name=\"twitter:card\" content=\"summary_large_image\" \/>\n<meta name=\"twitter:label1\" content=\"Gesch\u00e4tzte Lesezeit\" \/>\n\t<meta name=\"twitter:data1\" content=\"1\u00a0Minute\" \/>\n<script type=\"application\/ld+json\" class=\"yoast-schema-graph\">{\"@context\":\"https:\\\/\\\/schema.org\",\"@graph\":[{\"@type\":\"WebPage\",\"@id\":\"https:\\\/\\\/cowboyspincasino.org\\\/de\\\/anmeldung-und-registrierung\\\/\",\"url\":\"https:\\\/\\\/cowboyspincasino.org\\\/de\\\/anmeldung-und-registrierung\\\/\",\"name\":\"Cowboyspin-Login \u2013 Registrieren und Konto verwalten\",\"isPartOf\":{\"@id\":\"https:\\\/\\\/cowboyspincasino.org\\\/de\\\/#website\"},\"datePublished\":\"2026-01-20T12:11:11+00:00\",\"dateModified\":\"2026-03-23T11:33:36+00:00\",\"description\":\"Erstellen, verwalten und \u00fcberpr\u00fcfen Sie Ihr Cowboyspin Casino-Konto ganz einfach mit schneller Registrierung, nahtloser Kontowiederherstellung und sicherer Kontoschlie\u00dfung, die Ihnen rund um die Uhr Schutz durch Cowboyspin Login gew\u00e4hrleistet.\",\"breadcrumb\":{\"@id\":\"https:\\\/\\\/cowboyspincasino.org\\\/de\\\/anmeldung-und-registrierung\\\/#breadcrumb\"},\"inLanguage\":\"de\",\"potentialAction\":[{\"@type\":\"ReadAction\",\"target\":[\"https:\\\/\\\/cowboyspincasino.org\\\/de\\\/anmeldung-und-registrierung\\\/\"]}]},{\"@type\":\"BreadcrumbList\",\"@id\":\"https:\\\/\\\/cowboyspincasino.org\\\/de\\\/anmeldung-und-registrierung\\\/#breadcrumb\",\"itemListElement\":[{\"@type\":\"ListItem\",\"position\":1,\"name\":\"Cowboyspin\",\"item\":\"https:\\\/\\\/cowboyspincasino.org\\\/de\\\/\"},{\"@type\":\"ListItem\",\"position\":2,\"name\":\"Anmeldung und Registrierung\"}]},{\"@type\":\"WebSite\",\"@id\":\"https:\\\/\\\/cowboyspincasino.org\\\/de\\\/#website\",\"url\":\"https:\\\/\\\/cowboyspincasino.org\\\/de\\\/\",\"name\":\"Cowboyspin\",\"description\":\"\",\"publisher\":{\"@id\":\"https:\\\/\\\/cowboyspincasino.org\\\/de\\\/#organization\"},\"potentialAction\":[{\"@type\":\"SearchAction\",\"target\":{\"@type\":\"EntryPoint\",\"urlTemplate\":\"https:\\\/\\\/cowboyspincasino.org\\\/de\\\/?s={search_term_string}\"},\"query-input\":{\"@type\":\"PropertyValueSpecification\",\"valueRequired\":true,\"valueName\":\"search_term_string\"}}],\"inLanguage\":\"de\"},{\"@type\":\"Organization\",\"@id\":\"https:\\\/\\\/cowboyspincasino.org\\\/de\\\/#organization\",\"name\":\"Cowboyspin\",\"url\":\"https:\\\/\\\/cowboyspincasino.org\\\/de\\\/\",\"logo\":{\"@type\":\"ImageObject\",\"inLanguage\":\"de\",\"@id\":\"https:\\\/\\\/cowboyspincasino.org\\\/de\\\/#\\\/schema\\\/logo\\\/image\\\/\",\"url\":\"https:\\\/\\\/cowboyspincasino.org\\\/wp-content\\\/uploads\\\/2026\\\/03\\\/cowboyspin-logo.png\",\"contentUrl\":\"https:\\\/\\\/cowboyspincasino.org\\\/wp-content\\\/uploads\\\/2026\\\/03\\\/cowboyspin-logo.png\",\"width\":180,\"height\":66,\"caption\":\"Cowboyspin\"},\"image\":{\"@id\":\"https:\\\/\\\/cowboyspincasino.org\\\/de\\\/#\\\/schema\\\/logo\\\/image\\\/\"}}]}<\/script>\n<!-- \/ Yoast SEO plugin. -->","yoast_head_json":{"title":"Cowboyspin-Login \u2013 Registrieren und Konto verwalten","description":"Erstellen, verwalten und \u00fcberpr\u00fcfen Sie Ihr Cowboyspin Casino-Konto ganz einfach mit schneller Registrierung, nahtloser Kontowiederherstellung und sicherer Kontoschlie\u00dfung, die Ihnen rund um die Uhr Schutz durch Cowboyspin Login gew\u00e4hrleistet.","robots":{"index":"index","follow":"follow","max-snippet":"max-snippet:-1","max-image-preview":"max-image-preview:large","max-video-preview":"max-video-preview:-1"},"canonical":"https:\/\/cowboyspincasino.org\/de\/anmeldung-und-registrierung\/","og_locale":"de_DE","og_type":"article","og_title":"Cowboyspin-Login \u2013 Registrieren und Konto verwalten","og_description":"Erstellen, verwalten und \u00fcberpr\u00fcfen Sie Ihr Cowboyspin Casino-Konto ganz einfach mit schneller Registrierung, nahtloser Kontowiederherstellung und sicherer Kontoschlie\u00dfung, die Ihnen rund um die Uhr Schutz durch Cowboyspin Login gew\u00e4hrleistet.","og_url":"https:\/\/cowboyspincasino.org\/de\/anmeldung-und-registrierung\/","og_site_name":"cowboyspin","article_modified_time":"2026-03-23T11:33:36+00:00","twitter_card":"summary_large_image","twitter_misc":{"Gesch\u00e4tzte Lesezeit":"1\u00a0Minute"},"schema":{"@context":"https:\/\/schema.org","@graph":[{"@type":"WebPage","@id":"https:\/\/cowboyspincasino.org\/de\/anmeldung-und-registrierung\/","url":"https:\/\/cowboyspincasino.org\/de\/anmeldung-und-registrierung\/","name":"Cowboyspin-Login \u2013 Registrieren und Konto verwalten","isPartOf":{"@id":"https:\/\/cowboyspincasino.org\/de\/#website"},"datePublished":"2026-01-20T12:11:11+00:00","dateModified":"2026-03-23T11:33:36+00:00","description":"Erstellen, verwalten und \u00fcberpr\u00fcfen Sie Ihr Cowboyspin Casino-Konto ganz einfach mit schneller Registrierung, nahtloser Kontowiederherstellung und sicherer Kontoschlie\u00dfung, die Ihnen rund um die Uhr Schutz durch Cowboyspin Login gew\u00e4hrleistet.","breadcrumb":{"@id":"https:\/\/cowboyspincasino.org\/de\/anmeldung-und-registrierung\/#breadcrumb"},"inLanguage":"de","potentialAction":[{"@type":"ReadAction","target":["https:\/\/cowboyspincasino.org\/de\/anmeldung-und-registrierung\/"]}]},{"@type":"BreadcrumbList","@id":"https:\/\/cowboyspincasino.org\/de\/anmeldung-und-registrierung\/#breadcrumb","itemListElement":[{"@type":"ListItem","position":1,"name":"Cowboyspin","item":"https:\/\/cowboyspincasino.org\/de\/"},{"@type":"ListItem","position":2,"name":"Anmeldung und Registrierung"}]},{"@type":"WebSite","@id":"https:\/\/cowboyspincasino.org\/de\/#website","url":"https:\/\/cowboyspincasino.org\/de\/","name":"Cowboyspin","description":"","publisher":{"@id":"https:\/\/cowboyspincasino.org\/de\/#organization"},"potentialAction":[{"@type":"SearchAction","target":{"@type":"EntryPoint","urlTemplate":"https:\/\/cowboyspincasino.org\/de\/?s={search_term_string}"},"query-input":{"@type":"PropertyValueSpecification","valueRequired":true,"valueName":"search_term_string"}}],"inLanguage":"de"},{"@type":"Organization","@id":"https:\/\/cowboyspincasino.org\/de\/#organization","name":"Cowboyspin","url":"https:\/\/cowboyspincasino.org\/de\/","logo":{"@type":"ImageObject","inLanguage":"de","@id":"https:\/\/cowboyspincasino.org\/de\/#\/schema\/logo\/image\/","url":"https:\/\/cowboyspincasino.org\/wp-content\/uploads\/2026\/03\/cowboyspin-logo.png","contentUrl":"https:\/\/cowboyspincasino.org\/wp-content\/uploads\/2026\/03\/cowboyspin-logo.png","width":180,"height":66,"caption":"Cowboyspin"},"image":{"@id":"https:\/\/cowboyspincasino.org\/de\/#\/schema\/logo\/image\/"}}]}},"_links":{"self":[{"href":"https:\/\/cowboyspincasino.org\/de\/wp-json\/wp\/v2\/pages\/1483","targetHints":{"allow":["GET"]}}],"collection":[{"href":"https:\/\/cowboyspincasino.org\/de\/wp-json\/wp\/v2\/pages"}],"about":[{"href":"https:\/\/cowboyspincasino.org\/de\/wp-json\/wp\/v2\/types\/page"}],"author":[{"embeddable":true,"href":"https:\/\/cowboyspincasino.org\/de\/wp-json\/wp\/v2\/users\/1"}],"replies":[{"embeddable":true,"href":"https:\/\/cowboyspincasino.org\/de\/wp-json\/wp\/v2\/comments?post=1483"}],"version-history":[{"count":2,"href":"https:\/\/cowboyspincasino.org\/de\/wp-json\/wp\/v2\/pages\/1483\/revisions"}],"predecessor-version":[{"id":2046,"href":"https:\/\/cowboyspincasino.org\/de\/wp-json\/wp\/v2\/pages\/1483\/revisions\/2046"}],"wp:attachment":[{"href":"https:\/\/cowboyspincasino.org\/de\/wp-json\/wp\/v2\/media?parent=1483"}],"curies":[{"name":"wp","href":"https:\/\/api.w.org\/{rel}","templated":true}]}}