{"id":1449,"date":"2026-01-20T12:08:23","date_gmt":"2026-01-20T12:08:23","guid":{"rendered":"https:\/\/bonuskongcasino.com\/app-2\/"},"modified":"2026-03-23T18:37:02","modified_gmt":"2026-03-23T18:37:02","slug":"aplicacion","status":"publish","type":"page","link":"https:\/\/cowboyspincasino.org\/es\/aplicacion\/","title":{"rendered":"Aplicaci\u00f3n"},"content":{"rendered":"<h1>Cowboy Spin Casino en dispositivos m\u00f3viles<\/h1>\n<p>Cowboyspin app da prioridad a ofrecer una experiencia m\u00f3vil s\u00f3lida, segura y fant\u00e1stica a los jugadores espa\u00f1oles. Puedes jugar a tragaperras online, juegos de mesa y casino en vivo desde cualquier lugar. La aplicaci\u00f3n cuenta con la tecnolog\u00eda m\u00e1s moderna y sofisticada para que tu experiencia de juego sea fluida y elegante. Te ofrecemos velocidad, seguridad y una navegaci\u00f3n sencilla. Con varias opciones de acceso m\u00f3vil, la aplicaci\u00f3n de Cowboy Spin se convertir\u00e1 en tu forma favorita de jugar al casino online.<\/p>\n<div class=\"banner-wrap\" aria-label=\"Banner\"><img src=\"https:\/\/cowboyspincasino.org\/wp-content\/uploads\/2026\/03\/banner-desktop2x.webp\" class=\"w-100 d-none d-lg-block img-pc main-banner-img\" alt=\"Cowboyspin bonus desktop\" fetchpriority=\"high\" decoding=\"async\"><img src=\"https:\/\/cowboyspincasino.org\/wp-content\/uploads\/2026\/03\/banner-mobile2x.webp\" class=\"w-100 d-none d-md-block d-lg-none main-banner-img\" alt=\"Cowboyspin bonus mobile\" fetchpriority=\"high\" decoding=\"async\"><img src=\"https:\/\/cowboyspincasino.org\/wp-content\/uploads\/2026\/03\/banner-mobile2x.webp\" class=\"w-100 d-md-none\" alt=\"Cowboyspin bonus mobile\" fetchpriority=\"high\" decoding=\"async\"><div class=\"banner-description\">\n<div class=\"banner-title\">Bonos de bienvenida<\/div>\n<p class=\"banner-header-title\">1500 \u20ac<\/p>\n<div class=\"banner-header-AdditionalText\">+ 250 Tiradas gratis<\/div>\n<button data-item=\"homepage_banner_link\" class=\"goto m-button m-gradient-border m-button--primary m-button--large banner-button btn-orange\">\n            <div class=\"m-button-content\">\n                <span>Reg\u00edstrate ahora<\/span>\n                <span><\/span>\n            <\/div>\n        <\/button>\n<\/div>\n<div class=\"WelcomePack\">\n<p><img loading=\"lazy\" decoding=\"async\" class=\"alignnone size-full wp-image-1857\" src=\"https:\/\/cowboyspincasino.org\/wp-content\/uploads\/2026\/03\/welcome-crown.png\" alt=\"welcome crown\" width=\"25\" height=\"26\" \/><\/p>\n<div class=\"WelcomePack-Info\">Reembolso semanal de hasta el 25 %<\/div>\n<p><img loading=\"lazy\" decoding=\"async\" class=\"alignnone size-full wp-image-1857\" src=\"https:\/\/cowboyspincasino.org\/wp-content\/uploads\/2026\/03\/welcome-crown.png\" alt=\"welcome crown\" width=\"25\" height=\"26\" \/><\/p>\n<\/div>\n<\/div>\n<h2>Opciones de acceso m\u00f3vil de Cowboyspin<\/h2>\n<p>La aplicaci\u00f3n de Cowboyspin Casino ofrece formas c\u00f3modas de acceder a nuestra amplia colecci\u00f3n de juegos. Los jugadores disfrutan de un rendimiento, seguridad y comodidad mejorados en nuestra versi\u00f3n PWA, igual que cuando juegan habitualmente en un ordenador port\u00e1til. Las capacidades m\u00f3viles de la plataforma imitan la experiencia de escritorio tan a la perfecci\u00f3n que los jugadores no notan ninguna diferencia en los gr\u00e1ficos de alta calidad, la carga r\u00e1pida y la fluidez del juego en todas las plataformas. Nos hemos centrado en proporcionar una experiencia de juego segura, fiable e interactiva para los usuarios m\u00f3viles desde que lanzamos la PWA.<\/p>\n<p>Cowboyspin Casino se centra en la comodidad, y podemos mostrarte c\u00f3mo:<\/p>\n<ul>\n<li>Los jugadores pueden cambiar f\u00e1cilmente de dispositivo o continuar la misma partida sin perder el progreso.<\/li>\n<li>La arquitectura ligera ayuda a ahorrar bater\u00eda.<\/li>\n<li>La aplicaci\u00f3n de Cowboyspin mantiene altos est\u00e1ndares visuales y funcionales.<\/li>\n<li>Proceso de verificaci\u00f3n sencillo para todos.<\/li>\n<\/ul>\n<p>Por eso Cowboyspin es una opci\u00f3n popular entre aquellos jugadores que buscan un casino m\u00f3vil completo y quieren poder jugar en cualquier momento y en cualquier lugar.<\/p>\n<p><div class=\"scrollable-content-wrap my-5\"><div class=\"scrollable-content-inner\"><h2>Aplicaci\u00f3n Cowboyspin para iOS<\/h2>\n<p>La aplicaci\u00f3n Cowboyspin atrae a usuarios de iPhone y iPad que buscan una aplicaci\u00f3n especializada tan sencilla como un icono de acceso directo, sin a\u00f1adir peso. Ofrece una experiencia nativa en cualquier dispositivo iOS, lo que se traduce en un rendimiento m\u00e1s fluido y controles sensibles. Podr\u00e1s disfrutar del m\u00e9todo de instalaci\u00f3n m\u00e1s sencillo, ya que la aplicaci\u00f3n es simplemente un acceso directo que aparece en tu pantalla de inicio.<\/p>\n<p>Tras la instalaci\u00f3n, la aplicaci\u00f3n de Cowboyspin para iOS ofrece un dise\u00f1o adaptativo para diferentes tama\u00f1os de pantalla. Podr\u00e1s acceder f\u00e1cilmente a tragaperras online, juegos de casino en vivo, colecciones de Books con historias de aventuras incre\u00edbles, ruletas de lujo y, por supuesto, la opci\u00f3n de contactar siempre con nuestro servicio de atenci\u00f3n al cliente en caso de problemas t\u00e9cnicos o de transacciones.<\/p>\n<p>\u00a1Puedes usar nuestra app Cowboy Spin incluso sobre la marcha! Todo lo que necesitas est\u00e1 al alcance de tu dedo. \u00bfC\u00f3mo?<\/p>\n<ul>\n<li>La navegaci\u00f3n por los men\u00fas es sencilla y directa.<\/li>\n<li>La experiencia de juego es m\u00e1s agradable.<\/li>\n<li>La seguridad tambi\u00e9n es una prioridad.<\/li>\n<li>Contamos con conexiones encriptadas y un proceso de verificaci\u00f3n optimizado que permite a los jugadores depositar, retirar y verificar sus cuentas de Cowboy Spin de manera eficiente.<\/li>\n<\/ul>\n<p>Las actualizaciones se realizan autom\u00e1ticamente en segundo plano, por lo que los usuarios nunca se pierden ninguna nueva funci\u00f3n ni mejora de seguridad. El reducido tama\u00f1o de la aplicaci\u00f3n de Cowboyspin Casino permite que funcione en cualquier dispositivo con iOS, incluso en aquellos con espacio de almacenamiento limitado.<\/p>\n<p><img loading=\"lazy\" decoding=\"async\" class=\"alignnone size-full wp-image-1937\" src=\"https:\/\/cowboyspincasino.org\/wp-content\/uploads\/2026\/03\/Cowboyspin-iOS-App.webp\" alt=\"Cowboyspin iOS App\" width=\"1248\" height=\"536\" srcset=\"https:\/\/cowboyspincasino.org\/wp-content\/uploads\/2026\/03\/Cowboyspin-iOS-App.webp 1248w, https:\/\/cowboyspincasino.org\/wp-content\/uploads\/2026\/03\/Cowboyspin-iOS-App-300x129.webp 300w, https:\/\/cowboyspincasino.org\/wp-content\/uploads\/2026\/03\/Cowboyspin-iOS-App-1024x440.webp 1024w, https:\/\/cowboyspincasino.org\/wp-content\/uploads\/2026\/03\/Cowboyspin-iOS-App-768x330.webp 768w\" sizes=\"auto, (max-width: 1248px) 100vw, 1248px\" \/><\/p>\n<\/div><\/div><div style=\"clear: both\"><\/div><div class=\"d-flex justify-content-center\"><button data-item=\"decouvrez_link\" data-group=\"website_links\" class=\"goto fw-bold rounded-pill btn btn-orange\" aria-label=\"Descarga la aplicaci\u00f3n Cowboyspin\" >Descarga la aplicaci\u00f3n Cowboyspin<\/button><\/div><div class=\"scrollable-content-wrap my-5\"><div class=\"scrollable-content-inner\"><h2>Aplicaci\u00f3n de Cowboyspin para Android<\/h2>\n<p>Los usuarios de Android pueden explorar Cowboyspin Casino con facilidad, \u00a1ya que tambi\u00e9n ofrecemos una PWA! Este tipo de aplicaci\u00f3n no requiere instalar el archivo APK. Esta estrategia aumenta la seguridad al eliminar las tiendas de aplicaciones de terceros y facilitar la configuraci\u00f3n.<\/p>\n<p>El proceso de instalaci\u00f3n de la aplicaci\u00f3n para Android requiere:<\/p>\n<ol>\n<li>Abrir la p\u00e1gina de Cowboy Spin Casino y hacer clic en el bot\u00f3n \u00abAplicaci\u00f3n del casino\u00bb.<\/li>\n<li>Sigue unas sencillas instrucciones para a\u00f1adir la aplicaci\u00f3n a la p\u00e1gina de inicio (cargar la PWA).<\/li>\n<li>Guarda el acceso directo en cualquier lugar de la pantalla. Puedes moverlo a cualquier sitio del dispositivo.<\/li>\n<\/ol>\n<p>Tras la instalaci\u00f3n, la aplicaci\u00f3n Cowboyspin permite acceder r\u00e1pidamente a toda la biblioteca de juegos, donde hay tragamonedas online, casino en vivo y funciones de bonificaci\u00f3n. Tambi\u00e9n ofrecemos notificaciones en tiempo real, para que los jugadores reciban actualizaciones sobre promociones, torneos y actividades importantes de su cuenta. Es ligera, lo que significa que consume pocos datos, y es ideal para jugar desde el m\u00f3vil.<\/p>\n<p><img loading=\"lazy\" decoding=\"async\" class=\"alignnone size-full wp-image-1929\" src=\"https:\/\/cowboyspincasino.org\/wp-content\/uploads\/2026\/03\/Cowboyspin-Android-App.webp\" alt=\"Cowboyspin Android App\" width=\"1248\" height=\"536\" srcset=\"https:\/\/cowboyspincasino.org\/wp-content\/uploads\/2026\/03\/Cowboyspin-Android-App.webp 1248w, https:\/\/cowboyspincasino.org\/wp-content\/uploads\/2026\/03\/Cowboyspin-Android-App-300x129.webp 300w, https:\/\/cowboyspincasino.org\/wp-content\/uploads\/2026\/03\/Cowboyspin-Android-App-1024x440.webp 1024w, https:\/\/cowboyspincasino.org\/wp-content\/uploads\/2026\/03\/Cowboyspin-Android-App-768x330.webp 768w\" sizes=\"auto, (max-width: 1248px) 100vw, 1248px\" \/><\/p>\n<\/div><\/div><div style=\"clear: both\"><\/div><div class=\"d-flex justify-content-center\"><button data-item=\"decouvrez_link\" data-group=\"website_links\" class=\"goto fw-bold rounded-pill btn btn-orange\" aria-label=\"Descargar Cowboyspin\" >Descargar Cowboyspin<\/button><\/div><div class=\"scrollable-content-wrap my-5\"><div class=\"scrollable-content-inner\"><h2>Aplicaciones para Windows y Mac<\/h2>\n<p>La PWA de Cowboyspin Casino es muy pr\u00e1ctica para los usuarios de ordenador, ya que te permite ajustar la pantalla a cualquier tama\u00f1o. Funciona directamente en el navegador y no requiere instalaci\u00f3n desde tiendas de aplicaciones. No necesitas navegar por sitios web de software y arriesgarte a que tu ordenador se infecte con virus.<\/p>\n<p>Nuestra aplicaci\u00f3n Cowboy Spin sigue los principios del dise\u00f1o adaptativo y responsivo, y su dise\u00f1o y resoluci\u00f3n se ajustan autom\u00e1ticamente a smartphones, tabletas y ordenadores de sobremesa.<\/p>\n<p>Esta aplicaci\u00f3n web cuenta con actualizaciones autom\u00e1ticas en segundo plano, lo que significa que los jugadores de Cowboyspin Casino siempre utilizar\u00e1n la \u00faltima versi\u00f3n sin tener que actualizarla manualmente. Utiliza mecanismos de almacenamiento en cach\u00e9 controlados, lo que permite una carga r\u00e1pida y un menor consumo de datos. La mayor\u00eda de las funciones, como navegar por los men\u00fas de los juegos y la configuraci\u00f3n de la cuenta, est\u00e1n disponibles en cualquier momento.<\/p>\n<p><img loading=\"lazy\" decoding=\"async\" class=\"alignnone size-full wp-image-1945\" src=\"https:\/\/cowboyspincasino.org\/wp-content\/uploads\/2026\/03\/Cowboyspin-Desktop.webp\" alt=\"Cowboyspin Desktop\" width=\"1248\" height=\"536\" srcset=\"https:\/\/cowboyspincasino.org\/wp-content\/uploads\/2026\/03\/Cowboyspin-Desktop.webp 1248w, https:\/\/cowboyspincasino.org\/wp-content\/uploads\/2026\/03\/Cowboyspin-Desktop-300x129.webp 300w, https:\/\/cowboyspincasino.org\/wp-content\/uploads\/2026\/03\/Cowboyspin-Desktop-1024x440.webp 1024w, https:\/\/cowboyspincasino.org\/wp-content\/uploads\/2026\/03\/Cowboyspin-Desktop-768x330.webp 768w\" sizes=\"auto, (max-width: 1248px) 100vw, 1248px\" \/><\/p>\n<\/div><\/div><div style=\"clear: both\"><\/div><div class=\"d-flex justify-content-center\"><button data-item=\"decouvrez_link\" data-group=\"website_links\" class=\"goto fw-bold rounded-pill btn btn-orange\" aria-label=\"Descarga la aplicaci\u00f3n Cowboyspin\" >Descarga la aplicaci\u00f3n Cowboyspin<\/button><\/div><div class=\"scrollable-content-wrap my-5\"><div class=\"scrollable-content-inner\"><h2>Seguridad y ventajas de la aplicaci\u00f3n<\/h2>\n<p>La PWA de Cowboyspin utiliza cifrado TLS, por lo que no tienes que preocuparte por la seguridad. Es r\u00e1pida, fiable y segura, con la facilidad de uso de un navegador web y la funcionalidad de una aplicaci\u00f3n espec\u00edfica.<\/p>\n<table>\n<tbody>\n<tr>\n<td>Componentes t\u00e9cnicos<\/td>\n<td>Detalles<\/td>\n<td>\u00bfPor qu\u00e9 te conviene?<\/td>\n<\/tr>\n<tr>\n<td>Ligera<\/td>\n<td>Para reducir las operaciones en segundo plano innecesarias, los recursos se comprimen y los scripts se optimizan.<\/td>\n<td>Tiempos de carga m\u00e1s r\u00e1pidos y un consumo m\u00ednimo de datos: \u00a1la bater\u00eda est\u00e1 a salvo!<\/td>\n<\/tr>\n<tr>\n<td>Dise\u00f1o adaptativo<\/td>\n<td>El dise\u00f1o se ajusta autom\u00e1ticamente a diferentes tama\u00f1os y orientaciones de pantalla.<\/td>\n<td>Usabilidad consistente en smartphones, tabletas y ordenadores de sobremesa.<\/td>\n<\/tr>\n<tr>\n<td>Actualizaciones autom\u00e1ticas<\/td>\n<td>Las actualizaciones se implementan autom\u00e1ticamente cuando se recarga la aplicaci\u00f3n o la p\u00e1gina web.<\/td>\n<td>Siempre se utiliza la \u00faltima versi\u00f3n con mejoras de seguridad.<\/td>\n<\/tr>\n<tr>\n<td>Alojamiento seguro en la nube<\/td>\n<td>Alojamiento en servidores de alto rendimiento con equilibrio de carga.<\/td>\n<td>Rendimiento fiable y estable incluso durante picos de tr\u00e1fico<\/td>\n<\/tr>\n<tr>\n<td>Sistema de almacenamiento en cach\u00e9 optimizado<\/td>\n<td>Los elementos m\u00e1s frecuentes se almacenan localmente en el dispositivo.<\/td>\n<td>Transiciones de p\u00e1gina m\u00e1s r\u00e1pidas, sin retrasos.<\/td>\n<\/tr>\n<\/tbody>\n<\/table>\n<h2>Preguntas frecuentes<\/h2>\n<h3>\u00bfEs necesario crear una cuenta para usar la aplicaci\u00f3n Cowboy Spin?<\/h3>\n<p>S\u00ed, para disfrutar de todas las funciones de la aplicaci\u00f3n Cowboyspin, debes abrir una cuenta. Estamos seguros de que quieres disfrutar de todas las funcionalidades de nuestro casino m\u00f3vil. Por eso, el registro es muy importante: con un par de clics, tu cuenta de Cowboyspin Casino estar\u00e1 lista y en funcionamiento.<\/p>\n<h3>\u00bfOfrece la aplicaci\u00f3n de Cowboyspin Casino servicio de atenci\u00f3n al cliente?<\/h3>\n<p>La aplicaci\u00f3n Cowboyspin cuenta con chat en vivo, al igual que nuestra versi\u00f3n completa. As\u00ed que puedes ponerte en contacto f\u00e1cilmente con el equipo de atenci\u00f3n al cliente y hacer preguntas o resolver problemas en tiempo real. El servicio de atenci\u00f3n al cliente tambi\u00e9n est\u00e1 disponible en un horario espec\u00edfico para ayudarte con preguntas sobre aspectos t\u00e9cnicos o sobre la cuenta.<\/p>\n<h3>\u00bfQu\u00e9 debo hacer si la aplicaci\u00f3n se bloquea o se cuelga?<\/h3>\n<p>En caso de que la aplicaci\u00f3n de Cowboyspin Casino se cuelgue o deje de responder, lo primero que debes intentar es reiniciar la aplicaci\u00f3n y borrar la cach\u00e9. Si eso no ayuda, lo mejor es actualizar la aplicaci\u00f3n o el navegador a la \u00faltima versi\u00f3n para que funcione de forma m\u00e1s estable. Si tienes alg\u00fan problema sin resolver, ponte en contacto con nosotros a trav\u00e9s del chat en vivo de la p\u00e1gina de Contacto.<\/p>\n<\/div><\/div><\/p>\n","protected":false},"excerpt":{"rendered":"<p>Cowboy Spin Casino en dispositivos m\u00f3viles Cowboyspin app da prioridad a ofrecer una experiencia m\u00f3vil s\u00f3lida, segura y fant\u00e1stica a los jugadores espa\u00f1oles. Puedes jugar a tragaperras online, juegos de mesa y casino en vivo desde cualquier lugar. La aplicaci\u00f3n cuenta con la tecnolog\u00eda m\u00e1s moderna y sofisticada para que tu experiencia de juego sea [&hellip;]<\/p>\n","protected":false},"author":1,"featured_media":0,"parent":0,"menu_order":0,"comment_status":"closed","ping_status":"closed","template":"template-builder.php","meta":{"_acf_changed":false,"inline_featured_image":false,"footnotes":""},"class_list":["post-1449","page","type-page","status-publish","hentry"],"acf":[],"yoast_head":"<!-- This site is optimized with the Yoast SEO plugin v27.3 - https:\/\/yoast.com\/product\/yoast-seo-wordpress\/ -->\n<title>Cowboyspin app Descargar | iOS y Android<\/title>\n<meta name=\"description\" content=\"La aplicaci\u00f3n Cowboyspin garantiza una experiencia de juego impecable en las plataformas Android, iOS, Windows y macOS, con sincronizaci\u00f3n de cuentas, actualizaciones peri\u00f3dicas y asistencia al cliente integrada para facilitar su uso.\" \/>\n<meta name=\"robots\" content=\"index, follow, max-snippet:-1, max-image-preview:large, max-video-preview:-1\" \/>\n<link rel=\"canonical\" href=\"https:\/\/cowboyspincasino.org\/es\/aplicacion\/\" \/>\n<meta property=\"og:locale\" content=\"es_ES\" \/>\n<meta property=\"og:type\" content=\"article\" \/>\n<meta property=\"og:title\" content=\"Cowboyspin app Descargar | iOS y Android\" \/>\n<meta property=\"og:description\" content=\"La aplicaci\u00f3n Cowboyspin garantiza una experiencia de juego impecable en las plataformas Android, iOS, Windows y macOS, con sincronizaci\u00f3n de cuentas, actualizaciones peri\u00f3dicas y asistencia al cliente integrada para facilitar su uso.\" \/>\n<meta property=\"og:url\" content=\"https:\/\/cowboyspincasino.org\/es\/aplicacion\/\" \/>\n<meta property=\"og:site_name\" content=\"cowboyspin\" \/>\n<meta property=\"article:modified_time\" content=\"2026-03-23T18:37:02+00:00\" \/>\n<meta name=\"twitter:card\" content=\"summary_large_image\" \/>\n<meta name=\"twitter:label1\" content=\"Est. reading time\" \/>\n\t<meta name=\"twitter:data1\" content=\"2 minutes\" \/>\n<script type=\"application\/ld+json\" class=\"yoast-schema-graph\">{\"@context\":\"https:\\\/\\\/schema.org\",\"@graph\":[{\"@type\":\"WebPage\",\"@id\":\"https:\\\/\\\/cowboyspincasino.org\\\/es\\\/aplicacion\\\/\",\"url\":\"https:\\\/\\\/cowboyspincasino.org\\\/es\\\/aplicacion\\\/\",\"name\":\"Cowboyspin app Descargar | iOS y Android\",\"isPartOf\":{\"@id\":\"https:\\\/\\\/cowboyspincasino.org\\\/es\\\/#website\"},\"datePublished\":\"2026-01-20T12:08:23+00:00\",\"dateModified\":\"2026-03-23T18:37:02+00:00\",\"description\":\"La aplicaci\u00f3n Cowboyspin garantiza una experiencia de juego impecable en las plataformas Android, iOS, Windows y macOS, con sincronizaci\u00f3n de cuentas, actualizaciones peri\u00f3dicas y asistencia al cliente integrada para facilitar su uso.\",\"breadcrumb\":{\"@id\":\"https:\\\/\\\/cowboyspincasino.org\\\/es\\\/aplicacion\\\/#breadcrumb\"},\"inLanguage\":\"es-ES\",\"potentialAction\":[{\"@type\":\"ReadAction\",\"target\":[\"https:\\\/\\\/cowboyspincasino.org\\\/es\\\/aplicacion\\\/\"]}]},{\"@type\":\"BreadcrumbList\",\"@id\":\"https:\\\/\\\/cowboyspincasino.org\\\/es\\\/aplicacion\\\/#breadcrumb\",\"itemListElement\":[{\"@type\":\"ListItem\",\"position\":1,\"name\":\"Cowboyspin\",\"item\":\"https:\\\/\\\/cowboyspincasino.org\\\/es\\\/\"},{\"@type\":\"ListItem\",\"position\":2,\"name\":\"Aplicaci\u00f3n\"}]},{\"@type\":\"WebSite\",\"@id\":\"https:\\\/\\\/cowboyspincasino.org\\\/es\\\/#website\",\"url\":\"https:\\\/\\\/cowboyspincasino.org\\\/es\\\/\",\"name\":\"Cowboyspin\",\"description\":\"\",\"publisher\":{\"@id\":\"https:\\\/\\\/cowboyspincasino.org\\\/es\\\/#organization\"},\"potentialAction\":[{\"@type\":\"SearchAction\",\"target\":{\"@type\":\"EntryPoint\",\"urlTemplate\":\"https:\\\/\\\/cowboyspincasino.org\\\/es\\\/?s={search_term_string}\"},\"query-input\":{\"@type\":\"PropertyValueSpecification\",\"valueRequired\":true,\"valueName\":\"search_term_string\"}}],\"inLanguage\":\"es-ES\"},{\"@type\":\"Organization\",\"@id\":\"https:\\\/\\\/cowboyspincasino.org\\\/es\\\/#organization\",\"name\":\"Cowboyspin\",\"url\":\"https:\\\/\\\/cowboyspincasino.org\\\/es\\\/\",\"logo\":{\"@type\":\"ImageObject\",\"inLanguage\":\"es-ES\",\"@id\":\"https:\\\/\\\/cowboyspincasino.org\\\/es\\\/#\\\/schema\\\/logo\\\/image\\\/\",\"url\":\"https:\\\/\\\/cowboyspincasino.org\\\/wp-content\\\/uploads\\\/2026\\\/03\\\/cowboyspin-logo.png\",\"contentUrl\":\"https:\\\/\\\/cowboyspincasino.org\\\/wp-content\\\/uploads\\\/2026\\\/03\\\/cowboyspin-logo.png\",\"width\":180,\"height\":66,\"caption\":\"Cowboyspin\"},\"image\":{\"@id\":\"https:\\\/\\\/cowboyspincasino.org\\\/es\\\/#\\\/schema\\\/logo\\\/image\\\/\"}}]}<\/script>\n<!-- \/ Yoast SEO plugin. -->","yoast_head_json":{"title":"Cowboyspin app Descargar | iOS y Android","description":"La aplicaci\u00f3n Cowboyspin garantiza una experiencia de juego impecable en las plataformas Android, iOS, Windows y macOS, con sincronizaci\u00f3n de cuentas, actualizaciones peri\u00f3dicas y asistencia al cliente integrada para facilitar su uso.","robots":{"index":"index","follow":"follow","max-snippet":"max-snippet:-1","max-image-preview":"max-image-preview:large","max-video-preview":"max-video-preview:-1"},"canonical":"https:\/\/cowboyspincasino.org\/es\/aplicacion\/","og_locale":"es_ES","og_type":"article","og_title":"Cowboyspin app Descargar | iOS y Android","og_description":"La aplicaci\u00f3n Cowboyspin garantiza una experiencia de juego impecable en las plataformas Android, iOS, Windows y macOS, con sincronizaci\u00f3n de cuentas, actualizaciones peri\u00f3dicas y asistencia al cliente integrada para facilitar su uso.","og_url":"https:\/\/cowboyspincasino.org\/es\/aplicacion\/","og_site_name":"cowboyspin","article_modified_time":"2026-03-23T18:37:02+00:00","twitter_card":"summary_large_image","twitter_misc":{"Est. reading time":"2 minutes"},"schema":{"@context":"https:\/\/schema.org","@graph":[{"@type":"WebPage","@id":"https:\/\/cowboyspincasino.org\/es\/aplicacion\/","url":"https:\/\/cowboyspincasino.org\/es\/aplicacion\/","name":"Cowboyspin app Descargar | iOS y Android","isPartOf":{"@id":"https:\/\/cowboyspincasino.org\/es\/#website"},"datePublished":"2026-01-20T12:08:23+00:00","dateModified":"2026-03-23T18:37:02+00:00","description":"La aplicaci\u00f3n Cowboyspin garantiza una experiencia de juego impecable en las plataformas Android, iOS, Windows y macOS, con sincronizaci\u00f3n de cuentas, actualizaciones peri\u00f3dicas y asistencia al cliente integrada para facilitar su uso.","breadcrumb":{"@id":"https:\/\/cowboyspincasino.org\/es\/aplicacion\/#breadcrumb"},"inLanguage":"es-ES","potentialAction":[{"@type":"ReadAction","target":["https:\/\/cowboyspincasino.org\/es\/aplicacion\/"]}]},{"@type":"BreadcrumbList","@id":"https:\/\/cowboyspincasino.org\/es\/aplicacion\/#breadcrumb","itemListElement":[{"@type":"ListItem","position":1,"name":"Cowboyspin","item":"https:\/\/cowboyspincasino.org\/es\/"},{"@type":"ListItem","position":2,"name":"Aplicaci\u00f3n"}]},{"@type":"WebSite","@id":"https:\/\/cowboyspincasino.org\/es\/#website","url":"https:\/\/cowboyspincasino.org\/es\/","name":"Cowboyspin","description":"","publisher":{"@id":"https:\/\/cowboyspincasino.org\/es\/#organization"},"potentialAction":[{"@type":"SearchAction","target":{"@type":"EntryPoint","urlTemplate":"https:\/\/cowboyspincasino.org\/es\/?s={search_term_string}"},"query-input":{"@type":"PropertyValueSpecification","valueRequired":true,"valueName":"search_term_string"}}],"inLanguage":"es-ES"},{"@type":"Organization","@id":"https:\/\/cowboyspincasino.org\/es\/#organization","name":"Cowboyspin","url":"https:\/\/cowboyspincasino.org\/es\/","logo":{"@type":"ImageObject","inLanguage":"es-ES","@id":"https:\/\/cowboyspincasino.org\/es\/#\/schema\/logo\/image\/","url":"https:\/\/cowboyspincasino.org\/wp-content\/uploads\/2026\/03\/cowboyspin-logo.png","contentUrl":"https:\/\/cowboyspincasino.org\/wp-content\/uploads\/2026\/03\/cowboyspin-logo.png","width":180,"height":66,"caption":"Cowboyspin"},"image":{"@id":"https:\/\/cowboyspincasino.org\/es\/#\/schema\/logo\/image\/"}}]}},"_links":{"self":[{"href":"https:\/\/cowboyspincasino.org\/es\/wp-json\/wp\/v2\/pages\/1449","targetHints":{"allow":["GET"]}}],"collection":[{"href":"https:\/\/cowboyspincasino.org\/es\/wp-json\/wp\/v2\/pages"}],"about":[{"href":"https:\/\/cowboyspincasino.org\/es\/wp-json\/wp\/v2\/types\/page"}],"author":[{"embeddable":true,"href":"https:\/\/cowboyspincasino.org\/es\/wp-json\/wp\/v2\/users\/1"}],"replies":[{"embeddable":true,"href":"https:\/\/cowboyspincasino.org\/es\/wp-json\/wp\/v2\/comments?post=1449"}],"version-history":[{"count":3,"href":"https:\/\/cowboyspincasino.org\/es\/wp-json\/wp\/v2\/pages\/1449\/revisions"}],"predecessor-version":[{"id":2076,"href":"https:\/\/cowboyspincasino.org\/es\/wp-json\/wp\/v2\/pages\/1449\/revisions\/2076"}],"wp:attachment":[{"href":"https:\/\/cowboyspincasino.org\/es\/wp-json\/wp\/v2\/media?parent=1449"}],"curies":[{"name":"wp","href":"https:\/\/api.w.org\/{rel}","templated":true}]}}