{"id":1487,"date":"2026-01-20T12:11:11","date_gmt":"2026-01-20T12:11:11","guid":{"rendered":"https:\/\/bonuskongcasino.com\/login-and-registration\/"},"modified":"2026-03-23T18:38:49","modified_gmt":"2026-03-23T18:38:49","slug":"inicio-de-sesion-y-registro","status":"publish","type":"page","link":"https:\/\/cowboyspincasino.org\/es\/inicio-de-sesion-y-registro\/","title":{"rendered":"Inicio de sesi\u00f3n y Registro"},"content":{"rendered":"<h1>Inicio de sesi\u00f3n, registro y gesti\u00f3n de la cuenta en Cowboyspin<\/h1>\n<p>Cowboyspin login es uno de los pasos m\u00e1s importantes para que los jugadores espa\u00f1oles puedan aprovechar todas las posibilidades que ofrece nuestra plataforma. Tras registrarse, los usuarios pueden jugar con facilidad, gestionar sus cuentas y disfrutar de un entorno seguro protegido por sistemas de seguridad de alta calidad. Nuestro sencillo proceso de inicio de sesi\u00f3n es una forma confidencial y eficaz de acceder a todas las funciones y actividades promocionales de Cowboyspin Casino, lo que hace que la experiencia de juego online sea relajante e inolvidable.<\/p>\n<p><div class=\"banner-wrap\" aria-label=\"Banner\"><img src=\"https:\/\/cowboyspincasino.org\/wp-content\/uploads\/2026\/03\/banner-desktop2x.webp\" class=\"w-100 d-none d-lg-block img-pc main-banner-img\" alt=\"Cowboyspin bonus desktop\" fetchpriority=\"high\" decoding=\"async\"><img src=\"https:\/\/cowboyspincasino.org\/wp-content\/uploads\/2026\/03\/banner-mobile2x.webp\" class=\"w-100 d-none d-md-block d-lg-none main-banner-img\" alt=\"Cowboyspin bonus mobile\" fetchpriority=\"high\" decoding=\"async\"><img src=\"https:\/\/cowboyspincasino.org\/wp-content\/uploads\/2026\/03\/banner-mobile2x.webp\" class=\"w-100 d-md-none\" alt=\"Cowboyspin bonus mobile\" fetchpriority=\"high\" decoding=\"async\"><div class=\"banner-description\">\n<div class=\"banner-title\">Bonos de bienvenida<\/div>\n<p class=\"banner-header-title\">1500 \u20ac<\/p>\n<div class=\"banner-header-AdditionalText\">+ 250 Tiradas gratis<\/div>\n<button data-item=\"homepage_banner_link\" class=\"goto m-button m-gradient-border m-button--primary m-button--large banner-button btn-orange\">\n            <div class=\"m-button-content\">\n                <span>Reg\u00edstrate ahora<\/span>\n                <span><\/span>\n            <\/div>\n        <\/button>\n<\/div>\n<div class=\"WelcomePack\">\n<p><img loading=\"lazy\" decoding=\"async\" class=\"alignnone size-full wp-image-1857\" src=\"https:\/\/cowboyspincasino.org\/wp-content\/uploads\/2026\/03\/welcome-crown.png\" alt=\"welcome crown\" width=\"25\" height=\"26\" \/><\/p>\n<div class=\"WelcomePack-Info\">Reembolso semanal de hasta el 25 %<\/div>\n<p><img loading=\"lazy\" decoding=\"async\" class=\"alignnone size-full wp-image-1857\" src=\"https:\/\/cowboyspincasino.org\/wp-content\/uploads\/2026\/03\/welcome-crown.png\" alt=\"welcome crown\" width=\"25\" height=\"26\" \/><\/p>\n<\/div>\n<\/div><div class=\"scrollable-content-wrap my-5\"><div class=\"scrollable-content-inner\"><h2>Registro de nuevos usuarios en Cowboyspin Casino<\/h2>\n<p>El formulario de inicio de sesi\u00f3n de Cowboyspin abre toda la plataforma, dando acceso a una amplia variedad de juegos, bonos exclusivos y formas de depositar y retirar dinero. Con una cuenta adecuada, puedes participar en juegos con dinero real, canjear ofertas promocionales y disfrutar de funciones de gesti\u00f3n de cuenta personalizadas. El proceso de registro se ha dise\u00f1ado para facilitar la incorporaci\u00f3n.<\/p>\n<h3>Crea tu cuenta<\/h3>\n<p>Has decidido unirte. \u00a1Es una gran noticia para Cowboy Spin Casino tenerte aqu\u00ed!<\/p>\n<ol>\n<li>Busca el bot\u00f3n \u00abRegistrarse\u00bb, que se encuentra en la esquina superior derecha de la p\u00e1gina de inicio.<\/li>\n<li>Introduce tu direcci\u00f3n de correo electr\u00f3nico v\u00e1lida y una contrase\u00f1a segura. La contrase\u00f1a debe cumplir con los requisitos de seguridad de la plataforma, as\u00ed que, por favor, nada de nombres f\u00e1ciles ni palabras escritas al rev\u00e9s.<\/li>\n<li>Acepta los t\u00e9rminos y condiciones, marca la casilla de verificaci\u00f3n de edad y revisa nuestra pol\u00edtica de juego responsable. Si a\u00fan eres menor de edad, no puedes registrarte.<\/li>\n<li>Debes completar el CAPTCHA para confirmar que no eres un bot.<\/li>\n<li>Completa el proceso y espera nuestro correo electr\u00f3nico.<\/li>\n<li>Sigue las instrucciones del correo y completa el registro en Cowboy Spin Casino.<\/li>\n<\/ol>\n<p>Al hacer clic en el enlace de este correo electr\u00f3nico, podr\u00e1s activar tu cuenta por completo y acceder a la plataforma de inmediato. Es recomendable que revises tu correo electr\u00f3nico inmediatamente para no sufrir retrasos en el funcionamiento de tu cuenta de Cowboy Spin.<\/p>\n<p><img loading=\"lazy\" decoding=\"async\" class=\"alignnone size-full wp-image-1953\" src=\"https:\/\/cowboyspincasino.org\/wp-content\/uploads\/2026\/03\/Cowboyspin.webp\" alt=\"Cowboyspin login\" width=\"1248\" height=\"536\" srcset=\"https:\/\/cowboyspincasino.org\/wp-content\/uploads\/2026\/03\/Cowboyspin.webp 1248w, https:\/\/cowboyspincasino.org\/wp-content\/uploads\/2026\/03\/Cowboyspin-300x129.webp 300w, https:\/\/cowboyspincasino.org\/wp-content\/uploads\/2026\/03\/Cowboyspin-1024x440.webp 1024w, https:\/\/cowboyspincasino.org\/wp-content\/uploads\/2026\/03\/Cowboyspin-768x330.webp 768w\" sizes=\"auto, (max-width: 1248px) 100vw, 1248px\" \/><\/p>\n<h2>Gesti\u00f3n de una cuenta de Cowboyspin<\/h2>\n<p>El inicio de sesi\u00f3n en Cowboyspin es, por defecto, la funci\u00f3n m\u00e1s sencilla de nuestro casino, ya que el comienzo del \u00abrodeo\u00bb siempre debe ser fluido.<\/p>\n<p>Inicie sesi\u00f3n en su cuenta a trav\u00e9s del portal de inicio de sesi\u00f3n de Cowboyspin introduciendo su direcci\u00f3n de correo electr\u00f3nico registrada, junto con su contrase\u00f1a. Si tiene habilitada la autenticaci\u00f3n de dos factores, le pediremos que complete el paso de autenticaci\u00f3n adicional mediante SMS o una aplicaci\u00f3n de autenticaci\u00f3n.<\/p>\n<p>En el panel de control de tu cuenta, puedes:<\/p>\n<ul>\n<li>Realizar dep\u00f3sitos mediante diversas opciones de pago.<\/li>\n<li>Retirar tus ganancias de Cowboy Spin.<\/li>\n<li>Consultar tu historial de transacciones y saldo.<\/li>\n<li>Activar o desactivar la configuraci\u00f3n de seguridad, como la autenticaci\u00f3n de dos factores (2FA).<\/li>\n<li>Editar la informaci\u00f3n de tu perfil de Cowboy Spin, incluido el correo electr\u00f3nico, y configurar tus preferencias.<\/li>\n<li>Recibe promociones y bonificaciones continuas.<\/li>\n<li>Ponte en contacto con el servicio de atenci\u00f3n al cliente a trav\u00e9s del chat en vivo integrado.<\/li>\n<\/ul>\n<p>\u00a1Disfruta de un proceso de juego seguro y personalizado! Aprovecha la buena gesti\u00f3n de tu cuenta. Es recomendable actualizar regularmente tu informaci\u00f3n de contacto y mantener activadas las configuraciones de seguridad para garantizar la m\u00e1xima protecci\u00f3n.<\/p>\n<h3>Si has olvidado tus credenciales<\/h3>\n<p>Si te encuentras en una situaci\u00f3n en la que no recuerdas tu contrase\u00f1a, hay unos sencillos pasos para solucionarlo y recuperar tus credenciales.<\/p>\n<table>\n<tbody>\n<tr>\n<td>Acci\u00f3n<\/td>\n<td>Descripci\u00f3n<\/td>\n<\/tr>\n<tr>\n<td>Haz clic en \u00ab\u00bfHas olvidado tu contrase\u00f1a?\u00bb.<\/td>\n<td>Busca la opci\u00f3n en la p\u00e1gina de inicio de sesi\u00f3n de Cowboyspin y selecci\u00f3nala.<\/td>\n<\/tr>\n<tr>\n<td>Introduce el correo electr\u00f3nico registrado<\/td>\n<td>Introduce la direcci\u00f3n de correo electr\u00f3nico asociada a tu cuenta de Cowboyspin.<\/td>\n<\/tr>\n<tr>\n<td>Recibe el enlace de restablecimiento<\/td>\n<td>Revisa tu bandeja de entrada (y la carpeta de correo no deseado) para encontrar el correo electr\u00f3nico de restablecimiento de contrase\u00f1a.<\/td>\n<\/tr>\n<tr>\n<td>Restablecer contrase\u00f1a<\/td>\n<td>Haz clic en el enlace del correo electr\u00f3nico y sigue las instrucciones para crear una nueva contrase\u00f1a.<\/td>\n<\/tr>\n<tr>\n<td>Inicie sesi\u00f3n con las nuevas credenciales<\/td>\n<td>Vuelve a la p\u00e1gina de inicio de sesi\u00f3n y accede a tu cuenta con la nueva contrase\u00f1a.<\/td>\n<\/tr>\n<tr>\n<td>Equipo de asistencia (si lo necesitas)<\/td>\n<td>Ponte en contacto con el servicio de asistencia a trav\u00e9s del chat en vivo para obtener m\u00e1s ayuda si los problemas persisten.<\/td>\n<\/tr>\n<\/tbody>\n<\/table>\n<h2>Verificaci\u00f3n de cuentas y medidas de seguridad de Cowboyspin Casino<\/h2>\n<p>En Cowboy Spin Casino damos gran importancia a completar el procedimiento KYC. Se trata de un sencillo proceso de verificaci\u00f3n que nos ayuda a identificar a nuestros jugadores y a mejorar la seguridad general de nuestra plataforma. Todo lo que tienes que hacer es enviarnos tu documento de identidad v\u00e1lido y un comprobante de domicilio. A continuaci\u00f3n, tras nuestra revisi\u00f3n y aprobaci\u00f3n, que no tarda m\u00e1s de 48 horas, podr\u00e1s iniciar sesi\u00f3n en Cowboyspin libremente y desbloquear todas las funciones de tu panel de control y tus opciones financieras.<\/p>\n<p>Pero, adem\u00e1s del KYC, implementamos muchas otras soluciones de seguridad. Cowboyspin Casino cuenta con una serie de capas de seguridad, como la autenticaci\u00f3n de dos factores y el uso de cifrado TLS, software antifraude y numerosos sistemas de eliminaci\u00f3n de bots y estafas para protegerte a ti y a tu dinero. Est\u00e1s a salvo con Cowboyspin Casino.<\/p>\n<h2>Preguntas frecuentes<\/h2>\n<h3>\u00bfCaducan los giros gratis?<\/h3>\n<p>S\u00ed, los giros gratis en Cowboyspin Casino tienen fechas de caducidad, y esto depende del tipo de promoci\u00f3n. Los t\u00e9rminos y condiciones de cada bono siempre lo detallan todo al respecto, pero por ahora, solo tienes que recordar que los giros de bienvenida caducan en los primeros 3 d\u00edas, as\u00ed que \u00fasalos bien.<\/p>\n<h3>\u00bfC\u00f3mo actualizar la contrase\u00f1a o la direcci\u00f3n de correo electr\u00f3nico?<\/h3>\n<p>Para cambiar tu contrase\u00f1a, primero inicia sesi\u00f3n en Cowboyspin, luego ve a la configuraci\u00f3n de seguridad y selecciona la opci\u00f3n de cambiar contrase\u00f1a o utiliza la contrase\u00f1a actual. Del mismo modo, puedes escribir al responsable de atenci\u00f3n al cliente si tienes dudas sobre la configuraci\u00f3n.<\/p>\n<h3>\u00bfQu\u00e9 debo hacer si mi cuenta est\u00e1 bloqueada?<\/h3>\n<p>El bloqueo de una cuenta en Cowboyspin Casino suele producirse si nuestro sistema antiefraude detecta actividad sospechosa en tu cuenta. Bloqueamos todo de inmediato. Pero a veces se debe simplemente a que intentas iniciar sesi\u00f3n en Cowboyspin demasiadas veces, y congelamos temporalmente la cuenta hasta que te pongas en contacto con nosotros. Ponte en contacto con nuestro equipo de atenci\u00f3n al cliente multiling\u00fce para verificar tu identidad y resolver el problema. Es muy r\u00e1pido y f\u00e1cil.<\/p>\n<\/div><\/div><\/p>\n","protected":false},"excerpt":{"rendered":"<p>Inicio de sesi\u00f3n, registro y gesti\u00f3n de la cuenta en Cowboyspin Cowboyspin login es uno de los pasos m\u00e1s importantes para que los jugadores espa\u00f1oles puedan aprovechar todas las posibilidades que ofrece nuestra plataforma. Tras registrarse, los usuarios pueden jugar con facilidad, gestionar sus cuentas y disfrutar de un entorno seguro protegido por sistemas de [&hellip;]<\/p>\n","protected":false},"author":1,"featured_media":0,"parent":0,"menu_order":0,"comment_status":"closed","ping_status":"closed","template":"template-builder.php","meta":{"_acf_changed":false,"inline_featured_image":false,"footnotes":""},"class_list":["post-1487","page","type-page","status-publish","hentry"],"acf":[],"yoast_head":"<!-- This site is optimized with the Yoast SEO plugin v27.3 - https:\/\/yoast.com\/product\/yoast-seo-wordpress\/ -->\n<title>Cowboyspin Inicio de sesi\u00f3n : registrarse y gestionar la cuenta<\/title>\n<meta name=\"description\" content=\"Cree, gestione y verifique f\u00e1cilmente su cuenta de Cowboyspin Casino con un registro r\u00e1pido, una recuperaci\u00f3n de cuenta sin complicaciones y un cierre de cuenta seguro, lo que garantiza una protecci\u00f3n 24\/7 a trav\u00e9s de Cowboyspin Login.\" \/>\n<meta name=\"robots\" content=\"index, follow, max-snippet:-1, max-image-preview:large, max-video-preview:-1\" \/>\n<link rel=\"canonical\" href=\"https:\/\/cowboyspincasino.org\/es\/inicio-de-sesion-y-registro\/\" \/>\n<meta property=\"og:locale\" content=\"es_ES\" \/>\n<meta property=\"og:type\" content=\"article\" \/>\n<meta property=\"og:title\" content=\"Cowboyspin Inicio de sesi\u00f3n : registrarse y gestionar la cuenta\" \/>\n<meta property=\"og:description\" content=\"Cree, gestione y verifique f\u00e1cilmente su cuenta de Cowboyspin Casino con un registro r\u00e1pido, una recuperaci\u00f3n de cuenta sin complicaciones y un cierre de cuenta seguro, lo que garantiza una protecci\u00f3n 24\/7 a trav\u00e9s de Cowboyspin Login.\" \/>\n<meta property=\"og:url\" content=\"https:\/\/cowboyspincasino.org\/es\/inicio-de-sesion-y-registro\/\" \/>\n<meta property=\"og:site_name\" content=\"cowboyspin\" \/>\n<meta property=\"article:modified_time\" content=\"2026-03-23T18:38:49+00:00\" \/>\n<meta name=\"twitter:card\" content=\"summary_large_image\" \/>\n<meta name=\"twitter:label1\" content=\"Est. reading time\" \/>\n\t<meta name=\"twitter:data1\" content=\"1 minute\" \/>\n<script type=\"application\/ld+json\" class=\"yoast-schema-graph\">{\"@context\":\"https:\\\/\\\/schema.org\",\"@graph\":[{\"@type\":\"WebPage\",\"@id\":\"https:\\\/\\\/cowboyspincasino.org\\\/es\\\/inicio-de-sesion-y-registro\\\/\",\"url\":\"https:\\\/\\\/cowboyspincasino.org\\\/es\\\/inicio-de-sesion-y-registro\\\/\",\"name\":\"Cowboyspin Inicio de sesi\u00f3n : registrarse y gestionar la cuenta\",\"isPartOf\":{\"@id\":\"https:\\\/\\\/cowboyspincasino.org\\\/es\\\/#website\"},\"datePublished\":\"2026-01-20T12:11:11+00:00\",\"dateModified\":\"2026-03-23T18:38:49+00:00\",\"description\":\"Cree, gestione y verifique f\u00e1cilmente su cuenta de Cowboyspin Casino con un registro r\u00e1pido, una recuperaci\u00f3n de cuenta sin complicaciones y un cierre de cuenta seguro, lo que garantiza una protecci\u00f3n 24\\\/7 a trav\u00e9s de Cowboyspin Login.\",\"breadcrumb\":{\"@id\":\"https:\\\/\\\/cowboyspincasino.org\\\/es\\\/inicio-de-sesion-y-registro\\\/#breadcrumb\"},\"inLanguage\":\"es-ES\",\"potentialAction\":[{\"@type\":\"ReadAction\",\"target\":[\"https:\\\/\\\/cowboyspincasino.org\\\/es\\\/inicio-de-sesion-y-registro\\\/\"]}]},{\"@type\":\"BreadcrumbList\",\"@id\":\"https:\\\/\\\/cowboyspincasino.org\\\/es\\\/inicio-de-sesion-y-registro\\\/#breadcrumb\",\"itemListElement\":[{\"@type\":\"ListItem\",\"position\":1,\"name\":\"Cowboyspin\",\"item\":\"https:\\\/\\\/cowboyspincasino.org\\\/es\\\/\"},{\"@type\":\"ListItem\",\"position\":2,\"name\":\"Inicio de sesi\u00f3n y Registro\"}]},{\"@type\":\"WebSite\",\"@id\":\"https:\\\/\\\/cowboyspincasino.org\\\/es\\\/#website\",\"url\":\"https:\\\/\\\/cowboyspincasino.org\\\/es\\\/\",\"name\":\"Cowboyspin\",\"description\":\"\",\"publisher\":{\"@id\":\"https:\\\/\\\/cowboyspincasino.org\\\/es\\\/#organization\"},\"potentialAction\":[{\"@type\":\"SearchAction\",\"target\":{\"@type\":\"EntryPoint\",\"urlTemplate\":\"https:\\\/\\\/cowboyspincasino.org\\\/es\\\/?s={search_term_string}\"},\"query-input\":{\"@type\":\"PropertyValueSpecification\",\"valueRequired\":true,\"valueName\":\"search_term_string\"}}],\"inLanguage\":\"es-ES\"},{\"@type\":\"Organization\",\"@id\":\"https:\\\/\\\/cowboyspincasino.org\\\/es\\\/#organization\",\"name\":\"Cowboyspin\",\"url\":\"https:\\\/\\\/cowboyspincasino.org\\\/es\\\/\",\"logo\":{\"@type\":\"ImageObject\",\"inLanguage\":\"es-ES\",\"@id\":\"https:\\\/\\\/cowboyspincasino.org\\\/es\\\/#\\\/schema\\\/logo\\\/image\\\/\",\"url\":\"https:\\\/\\\/cowboyspincasino.org\\\/wp-content\\\/uploads\\\/2026\\\/03\\\/cowboyspin-logo.png\",\"contentUrl\":\"https:\\\/\\\/cowboyspincasino.org\\\/wp-content\\\/uploads\\\/2026\\\/03\\\/cowboyspin-logo.png\",\"width\":180,\"height\":66,\"caption\":\"Cowboyspin\"},\"image\":{\"@id\":\"https:\\\/\\\/cowboyspincasino.org\\\/es\\\/#\\\/schema\\\/logo\\\/image\\\/\"}}]}<\/script>\n<!-- \/ Yoast SEO plugin. -->","yoast_head_json":{"title":"Cowboyspin Inicio de sesi\u00f3n : registrarse y gestionar la cuenta","description":"Cree, gestione y verifique f\u00e1cilmente su cuenta de Cowboyspin Casino con un registro r\u00e1pido, una recuperaci\u00f3n de cuenta sin complicaciones y un cierre de cuenta seguro, lo que garantiza una protecci\u00f3n 24\/7 a trav\u00e9s de Cowboyspin Login.","robots":{"index":"index","follow":"follow","max-snippet":"max-snippet:-1","max-image-preview":"max-image-preview:large","max-video-preview":"max-video-preview:-1"},"canonical":"https:\/\/cowboyspincasino.org\/es\/inicio-de-sesion-y-registro\/","og_locale":"es_ES","og_type":"article","og_title":"Cowboyspin Inicio de sesi\u00f3n : registrarse y gestionar la cuenta","og_description":"Cree, gestione y verifique f\u00e1cilmente su cuenta de Cowboyspin Casino con un registro r\u00e1pido, una recuperaci\u00f3n de cuenta sin complicaciones y un cierre de cuenta seguro, lo que garantiza una protecci\u00f3n 24\/7 a trav\u00e9s de Cowboyspin Login.","og_url":"https:\/\/cowboyspincasino.org\/es\/inicio-de-sesion-y-registro\/","og_site_name":"cowboyspin","article_modified_time":"2026-03-23T18:38:49+00:00","twitter_card":"summary_large_image","twitter_misc":{"Est. reading time":"1 minute"},"schema":{"@context":"https:\/\/schema.org","@graph":[{"@type":"WebPage","@id":"https:\/\/cowboyspincasino.org\/es\/inicio-de-sesion-y-registro\/","url":"https:\/\/cowboyspincasino.org\/es\/inicio-de-sesion-y-registro\/","name":"Cowboyspin Inicio de sesi\u00f3n : registrarse y gestionar la cuenta","isPartOf":{"@id":"https:\/\/cowboyspincasino.org\/es\/#website"},"datePublished":"2026-01-20T12:11:11+00:00","dateModified":"2026-03-23T18:38:49+00:00","description":"Cree, gestione y verifique f\u00e1cilmente su cuenta de Cowboyspin Casino con un registro r\u00e1pido, una recuperaci\u00f3n de cuenta sin complicaciones y un cierre de cuenta seguro, lo que garantiza una protecci\u00f3n 24\/7 a trav\u00e9s de Cowboyspin Login.","breadcrumb":{"@id":"https:\/\/cowboyspincasino.org\/es\/inicio-de-sesion-y-registro\/#breadcrumb"},"inLanguage":"es-ES","potentialAction":[{"@type":"ReadAction","target":["https:\/\/cowboyspincasino.org\/es\/inicio-de-sesion-y-registro\/"]}]},{"@type":"BreadcrumbList","@id":"https:\/\/cowboyspincasino.org\/es\/inicio-de-sesion-y-registro\/#breadcrumb","itemListElement":[{"@type":"ListItem","position":1,"name":"Cowboyspin","item":"https:\/\/cowboyspincasino.org\/es\/"},{"@type":"ListItem","position":2,"name":"Inicio de sesi\u00f3n y Registro"}]},{"@type":"WebSite","@id":"https:\/\/cowboyspincasino.org\/es\/#website","url":"https:\/\/cowboyspincasino.org\/es\/","name":"Cowboyspin","description":"","publisher":{"@id":"https:\/\/cowboyspincasino.org\/es\/#organization"},"potentialAction":[{"@type":"SearchAction","target":{"@type":"EntryPoint","urlTemplate":"https:\/\/cowboyspincasino.org\/es\/?s={search_term_string}"},"query-input":{"@type":"PropertyValueSpecification","valueRequired":true,"valueName":"search_term_string"}}],"inLanguage":"es-ES"},{"@type":"Organization","@id":"https:\/\/cowboyspincasino.org\/es\/#organization","name":"Cowboyspin","url":"https:\/\/cowboyspincasino.org\/es\/","logo":{"@type":"ImageObject","inLanguage":"es-ES","@id":"https:\/\/cowboyspincasino.org\/es\/#\/schema\/logo\/image\/","url":"https:\/\/cowboyspincasino.org\/wp-content\/uploads\/2026\/03\/cowboyspin-logo.png","contentUrl":"https:\/\/cowboyspincasino.org\/wp-content\/uploads\/2026\/03\/cowboyspin-logo.png","width":180,"height":66,"caption":"Cowboyspin"},"image":{"@id":"https:\/\/cowboyspincasino.org\/es\/#\/schema\/logo\/image\/"}}]}},"_links":{"self":[{"href":"https:\/\/cowboyspincasino.org\/es\/wp-json\/wp\/v2\/pages\/1487","targetHints":{"allow":["GET"]}}],"collection":[{"href":"https:\/\/cowboyspincasino.org\/es\/wp-json\/wp\/v2\/pages"}],"about":[{"href":"https:\/\/cowboyspincasino.org\/es\/wp-json\/wp\/v2\/types\/page"}],"author":[{"embeddable":true,"href":"https:\/\/cowboyspincasino.org\/es\/wp-json\/wp\/v2\/users\/1"}],"replies":[{"embeddable":true,"href":"https:\/\/cowboyspincasino.org\/es\/wp-json\/wp\/v2\/comments?post=1487"}],"version-history":[{"count":3,"href":"https:\/\/cowboyspincasino.org\/es\/wp-json\/wp\/v2\/pages\/1487\/revisions"}],"predecessor-version":[{"id":2078,"href":"https:\/\/cowboyspincasino.org\/es\/wp-json\/wp\/v2\/pages\/1487\/revisions\/2078"}],"wp:attachment":[{"href":"https:\/\/cowboyspincasino.org\/es\/wp-json\/wp\/v2\/media?parent=1487"}],"curies":[{"name":"wp","href":"https:\/\/api.w.org\/{rel}","templated":true}]}}