{"id":1440,"date":"2026-01-20T12:08:23","date_gmt":"2026-01-20T12:08:23","guid":{"rendered":"https:\/\/bonuskongcasino.com\/app\/"},"modified":"2026-03-23T11:04:14","modified_gmt":"2026-03-23T11:04:14","slug":"app","status":"publish","type":"page","link":"https:\/\/cowboyspincasino.org\/fr\/app\/","title":{"rendered":"App"},"content":{"rendered":"<h1>Cowboy Spin Casino sur appareils mobiles<\/h1>\n<p>Cowboyspin app a pour priorit\u00e9 d&rsquo;offrir \u00e0 tous les joueurs une exp\u00e9rience mobile robuste, s\u00e9curis\u00e9e et fantastique. Vous pouvez jouer aux machines \u00e0 sous en ligne, aux jeux de table et au casino en direct o\u00f9 que vous soyez. L&rsquo;application dispose de la technologie la plus moderne et la plus sophistiqu\u00e9e pour rendre votre exp\u00e9rience de jeu fluide et \u00e9l\u00e9gante. Nous vous offrons rapidit\u00e9, s\u00e9curit\u00e9 et navigation facile. Avec plusieurs options d&rsquo;acc\u00e8s mobile, l&rsquo;application Cowboy Spin deviendra votre moyen pr\u00e9f\u00e9r\u00e9 de jouer au casino en ligne.<\/p>\n<div class=\"banner-wrap\" aria-label=\"Banner\"><img src=\"https:\/\/cowboyspincasino.org\/wp-content\/uploads\/2026\/03\/banner-desktop2x.webp\" class=\"w-100 d-none d-lg-block img-pc main-banner-img\" alt=\"Cowboyspin bonus desktop\" fetchpriority=\"high\" decoding=\"async\"><img src=\"https:\/\/cowboyspincasino.org\/wp-content\/uploads\/2026\/03\/banner-mobile2x.webp\" class=\"w-100 d-none d-md-block d-lg-none main-banner-img\" alt=\"Cowboyspin bonus mobile\" fetchpriority=\"high\" decoding=\"async\"><img src=\"https:\/\/cowboyspincasino.org\/wp-content\/uploads\/2026\/03\/banner-mobile2x.webp\" class=\"w-100 d-md-none\" alt=\"Cowboyspin bonus mobile\" fetchpriority=\"high\" decoding=\"async\"><div class=\"banner-description\">\n<div class=\"banner-title\">Bonus de bienvenue<\/div>\n<p class=\"banner-header-title\">1500 \u20ac<\/p>\n<div class=\"banner-header-AdditionalText\">+ 250 Tours gratuits<\/div>\n<button data-item=\"homepage_banner_link\" class=\"goto m-button m-gradient-border m-button--primary m-button--large banner-button btn-orange\">\n            <div class=\"m-button-content\">\n                <span>Inscrivez-vous d\u00e8s maintenant<\/span>\n                <span><\/span>\n            <\/div>\n        <\/button>\n<\/div>\n<div class=\"WelcomePack\">\n<p><img loading=\"lazy\" decoding=\"async\" class=\"alignnone size-full wp-image-1852\" src=\"https:\/\/cowboyspincasino.org\/wp-content\/uploads\/2026\/03\/welcome-crown.png\" alt=\"welcome crown\" width=\"25\" height=\"26\" \/><\/p>\n<div class=\"WelcomePack-Info\">Cashback hebdomadaire jusqu&rsquo;\u00e0 25 %<\/div>\n<p><img loading=\"lazy\" decoding=\"async\" class=\"alignnone size-full wp-image-1852\" src=\"https:\/\/cowboyspincasino.org\/wp-content\/uploads\/2026\/03\/welcome-crown.png\" alt=\"welcome crown\" width=\"25\" height=\"26\" \/><\/p>\n<\/div>\n<\/div>\n<h2>Options d&rsquo;acc\u00e8s mobile \u00e0 Cowboyspin<\/h2>\n<p>L&rsquo;application Cowboyspin Casino offre des moyens pratiques d&rsquo;acc\u00e9der \u00e0 notre vaste collection de jeux. Les joueurs b\u00e9n\u00e9ficient de performances, d&rsquo;une s\u00e9curit\u00e9 et d&rsquo;un confort am\u00e9lior\u00e9s dans notre version PWA, tout comme lorsqu&rsquo;ils jouent r\u00e9guli\u00e8rement sur un ordinateur portable. Les fonctionnalit\u00e9s mobiles de la plateforme imitent si parfaitement l&rsquo;exp\u00e9rience sur ordinateur de bureau que les joueurs ne voient aucune diff\u00e9rence en termes de graphismes de haute qualit\u00e9, de chargement rapide et de fluidit\u00e9 de jeu sur toutes les plateformes. Depuis le lancement de la PWA, nous nous sommes attach\u00e9s \u00e0 offrir une exp\u00e9rience de jeu s\u00e9curis\u00e9e, fiable et interactive aux utilisateurs mobiles.<\/p>\n<p>Cowboyspin Casino met l&rsquo;accent sur la commodit\u00e9, et voici comment :<\/p>\n<ul>\n<li>Les joueurs peuvent facilement passer d&rsquo;un appareil \u00e0 l&rsquo;autre ou reprendre la m\u00eame partie sans perdre leur progression.<\/li>\n<li>L&rsquo;architecture l\u00e9g\u00e8re permet d&rsquo;\u00e9conomiser la batterie.<\/li>\n<li>L&rsquo;application Cowboyspin respecte des normes visuelles et fonctionnelles \u00e9lev\u00e9es.<\/li>\n<li>Processus de v\u00e9rification simple pour tous.<\/li>\n<\/ul>\n<p>C&rsquo;est pourquoi Cowboyspin est un choix populaire parmi les joueurs qui recherchent un casino mobile complet et souhaitent pouvoir jouer \u00e0 tout moment et en tout lieu.<\/p>\n<p><div class=\"scrollable-content-wrap my-5\"><div class=\"scrollable-content-inner\"><h2>Application Cowboyspin pour iOS<\/h2>\n<p>L&rsquo;application Cowboyspin s\u00e9duit les utilisateurs d&rsquo;iPhone et d&rsquo;iPad \u00e0 la recherche d&rsquo;une application sp\u00e9cialis\u00e9e aussi simple \u00e0 utiliser qu&rsquo;un raccourci, sans \u00eatre plus lourde. Elle offre une exp\u00e9rience native sur n&rsquo;importe quel appareil iOS, garantissant ainsi des performances fluides et des commandes r\u00e9actives. Vous b\u00e9n\u00e9ficiez d&rsquo;une installation ultra-simple, car l&rsquo;application se pr\u00e9sente sous la forme d&rsquo;un simple raccourci qui s&rsquo;affiche sur votre \u00e9cran d&rsquo;accueil.<\/p>\n<p>Une fois install\u00e9e, l&rsquo;application Cowboyspin pour iOS offre un design r\u00e9actif adapt\u00e9 \u00e0 diff\u00e9rentes tailles d&rsquo;\u00e9cran. Vous pouvez acc\u00e9der facilement aux machines \u00e0 sous en ligne, aux jeux de casino en direct, \u00e0 des collections de Books aux intrigues d&rsquo;aventure incroyables, \u00e0 des roues de la chance, et bien s\u00fbr, \u00e0 la possibilit\u00e9 de toujours contacter notre service d&rsquo;assistance en cas de probl\u00e8mes techniques ou de transactions.<\/p>\n<p>Vous pouvez utiliser notre application Cowboy Spin m\u00eame en d\u00e9placement ! Tout ce dont vous avez besoin est \u00e0 port\u00e9e de main. Comment ?<\/p>\n<ul>\n<li>La navigation dans les menus est simple et intuitive.<\/li>\n<li>L&rsquo;exp\u00e9rience de jeu est plus agr\u00e9able.<\/li>\n<li>La s\u00e9curit\u00e9 est \u00e9galement une priorit\u00e9.<\/li>\n<li>Nous disposons de connexions crypt\u00e9es et d&rsquo;un processus de v\u00e9rification simplifi\u00e9 qui permet aux joueurs d&rsquo;effectuer des d\u00e9p\u00f4ts, des retraits et de v\u00e9rifier leurs comptes Cowboy Spin efficacement.<\/li>\n<\/ul>\n<p>Les mises \u00e0 jour s&rsquo;effectuent automatiquement en arri\u00e8re-plan, afin que les utilisateurs ne manquent jamais aucune nouvelle fonctionnalit\u00e9 ou am\u00e9lioration de s\u00e9curit\u00e9. La petite taille de l&rsquo;application Cowboyspin Casino lui permet de fonctionner sur n&rsquo;importe quel appareil iOS, m\u00eame ceux disposant d&rsquo;un espace de stockage limit\u00e9.<\/p>\n<p><img loading=\"lazy\" decoding=\"async\" class=\"alignnone size-full wp-image-1932\" src=\"https:\/\/cowboyspincasino.org\/wp-content\/uploads\/2026\/03\/Cowboyspin-iOS-App.webp\" alt=\"Cowboyspin iOS App\" width=\"1248\" height=\"536\" srcset=\"https:\/\/cowboyspincasino.org\/wp-content\/uploads\/2026\/03\/Cowboyspin-iOS-App.webp 1248w, https:\/\/cowboyspincasino.org\/wp-content\/uploads\/2026\/03\/Cowboyspin-iOS-App-300x129.webp 300w, https:\/\/cowboyspincasino.org\/wp-content\/uploads\/2026\/03\/Cowboyspin-iOS-App-1024x440.webp 1024w, https:\/\/cowboyspincasino.org\/wp-content\/uploads\/2026\/03\/Cowboyspin-iOS-App-768x330.webp 768w\" sizes=\"auto, (max-width: 1248px) 100vw, 1248px\" \/><\/p>\n<\/div><\/div><div style=\"clear: both\"><\/div><div class=\"d-flex justify-content-center\"><button data-item=\"decouvrez_link\" data-group=\"website_links\" class=\"goto fw-bold rounded-pill btn btn-orange\" aria-label=\"T\u00e9l\u00e9chargez l&#039;application Cowboyspin\" >T\u00e9l\u00e9chargez l&#039;application Cowboyspin<\/button><\/div><div class=\"scrollable-content-wrap my-5\"><div class=\"scrollable-content-inner\"><h2>Application Android Cowboyspin<\/h2>\n<p>Les utilisateurs Android peuvent explorer Cowboyspin Casino en toute simplicit\u00e9, car nous proposons \u00e9galement une PWA ! Ce type d&rsquo;application ne n\u00e9cessite pas l&rsquo;installation du fichier APK. Cette strat\u00e9gie renforce la s\u00e9curit\u00e9 en \u00e9liminant les boutiques d&rsquo;applications tierces et en facilitant la configuration.<\/p>\n<p>Le processus d&rsquo;installation de l&rsquo;application Android n\u00e9cessite :<\/p>\n<ol>\n<li>Ouvrez la page de Cowboy Spin Casino et cliquez sur le bouton \u00ab Application Casino \u00bb.<\/li>\n<li>Suivez quelques instructions simples pour ajouter l&rsquo;application \u00e0 la page d&rsquo;accueil (charger la PWA).<\/li>\n<li>Enregistrez le raccourci quelque part sur votre \u00e9cran. Vous pouvez le d\u00e9placer n&rsquo;importe o\u00f9 sur l&rsquo;appareil.<\/li>\n<\/ol>\n<p>Une fois install\u00e9e, l&rsquo;application Cowboyspin permet d&rsquo;acc\u00e9der rapidement \u00e0 l&rsquo;ensemble de la biblioth\u00e8que de jeux, qui comprend des machines \u00e0 sous en ligne, un casino en direct et des bonus. Nous proposons \u00e9galement des notifications en temps r\u00e9el, afin que les joueurs soient inform\u00e9s des promotions, des tournois et des activit\u00e9s importantes sur leur compte. Elle est l\u00e9g\u00e8re, ce qui signifie qu&rsquo;elle utilise peu de donn\u00e9es, et elle est id\u00e9ale pour le jeu sur mobile.<\/p>\n<p><img loading=\"lazy\" decoding=\"async\" class=\"alignnone size-full wp-image-1924\" src=\"https:\/\/cowboyspincasino.org\/wp-content\/uploads\/2026\/03\/Cowboyspin-Android-App.webp\" alt=\"Cowboyspin Android App\" width=\"1248\" height=\"536\" srcset=\"https:\/\/cowboyspincasino.org\/wp-content\/uploads\/2026\/03\/Cowboyspin-Android-App.webp 1248w, https:\/\/cowboyspincasino.org\/wp-content\/uploads\/2026\/03\/Cowboyspin-Android-App-300x129.webp 300w, https:\/\/cowboyspincasino.org\/wp-content\/uploads\/2026\/03\/Cowboyspin-Android-App-1024x440.webp 1024w, https:\/\/cowboyspincasino.org\/wp-content\/uploads\/2026\/03\/Cowboyspin-Android-App-768x330.webp 768w\" sizes=\"auto, (max-width: 1248px) 100vw, 1248px\" \/><\/p>\n<\/div><\/div><div style=\"clear: both\"><\/div><div class=\"d-flex justify-content-center\"><button data-item=\"decouvrez_link\" data-group=\"website_links\" class=\"goto fw-bold rounded-pill btn btn-orange\" aria-label=\"T\u00e9l\u00e9charger Cowboyspin\" >T\u00e9l\u00e9charger Cowboyspin<\/button><\/div><div class=\"scrollable-content-wrap my-5\"><div class=\"scrollable-content-inner\"><h2>Applications Windows et Mac<\/h2>\n<p>L&rsquo;application PWA Cowboyspin Casino est tr\u00e8s pratique pour les utilisateurs d&rsquo;ordinateurs de bureau, car elle vous permet d&rsquo;ajuster votre \u00e9cran \u00e0 n&rsquo;importe quelle taille. Elle fonctionne directement dans le navigateur et ne n\u00e9cessite pas d&rsquo;installation depuis les boutiques d&rsquo;applications. Vous n&rsquo;avez pas besoin de parcourir des sites web de logiciels et de risquer d&rsquo;infecter votre ordinateur avec des virus.<\/p>\n<p>Notre application Cowboy Spin suit les principes du responsive design adaptatif, et sa mise en page ainsi que sa r\u00e9solution s&rsquo;adaptent automatiquement aux smartphones, tablettes et ordinateurs de bureau.<\/p>\n<p>Cette application web dispose de mises \u00e0 jour automatiques en arri\u00e8re-plan, ce qui signifie que les joueurs de Cowboyspin Casino utiliseront toujours la derni\u00e8re version sans avoir \u00e0 la mettre \u00e0 jour manuellement. Elle utilise des m\u00e9canismes de mise en cache contr\u00f4l\u00e9s, qui permettent un chargement rapide et une consommation de donn\u00e9es r\u00e9duite. La plupart des fonctions, telles que la navigation dans les menus de jeux et les param\u00e8tres de compte, sont disponibles \u00e0 tout moment !<\/p>\n<p><img loading=\"lazy\" decoding=\"async\" class=\"alignnone size-full wp-image-1940\" src=\"https:\/\/cowboyspincasino.org\/wp-content\/uploads\/2026\/03\/Cowboyspin-Desktop.webp\" alt=\"Cowboyspin Desktop\" width=\"1248\" height=\"536\" srcset=\"https:\/\/cowboyspincasino.org\/wp-content\/uploads\/2026\/03\/Cowboyspin-Desktop.webp 1248w, https:\/\/cowboyspincasino.org\/wp-content\/uploads\/2026\/03\/Cowboyspin-Desktop-300x129.webp 300w, https:\/\/cowboyspincasino.org\/wp-content\/uploads\/2026\/03\/Cowboyspin-Desktop-1024x440.webp 1024w, https:\/\/cowboyspincasino.org\/wp-content\/uploads\/2026\/03\/Cowboyspin-Desktop-768x330.webp 768w\" sizes=\"auto, (max-width: 1248px) 100vw, 1248px\" \/><\/p>\n<\/div><\/div><div style=\"clear: both\"><\/div><div class=\"d-flex justify-content-center\"><button data-item=\"decouvrez_link\" data-group=\"website_links\" class=\"goto fw-bold rounded-pill btn btn-orange\" aria-label=\"T\u00e9l\u00e9chargez l&#039;application Cowboyspin\" >T\u00e9l\u00e9chargez l&#039;application Cowboyspin<\/button><\/div><div class=\"scrollable-content-wrap my-5\"><div class=\"scrollable-content-inner\"><h2>S\u00e9curit\u00e9 et avantages de l&rsquo;application<\/h2>\n<p>L&rsquo;application PWA Cowboyspin utilise le cryptage TLS, vous n&rsquo;avez donc pas \u00e0 vous soucier de la s\u00e9curit\u00e9. Elle est rapide, fiable et s\u00fbre, alliant la facilit\u00e9 d&rsquo;utilisation d&rsquo;un navigateur web aux fonctionnalit\u00e9s d&rsquo;une application d\u00e9di\u00e9e.<\/p>\n<table>\n<tbody>\n<tr>\n<td>Composants techniques<\/td>\n<td>D\u00e9tails<\/td>\n<td>Pourquoi est-ce un avantage pour vous ?<\/td>\n<\/tr>\n<tr>\n<td>L\u00e9g\u00e8re<\/td>\n<td>Pour r\u00e9duire les op\u00e9rations en arri\u00e8re-plan inutiles, les ressources sont compress\u00e9es et les scripts optimis\u00e9s.<\/td>\n<td>Des temps de chargement plus rapides et une utilisation minimale des donn\u00e9es : votre batterie est pr\u00e9serv\u00e9e !<\/td>\n<\/tr>\n<tr>\n<td>Conception r\u00e9active<\/td>\n<td>La mise en page s&rsquo;adapte automatiquement aux diff\u00e9rentes tailles et orientations d&rsquo;\u00e9cran.<\/td>\n<td>Une exp\u00e9rience utilisateur coh\u00e9rente sur smartphones, tablettes et ordinateurs de bureau.<\/td>\n<\/tr>\n<tr>\n<td>Mises \u00e0 jour automatiques<\/td>\n<td>Les mises \u00e0 jour sont d\u00e9ploy\u00e9es automatiquement lorsque l&rsquo;application ou la page Web se recharge.<\/td>\n<td>Vous utilisez toujours la derni\u00e8re version avec les am\u00e9liorations de s\u00e9curit\u00e9.<\/td>\n<\/tr>\n<tr>\n<td>H\u00e9bergement s\u00e9curis\u00e9 dans le cloud<\/td>\n<td>H\u00e9bergement sur des serveurs haute performance avec \u00e9quilibrage de charge.<\/td>\n<td>Performances fiables et stables, m\u00eame en cas de trafic intense<\/td>\n<\/tr>\n<tr>\n<td>Syst\u00e8me de mise en cache optimis\u00e9<\/td>\n<td>Les \u00e9l\u00e9ments fr\u00e9quemment utilis\u00e9s sont stock\u00e9s localement sur l&rsquo;appareil.<\/td>\n<td>Transitions plus rapides entre les pages, sans d\u00e9lai.<\/td>\n<\/tr>\n<\/tbody>\n<\/table>\n<h2>FAQ<\/h2>\n<h3>Faut-il cr\u00e9er un compte pour utiliser l&rsquo;application Cowboy Spin ?<\/h3>\n<p>Oui, pour profiter pleinement des fonctionnalit\u00e9s de l&rsquo;application Cowboyspin, vous devez cr\u00e9er un compte. Nous sommes certains que vous souhaitez b\u00e9n\u00e9ficier de toutes les fonctionnalit\u00e9s de notre casino mobile. L&rsquo;inscription est donc tr\u00e8s importante : en quelques clics, votre compte Cowboyspin Casino est cr\u00e9\u00e9 et op\u00e9rationnel.<\/p>\n<h3>L&rsquo;application Cowboyspin Casino propose-t-elle un service client ?<\/h3>\n<p>L&rsquo;application Cowboyspin dispose d&rsquo;un service de chat en direct, tout comme notre version compl\u00e8te. Vous pouvez ainsi facilement contacter l&rsquo;\u00e9quipe d&rsquo;assistance pour poser des questions ou r\u00e9soudre des probl\u00e8mes en temps r\u00e9el. L&rsquo;assistance est \u00e9galement disponible \u00e0 certaines heures pour r\u00e9pondre \u00e0 vos questions d&rsquo;ordre technique ou concernant votre compte.<\/p>\n<h3>Que faire si l&rsquo;application plante ou se bloque ?<\/h3>\n<p>En cas de plantage ou de non-r\u00e9ponse de l&rsquo;application Cowboyspin Casino, la premi\u00e8re chose \u00e0 faire est de red\u00e9marrer l&rsquo;application et de vider le cache. Si cela ne r\u00e9sout pas le probl\u00e8me, il est pr\u00e9f\u00e9rable de mettre \u00e0 jour l&rsquo;application ou le navigateur vers la derni\u00e8re version pour la rendre plus stable. Si vous rencontrez des probl\u00e8mes non r\u00e9solus, veuillez nous contacter via le chat en direct sur la page Contact.<\/p>\n<\/div><\/div><\/p>\n","protected":false},"excerpt":{"rendered":"<p>Cowboy Spin Casino sur appareils mobiles Cowboyspin app a pour priorit\u00e9 d&rsquo;offrir \u00e0 tous les joueurs une exp\u00e9rience mobile robuste, s\u00e9curis\u00e9e et fantastique. Vous pouvez jouer aux machines \u00e0 sous en ligne, aux jeux de table et au casino en direct o\u00f9 que vous soyez. L&rsquo;application dispose de la technologie la plus moderne et la [&hellip;]<\/p>\n","protected":false},"author":1,"featured_media":0,"parent":0,"menu_order":0,"comment_status":"closed","ping_status":"closed","template":"template-builder.php","meta":{"_acf_changed":false,"inline_featured_image":false,"footnotes":""},"class_list":["post-1440","page","type-page","status-publish","hentry"],"acf":[],"yoast_head":"<!-- This site is optimized with the Yoast SEO plugin v27.3 - https:\/\/yoast.com\/product\/yoast-seo-wordpress\/ -->\n<title>Cowboyspin App T\u00e9l\u00e9chargement | iOS et Android<\/title>\n<meta name=\"description\" content=\"L&#039;application Cowboyspin garantit une exp\u00e9rience de jeu fluide sur les plateformes Android, iOS, Windows et macOS, avec synchronisation des comptes, mises \u00e0 jour r\u00e9guli\u00e8res et assistance client int\u00e9gr\u00e9e pour une utilisation simplifi\u00e9e.\" \/>\n<meta name=\"robots\" content=\"index, follow, max-snippet:-1, max-image-preview:large, max-video-preview:-1\" \/>\n<link rel=\"canonical\" href=\"https:\/\/cowboyspincasino.org\/fr\/app\/\" \/>\n<meta property=\"og:locale\" content=\"fr_FR\" \/>\n<meta property=\"og:type\" content=\"article\" \/>\n<meta property=\"og:title\" content=\"Cowboyspin App T\u00e9l\u00e9chargement | iOS et Android\" \/>\n<meta property=\"og:description\" content=\"L&#039;application Cowboyspin garantit une exp\u00e9rience de jeu fluide sur les plateformes Android, iOS, Windows et macOS, avec synchronisation des comptes, mises \u00e0 jour r\u00e9guli\u00e8res et assistance client int\u00e9gr\u00e9e pour une utilisation simplifi\u00e9e.\" \/>\n<meta property=\"og:url\" content=\"https:\/\/cowboyspincasino.org\/fr\/app\/\" \/>\n<meta property=\"og:site_name\" content=\"cowboyspin\" \/>\n<meta property=\"article:modified_time\" content=\"2026-03-23T11:04:14+00:00\" \/>\n<meta name=\"twitter:card\" content=\"summary_large_image\" \/>\n<meta name=\"twitter:label1\" content=\"Dur\u00e9e de lecture estim\u00e9e\" \/>\n\t<meta name=\"twitter:data1\" content=\"2 minutes\" \/>\n<script type=\"application\/ld+json\" class=\"yoast-schema-graph\">{\"@context\":\"https:\\\/\\\/schema.org\",\"@graph\":[{\"@type\":\"WebPage\",\"@id\":\"https:\\\/\\\/cowboyspincasino.org\\\/fr\\\/app\\\/\",\"url\":\"https:\\\/\\\/cowboyspincasino.org\\\/fr\\\/app\\\/\",\"name\":\"Cowboyspin App T\u00e9l\u00e9chargement | iOS et Android\",\"isPartOf\":{\"@id\":\"https:\\\/\\\/cowboyspincasino.org\\\/fr\\\/#website\"},\"datePublished\":\"2026-01-20T12:08:23+00:00\",\"dateModified\":\"2026-03-23T11:04:14+00:00\",\"description\":\"L'application Cowboyspin garantit une exp\u00e9rience de jeu fluide sur les plateformes Android, iOS, Windows et macOS, avec synchronisation des comptes, mises \u00e0 jour r\u00e9guli\u00e8res et assistance client int\u00e9gr\u00e9e pour une utilisation simplifi\u00e9e.\",\"breadcrumb\":{\"@id\":\"https:\\\/\\\/cowboyspincasino.org\\\/fr\\\/app\\\/#breadcrumb\"},\"inLanguage\":\"fr-FR\",\"potentialAction\":[{\"@type\":\"ReadAction\",\"target\":[\"https:\\\/\\\/cowboyspincasino.org\\\/fr\\\/app\\\/\"]}]},{\"@type\":\"BreadcrumbList\",\"@id\":\"https:\\\/\\\/cowboyspincasino.org\\\/fr\\\/app\\\/#breadcrumb\",\"itemListElement\":[{\"@type\":\"ListItem\",\"position\":1,\"name\":\"Cowboyspin\",\"item\":\"https:\\\/\\\/cowboyspincasino.org\\\/fr\\\/\"},{\"@type\":\"ListItem\",\"position\":2,\"name\":\"App\"}]},{\"@type\":\"WebSite\",\"@id\":\"https:\\\/\\\/cowboyspincasino.org\\\/fr\\\/#website\",\"url\":\"https:\\\/\\\/cowboyspincasino.org\\\/fr\\\/\",\"name\":\"Cowboyspin\",\"description\":\"\",\"publisher\":{\"@id\":\"https:\\\/\\\/cowboyspincasino.org\\\/fr\\\/#organization\"},\"potentialAction\":[{\"@type\":\"SearchAction\",\"target\":{\"@type\":\"EntryPoint\",\"urlTemplate\":\"https:\\\/\\\/cowboyspincasino.org\\\/fr\\\/?s={search_term_string}\"},\"query-input\":{\"@type\":\"PropertyValueSpecification\",\"valueRequired\":true,\"valueName\":\"search_term_string\"}}],\"inLanguage\":\"fr-FR\"},{\"@type\":\"Organization\",\"@id\":\"https:\\\/\\\/cowboyspincasino.org\\\/fr\\\/#organization\",\"name\":\"Cowboyspin\",\"url\":\"https:\\\/\\\/cowboyspincasino.org\\\/fr\\\/\",\"logo\":{\"@type\":\"ImageObject\",\"inLanguage\":\"fr-FR\",\"@id\":\"https:\\\/\\\/cowboyspincasino.org\\\/fr\\\/#\\\/schema\\\/logo\\\/image\\\/\",\"url\":\"https:\\\/\\\/cowboyspincasino.org\\\/wp-content\\\/uploads\\\/2026\\\/03\\\/cowboyspin-logo.png\",\"contentUrl\":\"https:\\\/\\\/cowboyspincasino.org\\\/wp-content\\\/uploads\\\/2026\\\/03\\\/cowboyspin-logo.png\",\"width\":180,\"height\":66,\"caption\":\"Cowboyspin\"},\"image\":{\"@id\":\"https:\\\/\\\/cowboyspincasino.org\\\/fr\\\/#\\\/schema\\\/logo\\\/image\\\/\"}}]}<\/script>\n<!-- \/ Yoast SEO plugin. -->","yoast_head_json":{"title":"Cowboyspin App T\u00e9l\u00e9chargement | iOS et Android","description":"L'application Cowboyspin garantit une exp\u00e9rience de jeu fluide sur les plateformes Android, iOS, Windows et macOS, avec synchronisation des comptes, mises \u00e0 jour r\u00e9guli\u00e8res et assistance client int\u00e9gr\u00e9e pour une utilisation simplifi\u00e9e.","robots":{"index":"index","follow":"follow","max-snippet":"max-snippet:-1","max-image-preview":"max-image-preview:large","max-video-preview":"max-video-preview:-1"},"canonical":"https:\/\/cowboyspincasino.org\/fr\/app\/","og_locale":"fr_FR","og_type":"article","og_title":"Cowboyspin App T\u00e9l\u00e9chargement | iOS et Android","og_description":"L'application Cowboyspin garantit une exp\u00e9rience de jeu fluide sur les plateformes Android, iOS, Windows et macOS, avec synchronisation des comptes, mises \u00e0 jour r\u00e9guli\u00e8res et assistance client int\u00e9gr\u00e9e pour une utilisation simplifi\u00e9e.","og_url":"https:\/\/cowboyspincasino.org\/fr\/app\/","og_site_name":"cowboyspin","article_modified_time":"2026-03-23T11:04:14+00:00","twitter_card":"summary_large_image","twitter_misc":{"Dur\u00e9e de lecture estim\u00e9e":"2 minutes"},"schema":{"@context":"https:\/\/schema.org","@graph":[{"@type":"WebPage","@id":"https:\/\/cowboyspincasino.org\/fr\/app\/","url":"https:\/\/cowboyspincasino.org\/fr\/app\/","name":"Cowboyspin App T\u00e9l\u00e9chargement | iOS et Android","isPartOf":{"@id":"https:\/\/cowboyspincasino.org\/fr\/#website"},"datePublished":"2026-01-20T12:08:23+00:00","dateModified":"2026-03-23T11:04:14+00:00","description":"L'application Cowboyspin garantit une exp\u00e9rience de jeu fluide sur les plateformes Android, iOS, Windows et macOS, avec synchronisation des comptes, mises \u00e0 jour r\u00e9guli\u00e8res et assistance client int\u00e9gr\u00e9e pour une utilisation simplifi\u00e9e.","breadcrumb":{"@id":"https:\/\/cowboyspincasino.org\/fr\/app\/#breadcrumb"},"inLanguage":"fr-FR","potentialAction":[{"@type":"ReadAction","target":["https:\/\/cowboyspincasino.org\/fr\/app\/"]}]},{"@type":"BreadcrumbList","@id":"https:\/\/cowboyspincasino.org\/fr\/app\/#breadcrumb","itemListElement":[{"@type":"ListItem","position":1,"name":"Cowboyspin","item":"https:\/\/cowboyspincasino.org\/fr\/"},{"@type":"ListItem","position":2,"name":"App"}]},{"@type":"WebSite","@id":"https:\/\/cowboyspincasino.org\/fr\/#website","url":"https:\/\/cowboyspincasino.org\/fr\/","name":"Cowboyspin","description":"","publisher":{"@id":"https:\/\/cowboyspincasino.org\/fr\/#organization"},"potentialAction":[{"@type":"SearchAction","target":{"@type":"EntryPoint","urlTemplate":"https:\/\/cowboyspincasino.org\/fr\/?s={search_term_string}"},"query-input":{"@type":"PropertyValueSpecification","valueRequired":true,"valueName":"search_term_string"}}],"inLanguage":"fr-FR"},{"@type":"Organization","@id":"https:\/\/cowboyspincasino.org\/fr\/#organization","name":"Cowboyspin","url":"https:\/\/cowboyspincasino.org\/fr\/","logo":{"@type":"ImageObject","inLanguage":"fr-FR","@id":"https:\/\/cowboyspincasino.org\/fr\/#\/schema\/logo\/image\/","url":"https:\/\/cowboyspincasino.org\/wp-content\/uploads\/2026\/03\/cowboyspin-logo.png","contentUrl":"https:\/\/cowboyspincasino.org\/wp-content\/uploads\/2026\/03\/cowboyspin-logo.png","width":180,"height":66,"caption":"Cowboyspin"},"image":{"@id":"https:\/\/cowboyspincasino.org\/fr\/#\/schema\/logo\/image\/"}}]}},"_links":{"self":[{"href":"https:\/\/cowboyspincasino.org\/fr\/wp-json\/wp\/v2\/pages\/1440","targetHints":{"allow":["GET"]}}],"collection":[{"href":"https:\/\/cowboyspincasino.org\/fr\/wp-json\/wp\/v2\/pages"}],"about":[{"href":"https:\/\/cowboyspincasino.org\/fr\/wp-json\/wp\/v2\/types\/page"}],"author":[{"embeddable":true,"href":"https:\/\/cowboyspincasino.org\/fr\/wp-json\/wp\/v2\/users\/1"}],"replies":[{"embeddable":true,"href":"https:\/\/cowboyspincasino.org\/fr\/wp-json\/wp\/v2\/comments?post=1440"}],"version-history":[{"count":3,"href":"https:\/\/cowboyspincasino.org\/fr\/wp-json\/wp\/v2\/pages\/1440\/revisions"}],"predecessor-version":[{"id":2037,"href":"https:\/\/cowboyspincasino.org\/fr\/wp-json\/wp\/v2\/pages\/1440\/revisions\/2037"}],"wp:attachment":[{"href":"https:\/\/cowboyspincasino.org\/fr\/wp-json\/wp\/v2\/media?parent=1440"}],"curies":[{"name":"wp","href":"https:\/\/api.w.org\/{rel}","templated":true}]}}