{"id":1482,"date":"2026-01-20T12:11:11","date_gmt":"2026-01-20T12:11:11","guid":{"rendered":"https:\/\/bonuskongcasino.com\/login-and-registration\/"},"modified":"2026-03-23T11:10:38","modified_gmt":"2026-03-23T11:10:38","slug":"connexion-et-inscription","status":"publish","type":"page","link":"https:\/\/cowboyspincasino.org\/fr\/connexion-et-inscription\/","title":{"rendered":"Connexion et inscription"},"content":{"rendered":"<h1>Connexion, inscription et gestion de compte sur Cowboyspin<\/h1>\n<p>Cowboyspin login est l&rsquo;une des \u00e9tapes les plus importantes pour les joueurs qui souhaitent profiter de toutes les possibilit\u00e9s offertes par notre plateforme active. Une fois inscrits, les utilisateurs peuvent jouer en toute simplicit\u00e9, g\u00e9rer leur compte et profiter d&rsquo;un environnement s\u00e9curis\u00e9 prot\u00e9g\u00e9 par des syst\u00e8mes de s\u00e9curit\u00e9 de haute qualit\u00e9. Notre connexion facile est un moyen confidentiel et efficace d&rsquo;acc\u00e9der \u00e0 toutes les fonctionnalit\u00e9s et activit\u00e9s promotionnelles de Cowboyspin Casino, rendant ainsi le jeu en ligne relaxant et inoubliable.<\/p>\n<p><div class=\"banner-wrap\" aria-label=\"Banner\"><img src=\"https:\/\/cowboyspincasino.org\/wp-content\/uploads\/2026\/03\/banner-desktop2x.webp\" class=\"w-100 d-none d-lg-block img-pc main-banner-img\" alt=\"Cowboyspin bonus desktop\" fetchpriority=\"high\" decoding=\"async\"><img src=\"https:\/\/cowboyspincasino.org\/wp-content\/uploads\/2026\/03\/banner-mobile2x.webp\" class=\"w-100 d-none d-md-block d-lg-none main-banner-img\" alt=\"Cowboyspin bonus mobile\" fetchpriority=\"high\" decoding=\"async\"><img src=\"https:\/\/cowboyspincasino.org\/wp-content\/uploads\/2026\/03\/banner-mobile2x.webp\" class=\"w-100 d-md-none\" alt=\"Cowboyspin bonus mobile\" fetchpriority=\"high\" decoding=\"async\"><div class=\"banner-description\">\n<div class=\"banner-title\">Bonus de bienvenue<\/div>\n<p class=\"banner-header-title\">1500 \u20ac<\/p>\n<div class=\"banner-header-AdditionalText\">+ 250 Tours gratuits<\/div>\n<button data-item=\"homepage_banner_link\" class=\"goto m-button m-gradient-border m-button--primary m-button--large banner-button btn-orange\">\n            <div class=\"m-button-content\">\n                <span>Inscrivez-vous d\u00e8s maintenant<\/span>\n                <span><\/span>\n            <\/div>\n        <\/button>\n<\/div>\n<div class=\"WelcomePack\">\n<p><img loading=\"lazy\" decoding=\"async\" class=\"alignnone size-full wp-image-1852\" src=\"https:\/\/cowboyspincasino.org\/wp-content\/uploads\/2026\/03\/welcome-crown.png\" alt=\"welcome crown\" width=\"25\" height=\"26\" \/><\/p>\n<div class=\"WelcomePack-Info\">Cashback hebdomadaire jusqu&rsquo;\u00e0 25 %<\/div>\n<p><img loading=\"lazy\" decoding=\"async\" class=\"alignnone size-full wp-image-1852\" src=\"https:\/\/cowboyspincasino.org\/wp-content\/uploads\/2026\/03\/welcome-crown.png\" alt=\"welcome crown\" width=\"25\" height=\"26\" \/><\/p>\n<\/div>\n<\/div><div class=\"scrollable-content-wrap my-5\"><div class=\"scrollable-content-inner\"><h2>Inscription d&rsquo;un nouvel utilisateur sur Cowboyspin Casino<\/h2>\n<p>Le formulaire de connexion \u00e0 Cowboyspin vous ouvre les portes de toute la plateforme, vous donnant acc\u00e8s \u00e0 une grande vari\u00e9t\u00e9 de jeux, \u00e0 des bonus exclusifs et \u00e0 des moyens de d\u00e9poser et de retirer de l&rsquo;argent. Avec un compte en bonne et due forme, vous pouvez participer \u00e0 des jeux en argent r\u00e9el, profiter d&rsquo;offres promotionnelles et b\u00e9n\u00e9ficier de fonctionnalit\u00e9s de gestion de compte personnalis\u00e9es. Le processus d&rsquo;inscription a \u00e9t\u00e9 con\u00e7u pour faciliter votre int\u00e9gration.<\/p>\n<h3>Cr\u00e9ez votre compte<\/h3>\n<p>Vous avez d\u00e9cid\u00e9 de nous rejoindre. C&rsquo;est une excellente nouvelle pour Cowboy Spin Casino de vous compter parmi nous !<\/p>\n<ol>\n<li>Recherchez le bouton \u00ab S&rsquo;inscrire \u00bb, situ\u00e9 dans le coin sup\u00e9rieur droit de la page d&rsquo;accueil.<\/li>\n<li>Saisissez votre adresse e-mail valide et un mot de passe s\u00e9curis\u00e9. Le mot de passe doit respecter les exigences de s\u00e9curit\u00e9 de la plateforme ; \u00e9vitez donc les noms faciles \u00e0 deviner ou les mots \u00e9crits \u00e0 l&rsquo;envers.<\/li>\n<li>Acceptez les conditions g\u00e9n\u00e9rales, cochez la case de v\u00e9rification de l&rsquo;\u00e2ge et consultez notre politique de jeu responsable. Si vous \u00eates encore mineur, vous ne pouvez pas vous inscrire.<\/li>\n<li>Vous devez remplir le CAPTCHA pour confirmer que vous n&rsquo;\u00eates pas un robot.<\/li>\n<li>Terminez la proc\u00e9dure et attendez notre e-mail.<\/li>\n<li>Suivez les instructions contenues dans l&rsquo;e-mail et terminez votre inscription sur Cowboy Spin Casino.<\/li>\n<\/ol>\n<p>En cliquant sur le lien contenu dans cet e-mail, vous pouvez activer votre compte dans son int\u00e9gralit\u00e9 et acc\u00e9der imm\u00e9diatement \u00e0 la plateforme. Il est conseill\u00e9 de v\u00e9rifier votre bo\u00eete mail sans tarder afin d&rsquo;\u00e9viter tout retard dans l&rsquo;activation de votre compte Cowboy Spin.<\/p>\n<p><img loading=\"lazy\" decoding=\"async\" class=\"alignnone size-full wp-image-1948\" src=\"https:\/\/cowboyspincasino.org\/wp-content\/uploads\/2026\/03\/Cowboyspin.webp\" alt=\"Cowboyspin login\" width=\"1248\" height=\"536\" srcset=\"https:\/\/cowboyspincasino.org\/wp-content\/uploads\/2026\/03\/Cowboyspin.webp 1248w, https:\/\/cowboyspincasino.org\/wp-content\/uploads\/2026\/03\/Cowboyspin-300x129.webp 300w, https:\/\/cowboyspincasino.org\/wp-content\/uploads\/2026\/03\/Cowboyspin-1024x440.webp 1024w, https:\/\/cowboyspincasino.org\/wp-content\/uploads\/2026\/03\/Cowboyspin-768x330.webp 768w\" sizes=\"auto, (max-width: 1248px) 100vw, 1248px\" \/><\/p>\n<h2>G\u00e9rer un compte Cowboyspin<\/h2>\n<p>La connexion \u00e0 Cowboyspin est, par d\u00e9faut, la fonctionnalit\u00e9 la plus simple de notre casino, car le d\u00e9but du \u00ab rod\u00e9o \u00bb doit toujours se d\u00e9rouler sans accroc.<\/p>\n<p>Cr\u00e9ez votre compte via le portail de connexion Cowboyspin en saisissant votre adresse e-mail enregistr\u00e9e ainsi que votre mot de passe. Si l&rsquo;authentification \u00e0 deux facteurs est activ\u00e9e, nous vous demanderons de suivre une \u00e9tape d&rsquo;authentification suppl\u00e9mentaire via SMS ou une application d&rsquo;authentification.<\/p>\n<p>Dans le tableau de bord de votre compte, vous pouvez :<\/p>\n<ul>\n<li>Effectuer des d\u00e9p\u00f4ts via divers moyens de paiement.<\/li>\n<li>Retirer vos gains Cowboy Spin.<\/li>\n<li>Consulter l&rsquo;historique de vos transactions et votre solde.<\/li>\n<li>Activer ou d\u00e9sactiver les param\u00e8tres de s\u00e9curit\u00e9, tels que l&rsquo;authentification \u00e0 deux facteurs (2FA).<\/li>\n<li>Modifier les informations de votre profil Cowboy Spin, y compris votre adresse e-mail, et d\u00e9finir vos pr\u00e9f\u00e9rences.<\/li>\n<li>Recevez r\u00e9guli\u00e8rement des promotions et des bonus.<\/li>\n<li>Contactez le service client via le chat en direct int\u00e9gr\u00e9.<\/li>\n<\/ul>\n<p>Une exp\u00e9rience de jeu s\u00e9curis\u00e9e et personnalis\u00e9e rien que pour vous ! Profitez d&rsquo;une gestion de compte optimale. Il est conseill\u00e9 de mettre r\u00e9guli\u00e8rement \u00e0 jour vos coordonn\u00e9es et de garder vos param\u00e8tres de s\u00e9curit\u00e9 activ\u00e9s pour b\u00e9n\u00e9ficier d&rsquo;une protection maximale.<\/p>\n<h3>Si vous avez oubli\u00e9 vos identifiants<\/h3>\n<p>Si vous ne vous souvenez plus de votre mot de passe, il existe des \u00e9tapes simples pour y rem\u00e9dier et r\u00e9cup\u00e9rer vos identifiants.<\/p>\n<table>\n<tbody>\n<tr>\n<td>Action<\/td>\n<td>Description<\/td>\n<\/tr>\n<tr>\n<td>Cliquez sur \u00ab Mot de passe oubli\u00e9 ? \u00bb<\/td>\n<td>Rep\u00e9rez cette option sur la page de connexion de Cowboyspin et s\u00e9lectionnez-la.<\/td>\n<\/tr>\n<tr>\n<td>Saisissez l&rsquo;adresse e-mail enregistr\u00e9e<\/td>\n<td>Saisissez l&rsquo;adresse e-mail associ\u00e9e \u00e0 votre compte Cowboyspin.<\/td>\n<\/tr>\n<tr>\n<td>Recevez le lien de r\u00e9initialisation<\/td>\n<td>V\u00e9rifiez votre bo\u00eete de r\u00e9ception (et votre dossier de courrier ind\u00e9sirable) pour trouver l&rsquo;e-mail de r\u00e9initialisation du mot de passe.<\/td>\n<\/tr>\n<tr>\n<td>R\u00e9initialiser le mot de passe<\/td>\n<td>Cliquez sur le lien contenu dans l&rsquo;e-mail et suivez les instructions pour cr\u00e9er un nouveau mot de passe.<\/td>\n<\/tr>\n<tr>\n<td>Connectez-vous avec vos nouveaux identifiants<\/td>\n<td>Retournez sur la page de connexion et acc\u00e9dez \u00e0 votre compte \u00e0 l&rsquo;aide du nouveau mot de passe.<\/td>\n<\/tr>\n<tr>\n<td>\u00c9quipe d&rsquo;assistance (si n\u00e9cessaire)<\/td>\n<td>Contactez l&rsquo;assistance via le chat en direct pour obtenir de l&rsquo;aide si le probl\u00e8me persiste.<\/td>\n<\/tr>\n<\/tbody>\n<\/table>\n<h2>V\u00e9rification du compte et mesures de s\u00e9curit\u00e9 chez Cowboyspin Casino<\/h2>\n<p>Chez Cowboy Spin Casino, nous accordons une grande importance \u00e0 la proc\u00e9dure KYC. Il s&rsquo;agit d&rsquo;un processus de v\u00e9rification simple qui nous aide \u00e0 identifier nos joueurs et \u00e0 renforcer la s\u00e9curit\u00e9 globale de notre plateforme. Il vous suffit de nous envoyer une pi\u00e8ce d&rsquo;identit\u00e9 valide et un justificatif de domicile. Ensuite, apr\u00e8s v\u00e9rification et validation de notre part, ce qui ne prend pas plus de 48 heures, vous pourrez vous connecter librement \u00e0 Cowboy Spin et acc\u00e9der \u00e0 toutes les fonctionnalit\u00e9s de votre tableau de bord ainsi qu&rsquo;\u00e0 vos options financi\u00e8res.<\/p>\n<p>Mais outre le KYC, nous mettons en \u0153uvre de nombreuses autres solutions de s\u00e9curit\u00e9. Cowboyspin Casino dispose d&rsquo;une s\u00e9rie de couches de s\u00e9curit\u00e9, telles que l&rsquo;authentification \u00e0 deux facteurs et l&rsquo;utilisation du cryptage TLS, des logiciels anti-fraude, ainsi que de nombreux syst\u00e8mes de suppression des bots et des arnaques pour vous prot\u00e9ger, vous et votre argent. Vous \u00eates en s\u00e9curit\u00e9 avec Cowboyspin Casino.<\/p>\n<h2>FAQ<\/h2>\n<h3>Les tours gratuits ont-ils une date d&rsquo;expiration ?<\/h3>\n<p>Oui, les tours gratuits sur Cowboyspin Casino ont une date d&rsquo;expiration, qui d\u00e9pend du type de promotion. Les conditions g\u00e9n\u00e9rales de chaque bonus pr\u00e9cisent toujours tout en d\u00e9tail, mais pour l&rsquo;instant, retenez simplement que les tours de bienvenue expireront dans les 3 premiers jours, alors utilisez-les \u00e0 bon escient.<\/p>\n<h3>Comment mettre \u00e0 jour son mot de passe ou son adresse e-mail ?<\/h3>\n<p>Pour modifier votre mot de passe, connectez-vous d&rsquo;abord \u00e0 votre compte Cowboyspin, puis rendez-vous dans les param\u00e8tres de s\u00e9curit\u00e9 et s\u00e9lectionnez l&rsquo;option \u00ab Modifier le mot de passe \u00bb ou utilisez votre mot de passe actuel. De m\u00eame, vous pouvez simplement \u00e9crire au responsable du service client si vous avez des doutes concernant les param\u00e8tres.<\/p>\n<h3>Que faire si mon compte est bloqu\u00e9 ?<\/h3>\n<p>Un compte sur Cowboyspin Casino est g\u00e9n\u00e9ralement bloqu\u00e9 si notre syst\u00e8me anti-fraude d\u00e9tecte une activit\u00e9 suspecte sur votre compte. Nous bloquons imm\u00e9diatement tout. Mais parfois, cela est d\u00fb au fait que vous essayez de vous connecter \u00e0 Cowboyspin trop de fois, et nous gelons temporairement le compte jusqu&rsquo;\u00e0 ce que vous nous contactiez. Contactez notre \u00e9quipe d&rsquo;assistance multilingue pour v\u00e9rifier votre identit\u00e9 et r\u00e9soudre le probl\u00e8me. C&rsquo;est tr\u00e8s rapide et facile.<\/p>\n<\/div><\/div><\/p>\n","protected":false},"excerpt":{"rendered":"<p>Connexion, inscription et gestion de compte sur Cowboyspin Cowboyspin login est l&rsquo;une des \u00e9tapes les plus importantes pour les joueurs qui souhaitent profiter de toutes les possibilit\u00e9s offertes par notre plateforme active. Une fois inscrits, les utilisateurs peuvent jouer en toute simplicit\u00e9, g\u00e9rer leur compte et profiter d&rsquo;un environnement s\u00e9curis\u00e9 prot\u00e9g\u00e9 par des syst\u00e8mes de [&hellip;]<\/p>\n","protected":false},"author":1,"featured_media":0,"parent":0,"menu_order":0,"comment_status":"closed","ping_status":"closed","template":"template-builder.php","meta":{"_acf_changed":false,"inline_featured_image":false,"footnotes":""},"class_list":["post-1482","page","type-page","status-publish","hentry"],"acf":[],"yoast_head":"<!-- This site is optimized with the Yoast SEO plugin v27.3 - https:\/\/yoast.com\/product\/yoast-seo-wordpress\/ -->\n<title>Cowboyspin Connexion \u2013 Inscription et gestion du compte<\/title>\n<meta name=\"description\" content=\"Cr\u00e9ez, g\u00e9rez et v\u00e9rifiez facilement votre compte Cowboyspin Casino gr\u00e2ce \u00e0 une inscription rapide, une r\u00e9cup\u00e9ration de compte transparente et une fermeture de compte s\u00e9curis\u00e9e, garantissant une protection 24 heures sur 24, 7 jours sur 7 via Cowboyspin Login.\" \/>\n<meta name=\"robots\" content=\"index, follow, max-snippet:-1, max-image-preview:large, max-video-preview:-1\" \/>\n<link rel=\"canonical\" href=\"https:\/\/cowboyspincasino.org\/fr\/connexion-et-inscription\/\" \/>\n<meta property=\"og:locale\" content=\"fr_FR\" \/>\n<meta property=\"og:type\" content=\"article\" \/>\n<meta property=\"og:title\" content=\"Cowboyspin Connexion \u2013 Inscription et gestion du compte\" \/>\n<meta property=\"og:description\" content=\"Cr\u00e9ez, g\u00e9rez et v\u00e9rifiez facilement votre compte Cowboyspin Casino gr\u00e2ce \u00e0 une inscription rapide, une r\u00e9cup\u00e9ration de compte transparente et une fermeture de compte s\u00e9curis\u00e9e, garantissant une protection 24 heures sur 24, 7 jours sur 7 via Cowboyspin Login.\" \/>\n<meta property=\"og:url\" content=\"https:\/\/cowboyspincasino.org\/fr\/connexion-et-inscription\/\" \/>\n<meta property=\"og:site_name\" content=\"cowboyspin\" \/>\n<meta property=\"article:modified_time\" content=\"2026-03-23T11:10:38+00:00\" \/>\n<meta name=\"twitter:card\" content=\"summary_large_image\" \/>\n<meta name=\"twitter:label1\" content=\"Dur\u00e9e de lecture estim\u00e9e\" \/>\n\t<meta name=\"twitter:data1\" content=\"1 minute\" \/>\n<script type=\"application\/ld+json\" class=\"yoast-schema-graph\">{\"@context\":\"https:\\\/\\\/schema.org\",\"@graph\":[{\"@type\":\"WebPage\",\"@id\":\"https:\\\/\\\/cowboyspincasino.org\\\/fr\\\/connexion-et-inscription\\\/\",\"url\":\"https:\\\/\\\/cowboyspincasino.org\\\/fr\\\/connexion-et-inscription\\\/\",\"name\":\"Cowboyspin Connexion \u2013 Inscription et gestion du compte\",\"isPartOf\":{\"@id\":\"https:\\\/\\\/cowboyspincasino.org\\\/fr\\\/#website\"},\"datePublished\":\"2026-01-20T12:11:11+00:00\",\"dateModified\":\"2026-03-23T11:10:38+00:00\",\"description\":\"Cr\u00e9ez, g\u00e9rez et v\u00e9rifiez facilement votre compte Cowboyspin Casino gr\u00e2ce \u00e0 une inscription rapide, une r\u00e9cup\u00e9ration de compte transparente et une fermeture de compte s\u00e9curis\u00e9e, garantissant une protection 24 heures sur 24, 7 jours sur 7 via Cowboyspin Login.\",\"breadcrumb\":{\"@id\":\"https:\\\/\\\/cowboyspincasino.org\\\/fr\\\/connexion-et-inscription\\\/#breadcrumb\"},\"inLanguage\":\"fr-FR\",\"potentialAction\":[{\"@type\":\"ReadAction\",\"target\":[\"https:\\\/\\\/cowboyspincasino.org\\\/fr\\\/connexion-et-inscription\\\/\"]}]},{\"@type\":\"BreadcrumbList\",\"@id\":\"https:\\\/\\\/cowboyspincasino.org\\\/fr\\\/connexion-et-inscription\\\/#breadcrumb\",\"itemListElement\":[{\"@type\":\"ListItem\",\"position\":1,\"name\":\"Cowboyspin\",\"item\":\"https:\\\/\\\/cowboyspincasino.org\\\/fr\\\/\"},{\"@type\":\"ListItem\",\"position\":2,\"name\":\"Connexion et inscription\"}]},{\"@type\":\"WebSite\",\"@id\":\"https:\\\/\\\/cowboyspincasino.org\\\/fr\\\/#website\",\"url\":\"https:\\\/\\\/cowboyspincasino.org\\\/fr\\\/\",\"name\":\"Cowboyspin\",\"description\":\"\",\"publisher\":{\"@id\":\"https:\\\/\\\/cowboyspincasino.org\\\/fr\\\/#organization\"},\"potentialAction\":[{\"@type\":\"SearchAction\",\"target\":{\"@type\":\"EntryPoint\",\"urlTemplate\":\"https:\\\/\\\/cowboyspincasino.org\\\/fr\\\/?s={search_term_string}\"},\"query-input\":{\"@type\":\"PropertyValueSpecification\",\"valueRequired\":true,\"valueName\":\"search_term_string\"}}],\"inLanguage\":\"fr-FR\"},{\"@type\":\"Organization\",\"@id\":\"https:\\\/\\\/cowboyspincasino.org\\\/fr\\\/#organization\",\"name\":\"Cowboyspin\",\"url\":\"https:\\\/\\\/cowboyspincasino.org\\\/fr\\\/\",\"logo\":{\"@type\":\"ImageObject\",\"inLanguage\":\"fr-FR\",\"@id\":\"https:\\\/\\\/cowboyspincasino.org\\\/fr\\\/#\\\/schema\\\/logo\\\/image\\\/\",\"url\":\"https:\\\/\\\/cowboyspincasino.org\\\/wp-content\\\/uploads\\\/2026\\\/03\\\/cowboyspin-logo.png\",\"contentUrl\":\"https:\\\/\\\/cowboyspincasino.org\\\/wp-content\\\/uploads\\\/2026\\\/03\\\/cowboyspin-logo.png\",\"width\":180,\"height\":66,\"caption\":\"Cowboyspin\"},\"image\":{\"@id\":\"https:\\\/\\\/cowboyspincasino.org\\\/fr\\\/#\\\/schema\\\/logo\\\/image\\\/\"}}]}<\/script>\n<!-- \/ Yoast SEO plugin. -->","yoast_head_json":{"title":"Cowboyspin Connexion \u2013 Inscription et gestion du compte","description":"Cr\u00e9ez, g\u00e9rez et v\u00e9rifiez facilement votre compte Cowboyspin Casino gr\u00e2ce \u00e0 une inscription rapide, une r\u00e9cup\u00e9ration de compte transparente et une fermeture de compte s\u00e9curis\u00e9e, garantissant une protection 24 heures sur 24, 7 jours sur 7 via Cowboyspin Login.","robots":{"index":"index","follow":"follow","max-snippet":"max-snippet:-1","max-image-preview":"max-image-preview:large","max-video-preview":"max-video-preview:-1"},"canonical":"https:\/\/cowboyspincasino.org\/fr\/connexion-et-inscription\/","og_locale":"fr_FR","og_type":"article","og_title":"Cowboyspin Connexion \u2013 Inscription et gestion du compte","og_description":"Cr\u00e9ez, g\u00e9rez et v\u00e9rifiez facilement votre compte Cowboyspin Casino gr\u00e2ce \u00e0 une inscription rapide, une r\u00e9cup\u00e9ration de compte transparente et une fermeture de compte s\u00e9curis\u00e9e, garantissant une protection 24 heures sur 24, 7 jours sur 7 via Cowboyspin Login.","og_url":"https:\/\/cowboyspincasino.org\/fr\/connexion-et-inscription\/","og_site_name":"cowboyspin","article_modified_time":"2026-03-23T11:10:38+00:00","twitter_card":"summary_large_image","twitter_misc":{"Dur\u00e9e de lecture estim\u00e9e":"1 minute"},"schema":{"@context":"https:\/\/schema.org","@graph":[{"@type":"WebPage","@id":"https:\/\/cowboyspincasino.org\/fr\/connexion-et-inscription\/","url":"https:\/\/cowboyspincasino.org\/fr\/connexion-et-inscription\/","name":"Cowboyspin Connexion \u2013 Inscription et gestion du compte","isPartOf":{"@id":"https:\/\/cowboyspincasino.org\/fr\/#website"},"datePublished":"2026-01-20T12:11:11+00:00","dateModified":"2026-03-23T11:10:38+00:00","description":"Cr\u00e9ez, g\u00e9rez et v\u00e9rifiez facilement votre compte Cowboyspin Casino gr\u00e2ce \u00e0 une inscription rapide, une r\u00e9cup\u00e9ration de compte transparente et une fermeture de compte s\u00e9curis\u00e9e, garantissant une protection 24 heures sur 24, 7 jours sur 7 via Cowboyspin Login.","breadcrumb":{"@id":"https:\/\/cowboyspincasino.org\/fr\/connexion-et-inscription\/#breadcrumb"},"inLanguage":"fr-FR","potentialAction":[{"@type":"ReadAction","target":["https:\/\/cowboyspincasino.org\/fr\/connexion-et-inscription\/"]}]},{"@type":"BreadcrumbList","@id":"https:\/\/cowboyspincasino.org\/fr\/connexion-et-inscription\/#breadcrumb","itemListElement":[{"@type":"ListItem","position":1,"name":"Cowboyspin","item":"https:\/\/cowboyspincasino.org\/fr\/"},{"@type":"ListItem","position":2,"name":"Connexion et inscription"}]},{"@type":"WebSite","@id":"https:\/\/cowboyspincasino.org\/fr\/#website","url":"https:\/\/cowboyspincasino.org\/fr\/","name":"Cowboyspin","description":"","publisher":{"@id":"https:\/\/cowboyspincasino.org\/fr\/#organization"},"potentialAction":[{"@type":"SearchAction","target":{"@type":"EntryPoint","urlTemplate":"https:\/\/cowboyspincasino.org\/fr\/?s={search_term_string}"},"query-input":{"@type":"PropertyValueSpecification","valueRequired":true,"valueName":"search_term_string"}}],"inLanguage":"fr-FR"},{"@type":"Organization","@id":"https:\/\/cowboyspincasino.org\/fr\/#organization","name":"Cowboyspin","url":"https:\/\/cowboyspincasino.org\/fr\/","logo":{"@type":"ImageObject","inLanguage":"fr-FR","@id":"https:\/\/cowboyspincasino.org\/fr\/#\/schema\/logo\/image\/","url":"https:\/\/cowboyspincasino.org\/wp-content\/uploads\/2026\/03\/cowboyspin-logo.png","contentUrl":"https:\/\/cowboyspincasino.org\/wp-content\/uploads\/2026\/03\/cowboyspin-logo.png","width":180,"height":66,"caption":"Cowboyspin"},"image":{"@id":"https:\/\/cowboyspincasino.org\/fr\/#\/schema\/logo\/image\/"}}]}},"_links":{"self":[{"href":"https:\/\/cowboyspincasino.org\/fr\/wp-json\/wp\/v2\/pages\/1482","targetHints":{"allow":["GET"]}}],"collection":[{"href":"https:\/\/cowboyspincasino.org\/fr\/wp-json\/wp\/v2\/pages"}],"about":[{"href":"https:\/\/cowboyspincasino.org\/fr\/wp-json\/wp\/v2\/types\/page"}],"author":[{"embeddable":true,"href":"https:\/\/cowboyspincasino.org\/fr\/wp-json\/wp\/v2\/users\/1"}],"replies":[{"embeddable":true,"href":"https:\/\/cowboyspincasino.org\/fr\/wp-json\/wp\/v2\/comments?post=1482"}],"version-history":[{"count":3,"href":"https:\/\/cowboyspincasino.org\/fr\/wp-json\/wp\/v2\/pages\/1482\/revisions"}],"predecessor-version":[{"id":2039,"href":"https:\/\/cowboyspincasino.org\/fr\/wp-json\/wp\/v2\/pages\/1482\/revisions\/2039"}],"wp:attachment":[{"href":"https:\/\/cowboyspincasino.org\/fr\/wp-json\/wp\/v2\/media?parent=1482"}],"curies":[{"name":"wp","href":"https:\/\/api.w.org\/{rel}","templated":true}]}}