{"id":1445,"date":"2026-01-20T12:08:23","date_gmt":"2026-01-20T12:08:23","guid":{"rendered":"https:\/\/bonuskongcasino.com\/app\/"},"modified":"2026-03-23T12:12:37","modified_gmt":"2026-03-23T12:12:37","slug":"applicazione","status":"publish","type":"page","link":"https:\/\/cowboyspincasino.org\/it\/applicazione\/","title":{"rendered":"Applicazione"},"content":{"rendered":"<h1>Cowboy Spin Casino su dispositivi mobili<\/h1>\n<p>Cowboyspin app ha come priorit\u00e0 quella di offrire ai giocatori italiani un&#8217;esperienza mobile solida, sicura e fantastica. Puoi giocare alle slot online, ai giochi da tavolo e al casin\u00f2 dal vivo ovunque ti trovi. L&#8217;applicazione dispone della tecnologia pi\u00f9 moderna e sofisticata per rendere il tuo gioco fluido ed elegante. Ti offriamo velocit\u00e0, sicurezza e una navigazione semplice. Con diverse opzioni di accesso mobile, l&#8217;app Cowboy Spin diventer\u00e0 il tuo modo preferito di giocare al casin\u00f2 online.<\/p>\n<div class=\"banner-wrap\" aria-label=\"Banner\"><img src=\"https:\/\/cowboyspincasino.org\/wp-content\/uploads\/2026\/03\/banner-desktop2x.webp\" class=\"w-100 d-none d-lg-block img-pc main-banner-img\" alt=\"Cowboyspin bonus desktop\" fetchpriority=\"high\" decoding=\"async\"><img src=\"https:\/\/cowboyspincasino.org\/wp-content\/uploads\/2026\/03\/banner-mobile2x.webp\" class=\"w-100 d-none d-md-block d-lg-none main-banner-img\" alt=\"Cowboyspin bonus mobile\" fetchpriority=\"high\" decoding=\"async\"><img src=\"https:\/\/cowboyspincasino.org\/wp-content\/uploads\/2026\/03\/banner-mobile2x.webp\" class=\"w-100 d-md-none\" alt=\"Cowboyspin bonus mobile\" fetchpriority=\"high\" decoding=\"async\"><div class=\"banner-description\">\n<div class=\"banner-title\">Bonus di benvenuto<\/div>\n<p class=\"banner-header-title\">1500 \u20ac<\/p>\n<div class=\"banner-header-AdditionalText\">+ 250 Giri gratuiti<\/div>\n<button data-item=\"homepage_banner_link\" class=\"goto m-button m-gradient-border m-button--primary m-button--large banner-button btn-orange\">\n            <div class=\"m-button-content\">\n                <span>Iscriviti ora<\/span>\n                <span><\/span>\n            <\/div>\n        <\/button>\n<\/div>\n<div class=\"WelcomePack\">\n<p><img loading=\"lazy\" decoding=\"async\" class=\"alignnone size-full wp-image-1855\" src=\"https:\/\/cowboyspincasino.org\/wp-content\/uploads\/2026\/03\/welcome-crown.png\" alt=\"welcome crown\" width=\"25\" height=\"26\" \/><\/p>\n<div class=\"WelcomePack-Info\">Cashback settimanale fino al 25%<\/div>\n<p><img loading=\"lazy\" decoding=\"async\" class=\"alignnone size-full wp-image-1855\" src=\"https:\/\/cowboyspincasino.org\/wp-content\/uploads\/2026\/03\/welcome-crown.png\" alt=\"welcome crown\" width=\"25\" height=\"26\" \/><\/p>\n<\/div>\n<\/div>\n<h2>Opzioni di accesso mobile a Cowboyspin<\/h2>\n<p>L&#8217;applicazione Cowboyspin Casino offre modi convenienti per accedere alla nostra vasta collezione di giochi. I giocatori godono di prestazioni, sicurezza e comodit\u00e0 migliorate nella nostra versione PWA, proprio come quando giocano regolarmente su un laptop. Le funzionalit\u00e0 mobili sulla piattaforma imitano l&#8217;esperienza desktop cos\u00ec perfettamente che i giocatori non notano alcuna differenza nella grafica di alta qualit\u00e0, nel caricamento rapido e nel gameplay fluido su tutte le piattaforme. Da quando abbiamo lanciato la PWA, ci siamo concentrati sull&#8217;offrire un&#8217;esperienza di gioco sicura, affidabile e interattiva per gli utenti mobili.<\/p>\n<p>Cowboyspin Casino punta sulla comodit\u00e0, ed ecco come:<\/p>\n<ul>\n<li>I giocatori possono passare facilmente da un dispositivo all&#8217;altro o continuare la stessa partita senza perdere i progressi.<\/li>\n<li>L&#8217;architettura leggera aiuta a risparmiare la carica della batteria.<\/li>\n<li>L&#8217;app Cowboyspin mantiene elevati standard visivi e funzionali.<\/li>\n<li>Processo di verifica semplice per tutti.<\/li>\n<\/ul>\n<p>Ecco perch\u00e9 Cowboyspin \u00e8 una scelta popolare tra quei giocatori che desiderano un casin\u00f2 mobile completo e vogliono poter giocare sempre e ovunque.<\/p>\n<p><div class=\"scrollable-content-wrap my-5\"><div class=\"scrollable-content-inner\"><h2>App Cowboyspin per iOS<\/h2>\n<p>L&#8217;app Cowboyspin attira gli utenti di iPhone e iPad che desiderano un&#8217;app specializzata che sia semplice come un&#8217;icona di collegamento, senza appesantire il dispositivo. Offre un&#8217;esperienza nativa su qualsiasi dispositivo iOS, garantendo prestazioni pi\u00f9 fluide e comandi reattivi. Puoi goderti il metodo di installazione pi\u00f9 semplice perch\u00e9 l&#8217;app \u00e8 solo un collegamento che appare sulla tua schermata iniziale.<\/p>\n<p>Dopo l&#8217;installazione, l&#8217;app Cowboyspin per iOS offre un design reattivo per schermi di diverse dimensioni. Puoi accedere facilmente alle slot online, ai giochi da casin\u00f2 dal vivo, alle raccolte di Books con trame avventurose incredibili, alle ruote della fortuna e, naturalmente, all&#8217;opzione di contattare sempre il nostro supporto in caso di problemi tecnici o di transazione.<\/p>\n<p>Puoi usare la nostra app Cowboy Spin anche mentre sei in giro! Tutto ci\u00f2 di cui hai bisogno \u00e8 a portata di dito. Come?<\/p>\n<ul>\n<li>La navigazione nei menu \u00e8 semplice e intuitiva.<\/li>\n<li>L&#8217;esperienza di gioco \u00e8 pi\u00f9 piacevole.<\/li>\n<li>Anche la sicurezza \u00e8 una priorit\u00e0.<\/li>\n<li>Abbiamo connessioni crittografate e un processo di verifica semplificato che consente ai giocatori di depositare, prelevare e verificare i propri conti Cowboy Spin in modo efficiente.<\/li>\n<\/ul>\n<p>Gli aggiornamenti funzionano automaticamente in background, cos\u00ec gli utenti non perdono mai nessuna nuova funzionalit\u00e0 o miglioramento di sicurezza. Le dimensioni ridotte dell&#8217;app Cowboyspin Casino le consentono di funzionare su qualsiasi dispositivo basato su iOS, anche quelli con spazio di archiviazione limitato.<\/p>\n<p><img loading=\"lazy\" decoding=\"async\" class=\"alignnone size-full wp-image-1935\" src=\"https:\/\/cowboyspincasino.org\/wp-content\/uploads\/2026\/03\/Cowboyspin-iOS-App.webp\" alt=\"Cowboyspin iOS App\" width=\"1248\" height=\"536\" srcset=\"https:\/\/cowboyspincasino.org\/wp-content\/uploads\/2026\/03\/Cowboyspin-iOS-App.webp 1248w, https:\/\/cowboyspincasino.org\/wp-content\/uploads\/2026\/03\/Cowboyspin-iOS-App-300x129.webp 300w, https:\/\/cowboyspincasino.org\/wp-content\/uploads\/2026\/03\/Cowboyspin-iOS-App-1024x440.webp 1024w, https:\/\/cowboyspincasino.org\/wp-content\/uploads\/2026\/03\/Cowboyspin-iOS-App-768x330.webp 768w\" sizes=\"auto, (max-width: 1248px) 100vw, 1248px\" \/><\/p>\n<\/div><\/div><div style=\"clear: both\"><\/div><div class=\"d-flex justify-content-center\"><button data-item=\"decouvrez_link\" data-group=\"website_links\" class=\"goto fw-bold rounded-pill btn btn-orange\" aria-label=\"Scarica l&#039;app Cowboyspin\" >Scarica l&#039;app Cowboyspin<\/button><\/div><div class=\"scrollable-content-wrap my-5\"><div class=\"scrollable-content-inner\"><h2>App Cowboyspin per Android<\/h2>\n<p>Gli utenti Android possono esplorare Cowboyspin Casino con facilit\u00e0, poich\u00e9 offriamo anche una PWA! Questo tipo di app non richiede l&#8217;installazione del file APK. Questa strategia aumenta la sicurezza eliminando gli app store di terze parti e semplificando la configurazione.<\/p>\n<p>Il processo di installazione dell&#8217;applicazione Android richiede:<\/p>\n<ol>\n<li>Apri la pagina di Cowboy Spin Casino e clicca sul pulsante &#8220;App del casin\u00f2&#8221;.<\/li>\n<li>Segui alcune semplici istruzioni per aggiungere l&#8217;app alla pagina iniziale (carica la PWA).<\/li>\n<li>Salva il collegamento in un punto qualsiasi dello schermo. Puoi spostarlo dove preferisci sul dispositivo.<\/li>\n<\/ol>\n<p>Dopo l&#8217;installazione, l&#8217;app Cowboyspin consente un accesso rapido all&#8217;intera libreria di giochi, dove sono disponibili slot online, casin\u00f2 dal vivo e funzioni bonus. Offriamo anche notifiche in tempo reale, in modo che i giocatori ricevano aggiornamenti su promozioni, tornei e attivit\u00e0 importanti relative all&#8217;account. \u00c8 leggera, il che significa che utilizza pochi dati, ed \u00e8 ottima per il gioco su dispositivi mobili.<\/p>\n<p><img loading=\"lazy\" decoding=\"async\" class=\"alignnone size-full wp-image-1927\" src=\"https:\/\/cowboyspincasino.org\/wp-content\/uploads\/2026\/03\/Cowboyspin-Android-App.webp\" alt=\"Cowboyspin Android App\" width=\"1248\" height=\"536\" srcset=\"https:\/\/cowboyspincasino.org\/wp-content\/uploads\/2026\/03\/Cowboyspin-Android-App.webp 1248w, https:\/\/cowboyspincasino.org\/wp-content\/uploads\/2026\/03\/Cowboyspin-Android-App-300x129.webp 300w, https:\/\/cowboyspincasino.org\/wp-content\/uploads\/2026\/03\/Cowboyspin-Android-App-1024x440.webp 1024w, https:\/\/cowboyspincasino.org\/wp-content\/uploads\/2026\/03\/Cowboyspin-Android-App-768x330.webp 768w\" sizes=\"auto, (max-width: 1248px) 100vw, 1248px\" \/><\/p>\n<\/div><\/div><div style=\"clear: both\"><\/div><div class=\"d-flex justify-content-center\"><button data-item=\"decouvrez_link\" data-group=\"website_links\" class=\"goto fw-bold rounded-pill btn btn-orange\" aria-label=\"Scarica Cowboyspin\" >Scarica Cowboyspin<\/button><\/div><div class=\"scrollable-content-wrap my-5\"><div class=\"scrollable-content-inner\"><h2>Applicazioni per Windows e Mac<\/h2>\n<p>La PWA di Cowboyspin Casino \u00e8 estremamente comoda per gli utenti desktop perch\u00e9 consente di adattare lo schermo a qualsiasi dimensione. Funziona direttamente nel browser e non richiede l&#8217;installazione dagli app store. Non \u00e8 necessario navigare su siti web di software e rischiare di prendere virus sul proprio computer.<\/p>\n<p>La nostra app Cowboy Spin segue i principi del responsive design adattivo e il suo layout e la sua risoluzione si adattano automaticamente a smartphone, tablet e desktop.<\/p>\n<p>Questa app web dispone di aggiornamenti automatici in background, il che significa che i giocatori di Cowboyspin Casino utilizzeranno sempre l&#8217;ultima versione senza doverla aggiornare manualmente. Utilizza meccanismi di caching controllati, che consentono un caricamento rapido e un ridotto utilizzo di dati. La maggior parte delle funzioni, come la navigazione nei menu di gioco e le impostazioni dell&#8217;account, sono disponibili in qualsiasi momento!<\/p>\n<p><img loading=\"lazy\" decoding=\"async\" class=\"alignnone size-full wp-image-1943\" src=\"https:\/\/cowboyspincasino.org\/wp-content\/uploads\/2026\/03\/Cowboyspin-Desktop.webp\" alt=\"Cowboyspin Desktop\" width=\"1248\" height=\"536\" srcset=\"https:\/\/cowboyspincasino.org\/wp-content\/uploads\/2026\/03\/Cowboyspin-Desktop.webp 1248w, https:\/\/cowboyspincasino.org\/wp-content\/uploads\/2026\/03\/Cowboyspin-Desktop-300x129.webp 300w, https:\/\/cowboyspincasino.org\/wp-content\/uploads\/2026\/03\/Cowboyspin-Desktop-1024x440.webp 1024w, https:\/\/cowboyspincasino.org\/wp-content\/uploads\/2026\/03\/Cowboyspin-Desktop-768x330.webp 768w\" sizes=\"auto, (max-width: 1248px) 100vw, 1248px\" \/><\/p>\n<\/div><\/div><div style=\"clear: both\"><\/div><div class=\"d-flex justify-content-center\"><button data-item=\"decouvrez_link\" data-group=\"website_links\" class=\"goto fw-bold rounded-pill btn btn-orange\" aria-label=\"Scarica l&#039;app Cowboyspin\" >Scarica l&#039;app Cowboyspin<\/button><\/div><div class=\"scrollable-content-wrap my-5\"><div class=\"scrollable-content-inner\"><h2>Sicurezza e vantaggi dell&#8217;app<\/h2>\n<p>La PWA di Cowboyspin utilizza la crittografia TLS, quindi non devi preoccuparti della sicurezza. \u00c8 veloce, affidabile e sicura da utilizzare, con l&#8217;usabilit\u00e0 di un browser web e la funzionalit\u00e0 di un&#8217;applicazione specifica.<\/p>\n<table>\n<tbody>\n<tr>\n<td>Componenti tecniche<\/td>\n<td>Dettagli<\/td>\n<td>Perch\u00e9 \u00e8 vantaggiosa per te?<\/td>\n<\/tr>\n<tr>\n<td>Leggera<\/td>\n<td>Per ridurre le operazioni in background superflue, le risorse sono compresse e gli script sono ottimizzati.<\/td>\n<td>Tempi di caricamento pi\u00f9 rapidi e utilizzo minimo dei dati: la batteria \u00e8 al sicuro!<\/td>\n<\/tr>\n<tr>\n<td>Design reattivo<\/td>\n<td>Il layout si adatta automaticamente alle diverse dimensioni e orientazioni dello schermo.<\/td>\n<td>Usabilit\u00e0 coerente su smartphone, tablet e desktop.<\/td>\n<\/tr>\n<tr>\n<td>Aggiornamenti automatici<\/td>\n<td>Gli aggiornamenti vengono distribuiti automaticamente al ricaricarsi dell&#8217;app o della pagina web.<\/td>\n<td>Si utilizza sempre l&#8217;ultima versione con miglioramenti di sicurezza.<\/td>\n<\/tr>\n<tr>\n<td>Hosting sicuro basato su cloud<\/td>\n<td>Hosting su server ad alte prestazioni con bilanciamento del carico.<\/td>\n<td>Prestazioni affidabili e stabili anche in caso di traffico elevato<\/td>\n<\/tr>\n<tr>\n<td>Sistema di caching ottimizzato<\/td>\n<td>Gli elementi ricorrenti vengono memorizzati localmente sul dispositivo.<\/td>\n<td>Transizioni tra le pagine pi\u00f9 veloci, senza ritardi.<\/td>\n<\/tr>\n<\/tbody>\n<\/table>\n<h2>Domande frequenti<\/h2>\n<h3>\u00c8 necessario creare un account per utilizzare l&#8217;app Cowboy Spin?<\/h3>\n<p>S\u00ec, per godere appieno delle funzionalit\u00e0 dell&#8217;app Cowboyspin, devi aprire un account. Siamo sicuri che tu voglia tutte le funzionalit\u00e0 del nostro casin\u00f2 mobile. Quindi la registrazione \u00e8 molto importante: bastano un paio di clic e l&#8217;account Cowboyspin Casino \u00e8 attivo e funzionante.<\/p>\n<h3>L&#8217;app Cowboyspin Casino offre assistenza clienti?<\/h3>\n<p>L&#8217;app Cowboyspin dispone di una chat live, proprio come la nostra versione completa. In questo modo puoi contattare facilmente il team di assistenza e porre domande o risolvere problemi in tempo reale. L&#8217;assistenza \u00e8 disponibile anche in orari specifici per aiutarti con domande di natura tecnica o relative all&#8217;account.<\/p>\n<h3>Cosa devo fare se l&#8217;app si blocca o si blocca?<\/h3>\n<p>In caso di crash o di mancata risposta dell&#8217;app di Cowboyspin Casino, la prima cosa da provare \u00e8 riavviare l&#8217;app e svuotare la cache. Se ci\u00f2 non dovesse aiutare, \u00e8 meglio aggiornare l&#8217;app o il browser all&#8217;ultima versione per renderla pi\u00f9 stabile. Se hai problemi irrisolti, contattaci tramite la chat live nella pagina Contatti.<\/p>\n<\/div><\/div><\/p>\n","protected":false},"excerpt":{"rendered":"<p>Cowboy Spin Casino su dispositivi mobili Cowboyspin app ha come priorit\u00e0 quella di offrire ai giocatori italiani un&#8217;esperienza mobile solida, sicura e fantastica. Puoi giocare alle slot online, ai giochi da tavolo e al casin\u00f2 dal vivo ovunque ti trovi. L&#8217;applicazione dispone della tecnologia pi\u00f9 moderna e sofisticata per rendere il tuo gioco fluido ed [&hellip;]<\/p>\n","protected":false},"author":1,"featured_media":0,"parent":0,"menu_order":0,"comment_status":"closed","ping_status":"closed","template":"template-builder.php","meta":{"_acf_changed":false,"inline_featured_image":false,"footnotes":""},"class_list":["post-1445","page","type-page","status-publish","hentry"],"acf":[],"yoast_head":"<!-- This site is optimized with the Yoast SEO plugin v27.3 - https:\/\/yoast.com\/product\/yoast-seo-wordpress\/ -->\n<title>Scarica l&#039;app Cowboyspin | iOS e Android<\/title>\n<meta name=\"description\" content=\"L&#039;app Cowboyspin garantisce un&#039;esperienza di gioco impeccabile su piattaforme Android, iOS, Windows e macOS, completa di sincronizzazione dell&#039;account, aggiornamenti regolari e assistenza clienti integrata per una maggiore facilit\u00e0 d&#039;uso.\" \/>\n<meta name=\"robots\" content=\"index, follow, max-snippet:-1, max-image-preview:large, max-video-preview:-1\" \/>\n<link rel=\"canonical\" href=\"https:\/\/cowboyspincasino.org\/it\/applicazione\/\" \/>\n<meta property=\"og:locale\" content=\"it_IT\" \/>\n<meta property=\"og:type\" content=\"article\" \/>\n<meta property=\"og:title\" content=\"Scarica l&#039;app Cowboyspin | iOS e Android\" \/>\n<meta property=\"og:description\" content=\"L&#039;app Cowboyspin garantisce un&#039;esperienza di gioco impeccabile su piattaforme Android, iOS, Windows e macOS, completa di sincronizzazione dell&#039;account, aggiornamenti regolari e assistenza clienti integrata per una maggiore facilit\u00e0 d&#039;uso.\" \/>\n<meta property=\"og:url\" content=\"https:\/\/cowboyspincasino.org\/it\/applicazione\/\" \/>\n<meta property=\"og:site_name\" content=\"cowboyspin\" \/>\n<meta property=\"article:modified_time\" content=\"2026-03-23T12:12:37+00:00\" \/>\n<meta name=\"twitter:card\" content=\"summary_large_image\" \/>\n<meta name=\"twitter:label1\" content=\"Est. reading time\" \/>\n\t<meta name=\"twitter:data1\" content=\"2 minutes\" \/>\n<script type=\"application\/ld+json\" class=\"yoast-schema-graph\">{\"@context\":\"https:\\\/\\\/schema.org\",\"@graph\":[{\"@type\":\"WebPage\",\"@id\":\"https:\\\/\\\/cowboyspincasino.org\\\/it\\\/applicazione\\\/\",\"url\":\"https:\\\/\\\/cowboyspincasino.org\\\/it\\\/applicazione\\\/\",\"name\":\"Scarica l'app Cowboyspin | iOS e Android\",\"isPartOf\":{\"@id\":\"https:\\\/\\\/cowboyspincasino.org\\\/it\\\/#website\"},\"datePublished\":\"2026-01-20T12:08:23+00:00\",\"dateModified\":\"2026-03-23T12:12:37+00:00\",\"description\":\"L'app Cowboyspin garantisce un'esperienza di gioco impeccabile su piattaforme Android, iOS, Windows e macOS, completa di sincronizzazione dell'account, aggiornamenti regolari e assistenza clienti integrata per una maggiore facilit\u00e0 d'uso.\",\"breadcrumb\":{\"@id\":\"https:\\\/\\\/cowboyspincasino.org\\\/it\\\/applicazione\\\/#breadcrumb\"},\"inLanguage\":\"it-IT\",\"potentialAction\":[{\"@type\":\"ReadAction\",\"target\":[\"https:\\\/\\\/cowboyspincasino.org\\\/it\\\/applicazione\\\/\"]}]},{\"@type\":\"BreadcrumbList\",\"@id\":\"https:\\\/\\\/cowboyspincasino.org\\\/it\\\/applicazione\\\/#breadcrumb\",\"itemListElement\":[{\"@type\":\"ListItem\",\"position\":1,\"name\":\"Cowboyspin\",\"item\":\"https:\\\/\\\/cowboyspincasino.org\\\/it\\\/\"},{\"@type\":\"ListItem\",\"position\":2,\"name\":\"Applicazione\"}]},{\"@type\":\"WebSite\",\"@id\":\"https:\\\/\\\/cowboyspincasino.org\\\/it\\\/#website\",\"url\":\"https:\\\/\\\/cowboyspincasino.org\\\/it\\\/\",\"name\":\"Cowboyspin\",\"description\":\"\",\"publisher\":{\"@id\":\"https:\\\/\\\/cowboyspincasino.org\\\/it\\\/#organization\"},\"potentialAction\":[{\"@type\":\"SearchAction\",\"target\":{\"@type\":\"EntryPoint\",\"urlTemplate\":\"https:\\\/\\\/cowboyspincasino.org\\\/it\\\/?s={search_term_string}\"},\"query-input\":{\"@type\":\"PropertyValueSpecification\",\"valueRequired\":true,\"valueName\":\"search_term_string\"}}],\"inLanguage\":\"it-IT\"},{\"@type\":\"Organization\",\"@id\":\"https:\\\/\\\/cowboyspincasino.org\\\/it\\\/#organization\",\"name\":\"Cowboyspin\",\"url\":\"https:\\\/\\\/cowboyspincasino.org\\\/it\\\/\",\"logo\":{\"@type\":\"ImageObject\",\"inLanguage\":\"it-IT\",\"@id\":\"https:\\\/\\\/cowboyspincasino.org\\\/it\\\/#\\\/schema\\\/logo\\\/image\\\/\",\"url\":\"https:\\\/\\\/cowboyspincasino.org\\\/wp-content\\\/uploads\\\/2026\\\/03\\\/cowboyspin-logo.png\",\"contentUrl\":\"https:\\\/\\\/cowboyspincasino.org\\\/wp-content\\\/uploads\\\/2026\\\/03\\\/cowboyspin-logo.png\",\"width\":180,\"height\":66,\"caption\":\"Cowboyspin\"},\"image\":{\"@id\":\"https:\\\/\\\/cowboyspincasino.org\\\/it\\\/#\\\/schema\\\/logo\\\/image\\\/\"}}]}<\/script>\n<!-- \/ Yoast SEO plugin. -->","yoast_head_json":{"title":"Scarica l'app Cowboyspin | iOS e Android","description":"L'app Cowboyspin garantisce un'esperienza di gioco impeccabile su piattaforme Android, iOS, Windows e macOS, completa di sincronizzazione dell'account, aggiornamenti regolari e assistenza clienti integrata per una maggiore facilit\u00e0 d'uso.","robots":{"index":"index","follow":"follow","max-snippet":"max-snippet:-1","max-image-preview":"max-image-preview:large","max-video-preview":"max-video-preview:-1"},"canonical":"https:\/\/cowboyspincasino.org\/it\/applicazione\/","og_locale":"it_IT","og_type":"article","og_title":"Scarica l'app Cowboyspin | iOS e Android","og_description":"L'app Cowboyspin garantisce un'esperienza di gioco impeccabile su piattaforme Android, iOS, Windows e macOS, completa di sincronizzazione dell'account, aggiornamenti regolari e assistenza clienti integrata per una maggiore facilit\u00e0 d'uso.","og_url":"https:\/\/cowboyspincasino.org\/it\/applicazione\/","og_site_name":"cowboyspin","article_modified_time":"2026-03-23T12:12:37+00:00","twitter_card":"summary_large_image","twitter_misc":{"Est. reading time":"2 minutes"},"schema":{"@context":"https:\/\/schema.org","@graph":[{"@type":"WebPage","@id":"https:\/\/cowboyspincasino.org\/it\/applicazione\/","url":"https:\/\/cowboyspincasino.org\/it\/applicazione\/","name":"Scarica l'app Cowboyspin | iOS e Android","isPartOf":{"@id":"https:\/\/cowboyspincasino.org\/it\/#website"},"datePublished":"2026-01-20T12:08:23+00:00","dateModified":"2026-03-23T12:12:37+00:00","description":"L'app Cowboyspin garantisce un'esperienza di gioco impeccabile su piattaforme Android, iOS, Windows e macOS, completa di sincronizzazione dell'account, aggiornamenti regolari e assistenza clienti integrata per una maggiore facilit\u00e0 d'uso.","breadcrumb":{"@id":"https:\/\/cowboyspincasino.org\/it\/applicazione\/#breadcrumb"},"inLanguage":"it-IT","potentialAction":[{"@type":"ReadAction","target":["https:\/\/cowboyspincasino.org\/it\/applicazione\/"]}]},{"@type":"BreadcrumbList","@id":"https:\/\/cowboyspincasino.org\/it\/applicazione\/#breadcrumb","itemListElement":[{"@type":"ListItem","position":1,"name":"Cowboyspin","item":"https:\/\/cowboyspincasino.org\/it\/"},{"@type":"ListItem","position":2,"name":"Applicazione"}]},{"@type":"WebSite","@id":"https:\/\/cowboyspincasino.org\/it\/#website","url":"https:\/\/cowboyspincasino.org\/it\/","name":"Cowboyspin","description":"","publisher":{"@id":"https:\/\/cowboyspincasino.org\/it\/#organization"},"potentialAction":[{"@type":"SearchAction","target":{"@type":"EntryPoint","urlTemplate":"https:\/\/cowboyspincasino.org\/it\/?s={search_term_string}"},"query-input":{"@type":"PropertyValueSpecification","valueRequired":true,"valueName":"search_term_string"}}],"inLanguage":"it-IT"},{"@type":"Organization","@id":"https:\/\/cowboyspincasino.org\/it\/#organization","name":"Cowboyspin","url":"https:\/\/cowboyspincasino.org\/it\/","logo":{"@type":"ImageObject","inLanguage":"it-IT","@id":"https:\/\/cowboyspincasino.org\/it\/#\/schema\/logo\/image\/","url":"https:\/\/cowboyspincasino.org\/wp-content\/uploads\/2026\/03\/cowboyspin-logo.png","contentUrl":"https:\/\/cowboyspincasino.org\/wp-content\/uploads\/2026\/03\/cowboyspin-logo.png","width":180,"height":66,"caption":"Cowboyspin"},"image":{"@id":"https:\/\/cowboyspincasino.org\/it\/#\/schema\/logo\/image\/"}}]}},"_links":{"self":[{"href":"https:\/\/cowboyspincasino.org\/it\/wp-json\/wp\/v2\/pages\/1445","targetHints":{"allow":["GET"]}}],"collection":[{"href":"https:\/\/cowboyspincasino.org\/it\/wp-json\/wp\/v2\/pages"}],"about":[{"href":"https:\/\/cowboyspincasino.org\/it\/wp-json\/wp\/v2\/types\/page"}],"author":[{"embeddable":true,"href":"https:\/\/cowboyspincasino.org\/it\/wp-json\/wp\/v2\/users\/1"}],"replies":[{"embeddable":true,"href":"https:\/\/cowboyspincasino.org\/it\/wp-json\/wp\/v2\/comments?post=1445"}],"version-history":[{"count":3,"href":"https:\/\/cowboyspincasino.org\/it\/wp-json\/wp\/v2\/pages\/1445\/revisions"}],"predecessor-version":[{"id":2060,"href":"https:\/\/cowboyspincasino.org\/it\/wp-json\/wp\/v2\/pages\/1445\/revisions\/2060"}],"wp:attachment":[{"href":"https:\/\/cowboyspincasino.org\/it\/wp-json\/wp\/v2\/media?parent=1445"}],"curies":[{"name":"wp","href":"https:\/\/api.w.org\/{rel}","templated":true}]}}