{"id":1447,"date":"2026-01-20T12:08:23","date_gmt":"2026-01-20T12:08:23","guid":{"rendered":"https:\/\/bonuskongcasino.com\/app\/"},"modified":"2026-03-23T12:58:32","modified_gmt":"2026-03-23T12:58:32","slug":"aplikacja","status":"publish","type":"page","link":"https:\/\/cowboyspincasino.org\/pl\/aplikacja\/","title":{"rendered":"Aplikacja"},"content":{"rendered":"<h1>Kasyno Cowboy Spin na urz\u0105dzeniach mobilnych<\/h1>\n<p>Cowboyspin app stawia na pierwszym miejscu zapewnienie polskim graczom solidnej, bezpiecznej i fantastycznej wygody mobilnej. Mo\u017cesz gra\u0107 w automaty online, gry sto\u0142owe i kasyno na \u017cywo w dowolnym miejscu. Aplikacja wykorzystuje najnowocze\u015bniejsz\u0105 i najbardziej zaawansowan\u0105 technologi\u0119, aby Twoja gra by\u0142a p\u0142ynna i elegancka. Zapewniamy szybko\u015b\u0107, bezpiecze\u0144stwo i \u0142atw\u0105 nawigacj\u0119. Dzi\u0119ki kilku opcjom dost\u0119pu mobilnego aplikacja Cowboy Spin stanie si\u0119 Twoim ulubionym sposobem na gr\u0119 w kasynie online.<\/p>\n<div class=\"banner-wrap\" aria-label=\"Banner\"><img src=\"https:\/\/cowboyspincasino.org\/wp-content\/uploads\/2026\/03\/banner-desktop2x.webp\" class=\"w-100 d-none d-lg-block img-pc main-banner-img\" alt=\"Cowboyspin bonus desktop\" fetchpriority=\"high\" decoding=\"async\"><img src=\"https:\/\/cowboyspincasino.org\/wp-content\/uploads\/2026\/03\/banner-mobile2x.webp\" class=\"w-100 d-none d-md-block d-lg-none main-banner-img\" alt=\"Cowboyspin bonus mobile\" fetchpriority=\"high\" decoding=\"async\"><img src=\"https:\/\/cowboyspincasino.org\/wp-content\/uploads\/2026\/03\/banner-mobile2x.webp\" class=\"w-100 d-md-none\" alt=\"Cowboyspin bonus mobile\" fetchpriority=\"high\" decoding=\"async\"><div class=\"banner-description\">\n<div class=\"banner-title\">Bonusy powitalne<\/div>\n<p class=\"banner-header-title\">1500 \u20ac<\/p>\n<div class=\"banner-header-AdditionalText\">+ 250 Darmowe spiny<\/div>\n<button data-item=\"homepage_banner_link\" class=\"goto m-button m-gradient-border m-button--primary m-button--large banner-button btn-orange\">\n            <div class=\"m-button-content\">\n                <span>Zarejestruj si\u0119 teraz<\/span>\n                <span><\/span>\n            <\/div>\n        <\/button>\n<\/div>\n<div class=\"WelcomePack\">\n<p><img loading=\"lazy\" decoding=\"async\" class=\"alignnone size-full wp-image-1856\" src=\"https:\/\/cowboyspincasino.org\/wp-content\/uploads\/2026\/03\/welcome-crown.png\" alt=\"welcome crown\" width=\"25\" height=\"26\" \/><\/p>\n<div class=\"WelcomePack-Info\">Cotygodniowy zwrot got\u00f3wki do 25%<\/div>\n<p><img loading=\"lazy\" decoding=\"async\" class=\"alignnone size-full wp-image-1856\" src=\"https:\/\/cowboyspincasino.org\/wp-content\/uploads\/2026\/03\/welcome-crown.png\" alt=\"welcome crown\" width=\"25\" height=\"26\" \/><\/p>\n<\/div>\n<\/div>\n<h2>Opcje dost\u0119pu mobilnego Cowboyspin<\/h2>\n<p>Aplikacja kasyna Cowboyspin oferuje wygodne sposoby dost\u0119pu do naszej ogromnej kolekcji gier. Gracze ciesz\u0105 si\u0119 lepsz\u0105 wydajno\u015bci\u0105, bezpiecze\u0144stwem i wygod\u0105 w naszej wersji PWA, tak samo jak podczas regularnej gry na laptopie. Mo\u017cliwo\u015bci mobilne platformy na\u015bladuj\u0105 do\u015bwiadczenie z komputera stacjonarnego tak doskonale, \u017ce gracze nie widz\u0105 r\u00f3\u017cnicy w wysokiej jako\u015bci grafice, szybkim \u0142adowaniu i p\u0142ynnej rozgrywce na wszystkich platformach. Od momentu uruchomienia PWA skupili\u015bmy si\u0119 na zapewnieniu bezpiecznego, godnego zaufania i interaktywnego do\u015bwiadczenia gry dla u\u017cytkownik\u00f3w mobilnych.<\/p>\n<p>Kasyno Cowboyspin stawia na wygod\u0119 i mo\u017cemy pokaza\u0107 Ci, jak to dzia\u0142a:<\/p>\n<ul>\n<li>Gracze mog\u0105 \u0142atwo przechodzi\u0107 mi\u0119dzy urz\u0105dzeniami lub kontynuowa\u0107 t\u0119 sam\u0105 gr\u0119 bez utraty post\u0119p\u00f3w.<\/li>\n<li>Lekka architektura pomaga oszcz\u0119dza\u0107 bateri\u0119.<\/li>\n<li>Aplikacja Cowboyspin utrzymuje wysokie standardy wizualne i funkcjonalne.<\/li>\n<li>Prosty proces weryfikacji dla ka\u017cdego.<\/li>\n<\/ul>\n<p>W\u0142a\u015bnie dlatego Cowboyspin jest popularnym wyborem w\u015br\u00f3d graczy, kt\u00f3rzy chc\u0105 mie\u0107 w pe\u0142ni funkcjonalne kasyno mobilne i mog\u0105 gra\u0107 w dowolnym miejscu i czasie.<\/p>\n<p><div class=\"scrollable-content-wrap my-5\"><div class=\"scrollable-content-inner\"><h2>Aplikacja Cowboyspin na iOS<\/h2>\n<p>Aplikacja Cowboyspin przyci\u0105ga u\u017cytkownik\u00f3w iPhone&#8217;\u00f3w i iPad\u00f3w, kt\u00f3rzy chc\u0105 mie\u0107 specjalistyczn\u0105 aplikacj\u0119, kt\u00f3ra jest tak prosta jak ikona skr\u00f3tu, a nie bardziej obci\u0105\u017caj\u0105ca. Zapewnia ona natywne do\u015bwiadczenie na ka\u017cdym urz\u0105dzeniu z systemem iOS, a tym samym p\u0142ynniejsze dzia\u0142anie i responsywne sterowanie. Mo\u017cesz cieszy\u0107 si\u0119 naj\u0142atwiejsz\u0105 metod\u0105 instalacji, poniewa\u017c aplikacja jest po prostu skr\u00f3tem, kt\u00f3ry pojawia si\u0119 na ekranie g\u0142\u00f3wnym.<\/p>\n<p>Po instalacji aplikacja Cowboyspin na iOS oferuje responsywny wygl\u0105d dostosowany do r\u00f3\u017cnych rozmiar\u00f3w ekran\u00f3w. Mo\u017cesz mie\u0107 \u0142atwy dost\u0119p do automat\u00f3w online, gier kasynowych na \u017cywo, kolekcji Books z niesamowitymi fabu\u0142ami przygodowymi, fantazyjnych k\u00f3\u0142ek i, oczywi\u015bcie, opcji sta\u0142ego kontaktu z naszym dzia\u0142em pomocy w razie problem\u00f3w technicznych lub z transakcjami.<\/p>\n<p>Z naszej aplikacji Cowboy Spin mo\u017cesz korzysta\u0107 nawet w podr\u00f3\u017cy! Wszystko, czego potrzebujesz, jest na wyci\u0105gni\u0119cie palca. Jak to mo\u017cliwe?<\/p>\n<ul>\n<li>Nawigacja w menu jest prosta i przejrzysta.<\/li>\n<li>Gra jest przyjemniejsza.<\/li>\n<li>Bezpiecze\u0144stwo jest r\u00f3wnie\u017c priorytetem.<\/li>\n<li>Dysponujemy szyfrowanymi po\u0142\u0105czeniami oraz usprawnionym procesem weryfikacji, kt\u00f3ry umo\u017cliwia graczom wydajne dokonywanie wp\u0142at, wyp\u0142at oraz weryfikacj\u0119 kont w Cowboy Spin.<\/li>\n<\/ul>\n<p>Aktualizacje dzia\u0142aj\u0105 automatycznie w tle, dzi\u0119ki czemu u\u017cytkownicy nigdy nie przegapi\u0105 \u017cadnych nowych funkcji ani ulepsze\u0144 bezpiecze\u0144stwa. Niewielki rozmiar aplikacji Cowboyspin Casino pozwala na jej dzia\u0142anie na ka\u017cdym urz\u0105dzeniu z systemem iOS, nawet na tych o ograniczonej przestrzeni dyskowej.<\/p>\n<p><img loading=\"lazy\" decoding=\"async\" class=\"alignnone size-full wp-image-1936\" src=\"https:\/\/cowboyspincasino.org\/wp-content\/uploads\/2026\/03\/Cowboyspin-iOS-App.webp\" alt=\"Cowboyspin iOS App\" width=\"1248\" height=\"536\" srcset=\"https:\/\/cowboyspincasino.org\/wp-content\/uploads\/2026\/03\/Cowboyspin-iOS-App.webp 1248w, https:\/\/cowboyspincasino.org\/wp-content\/uploads\/2026\/03\/Cowboyspin-iOS-App-300x129.webp 300w, https:\/\/cowboyspincasino.org\/wp-content\/uploads\/2026\/03\/Cowboyspin-iOS-App-1024x440.webp 1024w, https:\/\/cowboyspincasino.org\/wp-content\/uploads\/2026\/03\/Cowboyspin-iOS-App-768x330.webp 768w\" sizes=\"auto, (max-width: 1248px) 100vw, 1248px\" \/><\/p>\n<\/div><\/div><div style=\"clear: both\"><\/div><div class=\"d-flex justify-content-center\"><button data-item=\"decouvrez_link\" data-group=\"website_links\" class=\"goto fw-bold rounded-pill btn btn-orange\" aria-label=\"Pobierz aplikacj\u0119 Cowboyspin\" >Pobierz aplikacj\u0119 Cowboyspin<\/button><\/div><div class=\"scrollable-content-wrap my-5\"><div class=\"scrollable-content-inner\"><h2>Aplikacja Cowboyspin na Androida<\/h2>\n<p>U\u017cytkownicy Androida mog\u0105 z \u0142atwo\u015bci\u0105 odkrywa\u0107 kasyno Cowboyspin, poniewa\u017c oferujemy r\u00f3wnie\u017c aplikacj\u0119 PWA! Ten rodzaj aplikacji nie wymaga instalacji pliku APK. Strategia ta zwi\u0119ksza bezpiecze\u0144stwo poprzez wyeliminowanie zewn\u0119trznych sklep\u00f3w z aplikacjami i u\u0142atwienie konfiguracji.<\/p>\n<p>Proces instalacji aplikacji na Androida wymaga:<\/p>\n<ol>\n<li>Otwarcie strony kasyna Cowboy Spin i klikni\u0119cie przycisku \u201eAplikacja kasyna\u201d.<\/li>\n<li>Post\u0119puj zgodnie z kilkoma prostymi instrukcjami, aby doda\u0107 aplikacj\u0119 do strony g\u0142\u00f3wnej (za\u0142aduj PWA).<\/li>\n<li>Zapisz skr\u00f3t w dowolnym miejscu na ekranie. Mo\u017cesz go przenie\u015b\u0107 w dowolne miejsce na urz\u0105dzeniu.<\/li>\n<\/ol>\n<p>Po instalacji aplikacja Cowboyspin zapewnia szybki dost\u0119p do ca\u0142ej biblioteki gier, w kt\u00f3rej znajduj\u0105 si\u0119 automaty online, kasyno na \u017cywo oraz funkcje bonusowe. Oferujemy r\u00f3wnie\u017c powiadomienia w czasie rzeczywistym, dzi\u0119ki czemu gracze otrzymuj\u0105 aktualizacje dotycz\u0105ce promocji, turniej\u00f3w i wa\u017cnych dzia\u0142a\u0144 na koncie. Aplikacja jest lekka, co oznacza, \u017ce zu\u017cywa niewiele danych i \u015bwietnie nadaje si\u0119 do gier mobilnych.<\/p>\n<p><img loading=\"lazy\" decoding=\"async\" class=\"alignnone size-full wp-image-1928\" src=\"https:\/\/cowboyspincasino.org\/wp-content\/uploads\/2026\/03\/Cowboyspin-Android-App.webp\" alt=\"Cowboyspin Android App\" width=\"1248\" height=\"536\" srcset=\"https:\/\/cowboyspincasino.org\/wp-content\/uploads\/2026\/03\/Cowboyspin-Android-App.webp 1248w, https:\/\/cowboyspincasino.org\/wp-content\/uploads\/2026\/03\/Cowboyspin-Android-App-300x129.webp 300w, https:\/\/cowboyspincasino.org\/wp-content\/uploads\/2026\/03\/Cowboyspin-Android-App-1024x440.webp 1024w, https:\/\/cowboyspincasino.org\/wp-content\/uploads\/2026\/03\/Cowboyspin-Android-App-768x330.webp 768w\" sizes=\"auto, (max-width: 1248px) 100vw, 1248px\" \/><\/p>\n<\/div><\/div><div style=\"clear: both\"><\/div><div class=\"d-flex justify-content-center\"><button data-item=\"decouvrez_link\" data-group=\"website_links\" class=\"goto fw-bold rounded-pill btn btn-orange\" aria-label=\"Pobierz Cowboyspin\" >Pobierz Cowboyspin<\/button><\/div><div class=\"scrollable-content-wrap my-5\"><div class=\"scrollable-content-inner\"><h2>Aplikacje na Windows i Mac<\/h2>\n<p>Aplikacja PWA kasyna Cowboyspin jest niezwykle wygodna dla u\u017cytkownik\u00f3w komputer\u00f3w stacjonarnych, poniewa\u017c pozwala dostosowa\u0107 ekran do dowolnego rozmiaru. Dzia\u0142a bezpo\u015brednio w przegl\u0105darce i nie wymaga instalacji ze sklep\u00f3w z aplikacjami. Nie musisz przegl\u0105da\u0107 stron internetowych z oprogramowaniem i nara\u017ca\u0107 si\u0119 na ryzyko zainfekowania komputera wirusami.<\/p>\n<p>Nasza aplikacja Cowboy Spin dzia\u0142a zgodnie z zasadami adaptacyjnego, responsywnego projektowania, a jej uk\u0142ad i rozdzielczo\u015b\u0107 automatycznie dostosowuj\u0105 si\u0119 do smartfon\u00f3w, tablet\u00f3w i komputer\u00f3w stacjonarnych.<\/p>\n<p>Ta aplikacja internetowa posiada automatyczne aktualizacje w tle, co oznacza, \u017ce gracze kasyna Cowboyspin zawsze b\u0119d\u0105 korzysta\u0107 z najnowszej wersji bez konieczno\u015bci r\u0119cznej aktualizacji. Wykorzystuje ona kontrolowane mechanizmy buforowania, kt\u00f3re umo\u017cliwiaj\u0105 szybkie \u0142adowanie i zmniejszaj\u0105 zu\u017cycie danych. Wi\u0119kszo\u015b\u0107 funkcji, takich jak przegl\u0105danie menu gier i ustawie\u0144 konta, jest dost\u0119pna w dowolnym momencie!<\/p>\n<p><img loading=\"lazy\" decoding=\"async\" class=\"alignnone size-full wp-image-1944\" src=\"https:\/\/cowboyspincasino.org\/wp-content\/uploads\/2026\/03\/Cowboyspin-Desktop.webp\" alt=\"Cowboyspin Desktop\" width=\"1248\" height=\"536\" srcset=\"https:\/\/cowboyspincasino.org\/wp-content\/uploads\/2026\/03\/Cowboyspin-Desktop.webp 1248w, https:\/\/cowboyspincasino.org\/wp-content\/uploads\/2026\/03\/Cowboyspin-Desktop-300x129.webp 300w, https:\/\/cowboyspincasino.org\/wp-content\/uploads\/2026\/03\/Cowboyspin-Desktop-1024x440.webp 1024w, https:\/\/cowboyspincasino.org\/wp-content\/uploads\/2026\/03\/Cowboyspin-Desktop-768x330.webp 768w\" sizes=\"auto, (max-width: 1248px) 100vw, 1248px\" \/><\/p>\n<\/div><\/div><div style=\"clear: both\"><\/div><div class=\"d-flex justify-content-center\"><button data-item=\"decouvrez_link\" data-group=\"website_links\" class=\"goto fw-bold rounded-pill btn btn-orange\" aria-label=\"Pobierz aplikacj\u0119 Cowboyspin\" >Pobierz aplikacj\u0119 Cowboyspin<\/button><\/div><div class=\"scrollable-content-wrap my-5\"><div class=\"scrollable-content-inner\"><h2>Bezpiecze\u0144stwo i zalety aplikacji<\/h2>\n<p>Aplikacja Cowboyspin PWA wykorzystuje szyfrowanie TLS, wi\u0119c nie musisz martwi\u0107 si\u0119 o bezpiecze\u0144stwo. Jest szybka, godna zaufania i bezpieczna w u\u017cyciu, \u0142\u0105cz\u0105c w sobie wygod\u0119 przegl\u0105darki internetowej z funkcjonalno\u015bci\u0105 dedykowanej aplikacji.<\/p>\n<table>\n<tbody>\n<tr>\n<td>Komponenty techniczne<\/td>\n<td>Szczeg\u00f3\u0142y<\/td>\n<td>Dlaczego jest to dla Ciebie korzystne?<\/td>\n<\/tr>\n<tr>\n<td>Lekko\u015b\u0107<\/td>\n<td>Aby ograniczy\u0107 zb\u0119dne operacje w tle, zasoby s\u0105 kompresowane, a skrypty zoptymalizowane.<\/td>\n<td>Szybsze \u0142adowanie i minimalne zu\u017cycie danych \u2014 bateria jest bezpieczna!<\/td>\n<\/tr>\n<tr>\n<td>Responsywny uk\u0142ad<\/td>\n<td>Uk\u0142ad dostosowuje si\u0119 automatycznie do r\u00f3\u017cnych rozmiar\u00f3w i orientacji ekranu.<\/td>\n<td>Sp\u00f3jna obs\u0142uga na smartfonach, tabletach i komputerach stacjonarnych.<\/td>\n<\/tr>\n<tr>\n<td>Automatyczne aktualizacje<\/td>\n<td>Aktualizacje s\u0105 wdra\u017cane automatycznie po ponownym za\u0142adowaniu aplikacji lub strony internetowej.<\/td>\n<td>Zawsze korzystasz z najnowszej wersji z ulepszeniami bezpiecze\u0144stwa.<\/td>\n<\/tr>\n<tr>\n<td>Bezpieczny hosting w chmurze<\/td>\n<td>Hosting na serwerach o wysokiej wydajno\u015bci z r\u00f3wnowa\u017ceniem obci\u0105\u017cenia.<\/td>\n<td>Niezawodna, stabilna wydajno\u015b\u0107 nawet przy du\u017cym nat\u0119\u017ceniu ruchu<\/td>\n<\/tr>\n<tr>\n<td>Zoptymalizowany system buforowania<\/td>\n<td>Cz\u0119sto u\u017cywane elementy s\u0105 przechowywane lokalnie na urz\u0105dzeniu.<\/td>\n<td>Szybsze prze\u0142adowywanie stron, bez op\u00f3\u017anie\u0144.<\/td>\n<\/tr>\n<\/tbody>\n<\/table>\n<h2>FAQ<\/h2>\n<h3>Czy do korzystania z aplikacji Cowboy Spin konieczne jest za\u0142o\u017cenie konta?<\/h3>\n<p>Tak, aby w pe\u0142ni korzysta\u0107 z funkcji aplikacji Cowboyspin, musisz za\u0142o\u017cy\u0107 konto. Jeste\u015bmy pewni, \u017ce chcesz mie\u0107 dost\u0119p do wszystkich funkcji naszego mobilnego kasyna. Dlatego rejestracja jest bardzo wa\u017cna \u2014 wystarczy kilka klikni\u0119\u0107, a konto w kasynie Cowboyspin jest gotowe do u\u017cycia.<\/p>\n<h3>Czy aplikacja Cowboyspin Casino oferuje obs\u0142ug\u0119 klienta?<\/h3>\n<p>Aplikacja Cowboyspin posiada czat na \u017cywo, tak samo jak nasza pe\u0142na wersja. Dzi\u0119ki temu mo\u017cesz \u0142atwo skontaktowa\u0107 si\u0119 z zespo\u0142em obs\u0142ugi klienta i zadawa\u0107 pytania lub rozwi\u0105zywa\u0107 problemy w czasie rzeczywistym. Obs\u0142uga klienta jest r\u00f3wnie\u017c dost\u0119pna w okre\u015blonych godzinach, aby pom\u00f3c w kwestiach technicznych lub zwi\u0105zanych z kontem.<\/p>\n<h3>Co zrobi\u0107, je\u015bli aplikacja ulegnie awarii lub zawiesi si\u0119?<\/h3>\n<p>W przypadku awarii lub braku reakcji aplikacji Cowboyspin Casino, pierwsz\u0105 rzecz\u0105, kt\u00f3r\u0105 nale\u017cy spr\u00f3bowa\u0107, jest ponowne uruchomienie aplikacji i wyczyszczenie pami\u0119ci podr\u0119cznej. Je\u015bli to nie pomog\u0142o, najlepiej zaktualizowa\u0107 aplikacj\u0119 lub przegl\u0105dark\u0119 do najnowszej wersji, aby zapewni\u0107 jej wi\u0119ksz\u0105 stabilno\u015b\u0107. Je\u015bli masz jakie\u015b nierozwi\u0105zane problemy, skontaktuj si\u0119 z nami za po\u015brednictwem czatu na \u017cywo na stronie Kontakt.<\/p>\n<\/div><\/div><\/p>\n","protected":false},"excerpt":{"rendered":"<p>Kasyno Cowboy Spin na urz\u0105dzeniach mobilnych Cowboyspin app stawia na pierwszym miejscu zapewnienie polskim graczom solidnej, bezpiecznej i fantastycznej wygody mobilnej. Mo\u017cesz gra\u0107 w automaty online, gry sto\u0142owe i kasyno na \u017cywo w dowolnym miejscu. Aplikacja wykorzystuje najnowocze\u015bniejsz\u0105 i najbardziej zaawansowan\u0105 technologi\u0119, aby Twoja gra by\u0142a p\u0142ynna i elegancka. Zapewniamy szybko\u015b\u0107, bezpiecze\u0144stwo i \u0142atw\u0105 nawigacj\u0119. [&hellip;]<\/p>\n","protected":false},"author":1,"featured_media":0,"parent":0,"menu_order":0,"comment_status":"closed","ping_status":"closed","template":"template-builder.php","meta":{"_acf_changed":false,"inline_featured_image":false,"footnotes":""},"class_list":["post-1447","page","type-page","status-publish","hentry"],"acf":[],"yoast_head":"<!-- This site is optimized with the Yoast SEO plugin v27.3 - https:\/\/yoast.com\/product\/yoast-seo-wordpress\/ -->\n<title>Cowboyspin app Pobieranie | iOS i Android<\/title>\n<meta name=\"description\" content=\"Aplikacja Cowboyspin zapewnia p\u0142ynn\u0105 rozgrywk\u0119 na platformach Android, iOS, Windows i macOS, wraz z synchronizacj\u0105 kont, regularnymi aktualizacjami i wbudowan\u0105 pomoc\u0105 techniczn\u0105 dla u\u017cytkownik\u00f3w, co zapewnia \u0142atwo\u015b\u0107 obs\u0142ugi.\" \/>\n<meta name=\"robots\" content=\"index, follow, max-snippet:-1, max-image-preview:large, max-video-preview:-1\" \/>\n<link rel=\"canonical\" href=\"https:\/\/cowboyspincasino.org\/pl\/aplikacja\/\" \/>\n<meta property=\"og:locale\" content=\"pl_PL\" \/>\n<meta property=\"og:type\" content=\"article\" \/>\n<meta property=\"og:title\" content=\"Cowboyspin app Pobieranie | iOS i Android\" \/>\n<meta property=\"og:description\" content=\"Aplikacja Cowboyspin zapewnia p\u0142ynn\u0105 rozgrywk\u0119 na platformach Android, iOS, Windows i macOS, wraz z synchronizacj\u0105 kont, regularnymi aktualizacjami i wbudowan\u0105 pomoc\u0105 techniczn\u0105 dla u\u017cytkownik\u00f3w, co zapewnia \u0142atwo\u015b\u0107 obs\u0142ugi.\" \/>\n<meta property=\"og:url\" content=\"https:\/\/cowboyspincasino.org\/pl\/aplikacja\/\" \/>\n<meta property=\"og:site_name\" content=\"cowboyspin\" \/>\n<meta property=\"article:modified_time\" content=\"2026-03-23T12:58:32+00:00\" \/>\n<meta name=\"twitter:card\" content=\"summary_large_image\" \/>\n<meta name=\"twitter:label1\" content=\"Est. reading time\" \/>\n\t<meta name=\"twitter:data1\" content=\"2 minutes\" \/>\n<script type=\"application\/ld+json\" class=\"yoast-schema-graph\">{\"@context\":\"https:\\\/\\\/schema.org\",\"@graph\":[{\"@type\":\"WebPage\",\"@id\":\"https:\\\/\\\/cowboyspincasino.org\\\/pl\\\/aplikacja\\\/\",\"url\":\"https:\\\/\\\/cowboyspincasino.org\\\/pl\\\/aplikacja\\\/\",\"name\":\"Cowboyspin app Pobieranie | iOS i Android\",\"isPartOf\":{\"@id\":\"https:\\\/\\\/cowboyspincasino.org\\\/pl\\\/#website\"},\"datePublished\":\"2026-01-20T12:08:23+00:00\",\"dateModified\":\"2026-03-23T12:58:32+00:00\",\"description\":\"Aplikacja Cowboyspin zapewnia p\u0142ynn\u0105 rozgrywk\u0119 na platformach Android, iOS, Windows i macOS, wraz z synchronizacj\u0105 kont, regularnymi aktualizacjami i wbudowan\u0105 pomoc\u0105 techniczn\u0105 dla u\u017cytkownik\u00f3w, co zapewnia \u0142atwo\u015b\u0107 obs\u0142ugi.\",\"breadcrumb\":{\"@id\":\"https:\\\/\\\/cowboyspincasino.org\\\/pl\\\/aplikacja\\\/#breadcrumb\"},\"inLanguage\":\"pl-PL\",\"potentialAction\":[{\"@type\":\"ReadAction\",\"target\":[\"https:\\\/\\\/cowboyspincasino.org\\\/pl\\\/aplikacja\\\/\"]}]},{\"@type\":\"BreadcrumbList\",\"@id\":\"https:\\\/\\\/cowboyspincasino.org\\\/pl\\\/aplikacja\\\/#breadcrumb\",\"itemListElement\":[{\"@type\":\"ListItem\",\"position\":1,\"name\":\"Cowboyspin\",\"item\":\"https:\\\/\\\/cowboyspincasino.org\\\/pl\\\/\"},{\"@type\":\"ListItem\",\"position\":2,\"name\":\"Aplikacja\"}]},{\"@type\":\"WebSite\",\"@id\":\"https:\\\/\\\/cowboyspincasino.org\\\/pl\\\/#website\",\"url\":\"https:\\\/\\\/cowboyspincasino.org\\\/pl\\\/\",\"name\":\"Cowboyspin\",\"description\":\"\",\"publisher\":{\"@id\":\"https:\\\/\\\/cowboyspincasino.org\\\/pl\\\/#organization\"},\"potentialAction\":[{\"@type\":\"SearchAction\",\"target\":{\"@type\":\"EntryPoint\",\"urlTemplate\":\"https:\\\/\\\/cowboyspincasino.org\\\/pl\\\/?s={search_term_string}\"},\"query-input\":{\"@type\":\"PropertyValueSpecification\",\"valueRequired\":true,\"valueName\":\"search_term_string\"}}],\"inLanguage\":\"pl-PL\"},{\"@type\":\"Organization\",\"@id\":\"https:\\\/\\\/cowboyspincasino.org\\\/pl\\\/#organization\",\"name\":\"Cowboyspin\",\"url\":\"https:\\\/\\\/cowboyspincasino.org\\\/pl\\\/\",\"logo\":{\"@type\":\"ImageObject\",\"inLanguage\":\"pl-PL\",\"@id\":\"https:\\\/\\\/cowboyspincasino.org\\\/pl\\\/#\\\/schema\\\/logo\\\/image\\\/\",\"url\":\"https:\\\/\\\/cowboyspincasino.org\\\/wp-content\\\/uploads\\\/2026\\\/03\\\/cowboyspin-logo.png\",\"contentUrl\":\"https:\\\/\\\/cowboyspincasino.org\\\/wp-content\\\/uploads\\\/2026\\\/03\\\/cowboyspin-logo.png\",\"width\":180,\"height\":66,\"caption\":\"Cowboyspin\"},\"image\":{\"@id\":\"https:\\\/\\\/cowboyspincasino.org\\\/pl\\\/#\\\/schema\\\/logo\\\/image\\\/\"}}]}<\/script>\n<!-- \/ Yoast SEO plugin. -->","yoast_head_json":{"title":"Cowboyspin app Pobieranie | iOS i Android","description":"Aplikacja Cowboyspin zapewnia p\u0142ynn\u0105 rozgrywk\u0119 na platformach Android, iOS, Windows i macOS, wraz z synchronizacj\u0105 kont, regularnymi aktualizacjami i wbudowan\u0105 pomoc\u0105 techniczn\u0105 dla u\u017cytkownik\u00f3w, co zapewnia \u0142atwo\u015b\u0107 obs\u0142ugi.","robots":{"index":"index","follow":"follow","max-snippet":"max-snippet:-1","max-image-preview":"max-image-preview:large","max-video-preview":"max-video-preview:-1"},"canonical":"https:\/\/cowboyspincasino.org\/pl\/aplikacja\/","og_locale":"pl_PL","og_type":"article","og_title":"Cowboyspin app Pobieranie | iOS i Android","og_description":"Aplikacja Cowboyspin zapewnia p\u0142ynn\u0105 rozgrywk\u0119 na platformach Android, iOS, Windows i macOS, wraz z synchronizacj\u0105 kont, regularnymi aktualizacjami i wbudowan\u0105 pomoc\u0105 techniczn\u0105 dla u\u017cytkownik\u00f3w, co zapewnia \u0142atwo\u015b\u0107 obs\u0142ugi.","og_url":"https:\/\/cowboyspincasino.org\/pl\/aplikacja\/","og_site_name":"cowboyspin","article_modified_time":"2026-03-23T12:58:32+00:00","twitter_card":"summary_large_image","twitter_misc":{"Est. reading time":"2 minutes"},"schema":{"@context":"https:\/\/schema.org","@graph":[{"@type":"WebPage","@id":"https:\/\/cowboyspincasino.org\/pl\/aplikacja\/","url":"https:\/\/cowboyspincasino.org\/pl\/aplikacja\/","name":"Cowboyspin app Pobieranie | iOS i Android","isPartOf":{"@id":"https:\/\/cowboyspincasino.org\/pl\/#website"},"datePublished":"2026-01-20T12:08:23+00:00","dateModified":"2026-03-23T12:58:32+00:00","description":"Aplikacja Cowboyspin zapewnia p\u0142ynn\u0105 rozgrywk\u0119 na platformach Android, iOS, Windows i macOS, wraz z synchronizacj\u0105 kont, regularnymi aktualizacjami i wbudowan\u0105 pomoc\u0105 techniczn\u0105 dla u\u017cytkownik\u00f3w, co zapewnia \u0142atwo\u015b\u0107 obs\u0142ugi.","breadcrumb":{"@id":"https:\/\/cowboyspincasino.org\/pl\/aplikacja\/#breadcrumb"},"inLanguage":"pl-PL","potentialAction":[{"@type":"ReadAction","target":["https:\/\/cowboyspincasino.org\/pl\/aplikacja\/"]}]},{"@type":"BreadcrumbList","@id":"https:\/\/cowboyspincasino.org\/pl\/aplikacja\/#breadcrumb","itemListElement":[{"@type":"ListItem","position":1,"name":"Cowboyspin","item":"https:\/\/cowboyspincasino.org\/pl\/"},{"@type":"ListItem","position":2,"name":"Aplikacja"}]},{"@type":"WebSite","@id":"https:\/\/cowboyspincasino.org\/pl\/#website","url":"https:\/\/cowboyspincasino.org\/pl\/","name":"Cowboyspin","description":"","publisher":{"@id":"https:\/\/cowboyspincasino.org\/pl\/#organization"},"potentialAction":[{"@type":"SearchAction","target":{"@type":"EntryPoint","urlTemplate":"https:\/\/cowboyspincasino.org\/pl\/?s={search_term_string}"},"query-input":{"@type":"PropertyValueSpecification","valueRequired":true,"valueName":"search_term_string"}}],"inLanguage":"pl-PL"},{"@type":"Organization","@id":"https:\/\/cowboyspincasino.org\/pl\/#organization","name":"Cowboyspin","url":"https:\/\/cowboyspincasino.org\/pl\/","logo":{"@type":"ImageObject","inLanguage":"pl-PL","@id":"https:\/\/cowboyspincasino.org\/pl\/#\/schema\/logo\/image\/","url":"https:\/\/cowboyspincasino.org\/wp-content\/uploads\/2026\/03\/cowboyspin-logo.png","contentUrl":"https:\/\/cowboyspincasino.org\/wp-content\/uploads\/2026\/03\/cowboyspin-logo.png","width":180,"height":66,"caption":"Cowboyspin"},"image":{"@id":"https:\/\/cowboyspincasino.org\/pl\/#\/schema\/logo\/image\/"}}]}},"_links":{"self":[{"href":"https:\/\/cowboyspincasino.org\/pl\/wp-json\/wp\/v2\/pages\/1447","targetHints":{"allow":["GET"]}}],"collection":[{"href":"https:\/\/cowboyspincasino.org\/pl\/wp-json\/wp\/v2\/pages"}],"about":[{"href":"https:\/\/cowboyspincasino.org\/pl\/wp-json\/wp\/v2\/types\/page"}],"author":[{"embeddable":true,"href":"https:\/\/cowboyspincasino.org\/pl\/wp-json\/wp\/v2\/users\/1"}],"replies":[{"embeddable":true,"href":"https:\/\/cowboyspincasino.org\/pl\/wp-json\/wp\/v2\/comments?post=1447"}],"version-history":[{"count":3,"href":"https:\/\/cowboyspincasino.org\/pl\/wp-json\/wp\/v2\/pages\/1447\/revisions"}],"predecessor-version":[{"id":2068,"href":"https:\/\/cowboyspincasino.org\/pl\/wp-json\/wp\/v2\/pages\/1447\/revisions\/2068"}],"wp:attachment":[{"href":"https:\/\/cowboyspincasino.org\/pl\/wp-json\/wp\/v2\/media?parent=1447"}],"curies":[{"name":"wp","href":"https:\/\/api.w.org\/{rel}","templated":true}]}}