{"id":1486,"date":"2026-01-20T12:11:11","date_gmt":"2026-01-20T12:11:11","guid":{"rendered":"https:\/\/bonuskongcasino.com\/login-and-registration\/"},"modified":"2026-03-23T13:00:03","modified_gmt":"2026-03-23T13:00:03","slug":"logowanie-i-rejestracja","status":"publish","type":"page","link":"https:\/\/cowboyspincasino.org\/pl\/logowanie-i-rejestracja\/","title":{"rendered":"Logowanie i rejestracja"},"content":{"rendered":"<h1>Logowanie, rejestracja i zarz\u0105dzanie kontem w Cowboyspin<\/h1>\n<p>Cowboyspin login to jeden z najwa\u017cniejszych krok\u00f3w dla polskich graczy, kt\u00f3rzy chc\u0105 w pe\u0142ni korzysta\u0107 z mo\u017cliwo\u015bci oferowanych przez nasz\u0105 aktywn\u0105 platform\u0119. Po rejestracji u\u017cytkownicy mog\u0105 z \u0142atwo\u015bci\u0105 gra\u0107 w gry, zarz\u0105dza\u0107 swoimi kontami oraz cieszy\u0107 si\u0119 bezpiecznym \u015brodowiskiem chronionym przez wysokiej jako\u015bci systemy zabezpiecze\u0144. Nasze proste logowanie to poufny i sprawny spos\u00f3b na uzyskanie dost\u0119pu do wszystkich funkcji i promocji kasyna Cowboyspin, dzi\u0119ki czemu gra online staje si\u0119 relaksuj\u0105ca i niezapomniana.<\/p>\n<p><div class=\"banner-wrap\" aria-label=\"Banner\"><img src=\"https:\/\/cowboyspincasino.org\/wp-content\/uploads\/2026\/03\/banner-desktop2x.webp\" class=\"w-100 d-none d-lg-block img-pc main-banner-img\" alt=\"Cowboyspin bonus desktop\" fetchpriority=\"high\" decoding=\"async\"><img src=\"https:\/\/cowboyspincasino.org\/wp-content\/uploads\/2026\/03\/banner-mobile2x.webp\" class=\"w-100 d-none d-md-block d-lg-none main-banner-img\" alt=\"Cowboyspin bonus mobile\" fetchpriority=\"high\" decoding=\"async\"><img src=\"https:\/\/cowboyspincasino.org\/wp-content\/uploads\/2026\/03\/banner-mobile2x.webp\" class=\"w-100 d-md-none\" alt=\"Cowboyspin bonus mobile\" fetchpriority=\"high\" decoding=\"async\"><div class=\"banner-description\">\n<div class=\"banner-title\">Bonusy powitalne<\/div>\n<p class=\"banner-header-title\">1500 \u20ac<\/p>\n<div class=\"banner-header-AdditionalText\">+ 250 Darmowe spiny<\/div>\n<button data-item=\"homepage_banner_link\" class=\"goto m-button m-gradient-border m-button--primary m-button--large banner-button btn-orange\">\n            <div class=\"m-button-content\">\n                <span>Zarejestruj si\u0119 teraz<\/span>\n                <span><\/span>\n            <\/div>\n        <\/button>\n<\/div>\n<div class=\"WelcomePack\">\n<p><img loading=\"lazy\" decoding=\"async\" class=\"alignnone size-full wp-image-1856\" src=\"https:\/\/cowboyspincasino.org\/wp-content\/uploads\/2026\/03\/welcome-crown.png\" alt=\"welcome crown\" width=\"25\" height=\"26\" \/><\/p>\n<div class=\"WelcomePack-Info\">Cotygodniowy zwrot got\u00f3wki do 25%<\/div>\n<p><img loading=\"lazy\" decoding=\"async\" class=\"alignnone size-full wp-image-1856\" src=\"https:\/\/cowboyspincasino.org\/wp-content\/uploads\/2026\/03\/welcome-crown.png\" alt=\"welcome crown\" width=\"25\" height=\"26\" \/><\/p>\n<\/div>\n<\/div><div class=\"scrollable-content-wrap my-5\"><div class=\"scrollable-content-inner\"><h2>Rejestracja nowego u\u017cytkownika w kasynie Cowboyspin<\/h2>\n<p>Formularz logowania do Cowboyspin otwiera dost\u0119p do ca\u0142ej platformy, zapewniaj\u0105c dost\u0119p do szerokiej gamy gier, ekskluzywnych bonus\u00f3w oraz sposob\u00f3w wp\u0142acania i wyp\u0142acania pieni\u0119dzy. Posiadaj\u0105c odpowiednie konto, mo\u017cesz uczestniczy\u0107 w grach na prawdziwe pieni\u0105dze, korzysta\u0107 z ofert promocyjnych oraz cieszy\u0107 si\u0119 spersonalizowanymi funkcjami zarz\u0105dzania kontem. Proces rejestracji zosta\u0142 zaprojektowany tak, aby u\u0142atwi\u0107 rozpocz\u0119cie gry.<\/p>\n<h3>Za\u0142\u00f3\u017c konto<\/h3>\n<p>Zdecydowa\u0142e\u015b si\u0119 do\u0142\u0105czy\u0107. To \u015bwietna wiadomo\u015b\u0107 dla kasyna Cowboy Spin, \u017ce jeste\u015b z nami!<\/p>\n<ol>\n<li>Znajd\u017a przycisk \u201eZarejestruj si\u0119\u201d, kt\u00f3ry znajduje si\u0119 w prawym g\u00f3rnym rogu strony g\u0142\u00f3wnej.<\/li>\n<li>Wpisz sw\u00f3j prawid\u0142owy adres e-mail i bezpieczne has\u0142o. Has\u0142o powinno spe\u0142nia\u0107 wymagania bezpiecze\u0144stwa platformy, wi\u0119c prosimy, nie u\u017cywaj \u0142atwych nazw ani odwr\u00f3conych liter.<\/li>\n<li>Zaakceptuj warunki, zaznacz potwierdzenie wieku i zapoznaj si\u0119 z nasz\u0105 polityk\u0105 odpowiedzialnej gry. Je\u015bli nadal jeste\u015b osob\u0105 niepe\u0142noletni\u0105, nie mo\u017cesz do\u0142\u0105czy\u0107.<\/li>\n<li>Musisz wype\u0142ni\u0107 CAPTCHA, aby potwierdzi\u0107, \u017ce nie jeste\u015b botem.<\/li>\n<li>Zako\u0144cz proces i poczekaj na nasz e-mail.<\/li>\n<li>Post\u0119puj zgodnie z instrukcjami zawartymi w wiadomo\u015bci i zako\u0144cz rejestracj\u0119 w kasynie Cowboy Spin.<\/li>\n<\/ol>\n<p>Klikaj\u0105c link w tej wiadomo\u015bci e-mail, mo\u017cesz w pe\u0142ni aktywowa\u0107 swoje konto i natychmiast uzyska\u0107 dost\u0119p do platformy. Zaleca si\u0119 natychmiastowe sprawdzenie skrzynki e-mail, aby unikn\u0105\u0107 op\u00f3\u017anie\u0144 w dzia\u0142aniu konta Cowboy Spin.<\/p>\n<p><img loading=\"lazy\" decoding=\"async\" class=\"alignnone size-full wp-image-1952\" src=\"https:\/\/cowboyspincasino.org\/wp-content\/uploads\/2026\/03\/Cowboyspin.webp\" alt=\"Cowboyspin login\" width=\"1248\" height=\"536\" srcset=\"https:\/\/cowboyspincasino.org\/wp-content\/uploads\/2026\/03\/Cowboyspin.webp 1248w, https:\/\/cowboyspincasino.org\/wp-content\/uploads\/2026\/03\/Cowboyspin-300x129.webp 300w, https:\/\/cowboyspincasino.org\/wp-content\/uploads\/2026\/03\/Cowboyspin-1024x440.webp 1024w, https:\/\/cowboyspincasino.org\/wp-content\/uploads\/2026\/03\/Cowboyspin-768x330.webp 768w\" sizes=\"auto, (max-width: 1248px) 100vw, 1248px\" \/><\/p>\n<h2>Zarz\u0105dzanie kontem Cowboyspin<\/h2>\n<p>Logowanie do Cowboyspin jest domy\u015blnie naj\u0142atwiejsz\u0105 funkcj\u0105 w naszym kasynie, poniewa\u017c pocz\u0105tek \u201erodeo\u201d powinien zawsze przebiega\u0107 p\u0142ynnie.<\/p>\n<p>Zaloguj si\u0119 na swoje konto przez portal logowania Cowboyspin, wpisuj\u0105c sw\u00f3j zarejestrowany adres e-mail i has\u0142o. Je\u015bli masz w\u0142\u0105czone uwierzytelnianie dwusk\u0142adnikowe, poprosimy Ci\u0119 o wykonanie dodatkowego kroku uwierzytelniaj\u0105cego za pomoc\u0105 SMS-a lub aplikacji uwierzytelniaj\u0105cej.<\/p>\n<p>W panelu konta mo\u017cesz:<\/p>\n<ul>\n<li>Wp\u0142aca\u0107 \u015brodki, korzystaj\u0105c z r\u00f3\u017cnych opcji p\u0142atno\u015bci.<\/li>\n<li>Wyp\u0142aca\u0107 wygrane z Cowboy Spin.<\/li>\n<li>Sprawdzi\u0107 histori\u0119 transakcji i saldo.<\/li>\n<li>W\u0142\u0105cza\u0107 lub wy\u0142\u0105cza\u0107 ustawienia bezpiecze\u0144stwa, takie jak uwierzytelnianie dwusk\u0142adnikowe (2FA).<\/li>\n<li>Edytowa\u0107 informacje profilowe w Cowboy Spin, w tym adres e-mail, oraz ustawi\u0107 preferencje.<\/li>\n<li>Otrzymuj ci\u0105g\u0142e promocje i bonusy.<\/li>\n<li>Skontaktuj si\u0119 z obs\u0142ug\u0105 klienta za po\u015brednictwem wbudowanego czatu na \u017cywo.<\/li>\n<\/ul>\n<p>Czeka na Ciebie bezpieczny i spersonalizowany proces gry! Ciesz si\u0119 dobrym zarz\u0105dzaniem kontem. Zaleca si\u0119 regularn\u0105 aktualizacj\u0119 danych kontaktowych i pozostawienie w\u0142\u0105czonych ustawie\u0144 bezpiecze\u0144stwa, aby zapewni\u0107 maksymaln\u0105 ochron\u0119.<\/p>\n<h3>Je\u015bli zapomnia\u0142e\u015b swoich danych logowania<\/h3>\n<p>Je\u015bli nie pami\u0119tasz has\u0142a, mo\u017cesz wykona\u0107 kilka prostych krok\u00f3w, aby to naprawi\u0107 i odzyska\u0107 dane logowania.<\/p>\n<table>\n<tbody>\n<tr>\n<td>Dzia\u0142anie<\/td>\n<td>Opis<\/td>\n<\/tr>\n<tr>\n<td>Kliknij \u201eNie pami\u0119tasz has\u0142a?\u201d.<\/td>\n<td>Znajd\u017a t\u0119 opcj\u0119 na stronie logowania Cowboyspin i wybierz j\u0105.<\/td>\n<\/tr>\n<tr>\n<td>Wpisz zarejestrowany adres e-mail<\/td>\n<td>Wpisz adres e-mail powi\u0105zany z Twoim kontem Cowboyspin.<\/td>\n<\/tr>\n<tr>\n<td>Otrzymaj link do resetowania<\/td>\n<td>Sprawd\u017a skrzynk\u0119 odbiorcz\u0105 (i folder ze spamem) w poszukiwaniu wiadomo\u015bci e-mail dotycz\u0105cej resetowania has\u0142a.<\/td>\n<\/tr>\n<tr>\n<td>Zresetuj has\u0142o<\/td>\n<td>Kliknij link w wiadomo\u015bci e-mail i post\u0119puj zgodnie z instrukcjami, aby utworzy\u0107 nowe has\u0142o.<\/td>\n<\/tr>\n<tr>\n<td>Zaloguj si\u0119 przy u\u017cyciu nowych danych logowania<\/td>\n<td>Wr\u00f3\u0107 na stron\u0119 logowania i zaloguj si\u0119 na swoje konto, u\u017cywaj\u0105c nowego has\u0142a.<\/td>\n<\/tr>\n<tr>\n<td>Zesp\u00f3\u0142 pomocy technicznej (w razie potrzeby)<\/td>\n<td>Je\u015bli problem nadal wyst\u0119puje, skontaktuj si\u0119 z obs\u0142ug\u0105 klienta za po\u015brednictwem czatu na \u017cywo, aby uzyska\u0107 dalsz\u0105 pomoc.<\/td>\n<\/tr>\n<\/tbody>\n<\/table>\n<h2>Weryfikacja konta w kasynie Cowboyspin i \u015brodki bezpiecze\u0144stwa<\/h2>\n<p>W kasynie Cowboy Spin przywi\u0105zujemy du\u017c\u0105 wag\u0119 do przeprowadzenia procedury KYC. Jest to prosty proces weryfikacji, kt\u00f3ry pomaga nam zidentyfikowa\u0107 naszych graczy i zwi\u0119kszy\u0107 og\u00f3lne bezpiecze\u0144stwo naszej platformy. Wystarczy, \u017ce prze\u015blesz nam sw\u00f3j wa\u017cny dokument to\u017csamo\u015bci oraz potwierdzenie adresu zamieszkania. Nast\u0119pnie, po sprawdzeniu i zatwierdzeniu przez nas, co zajmuje nie wi\u0119cej ni\u017c 48 godzin, mo\u017cesz swobodnie zalogowa\u0107 si\u0119 do Cowboyspin i odblokowa\u0107 wszystkie funkcje swojego panelu oraz mo\u017cliwo\u015bci finansowe.<\/p>\n<p>Opr\u00f3cz KYC wdra\u017camy jednak wiele innych rozwi\u0105za\u0144 zabezpieczaj\u0105cych. Kasyno Cowboyspin posiada szereg warstw zabezpiecze\u0144, takich jak uwierzytelnianie dwusk\u0142adnikowe i szyfrowanie TLS, oprogramowanie antyfraudowe oraz wiele system\u00f3w usuwania bot\u00f3w i oszustw, aby chroni\u0107 Ciebie i Twoje pieni\u0105dze. W kasynie Cowboyspin jeste\u015b bezpieczny.<\/p>\n<h2>FAQ<\/h2>\n<h3>Czy darmowe spiny trac\u0105 wa\u017cno\u015b\u0107?<\/h3>\n<p>Tak, darmowe spiny w kasynie Cowboyspin maj\u0105 daty, po kt\u00f3rych trac\u0105 wa\u017cno\u015b\u0107, a zale\u017cy to od rodzaju promocji. Warunki ka\u017cdego bonusu zawsze zawieraj\u0105 szczeg\u00f3\u0142owe informacje na ten temat, ale na razie wystarczy pami\u0119ta\u0107, \u017ce spiny powitalne trac\u0105 wa\u017cno\u015b\u0107 w ci\u0105gu pierwszych 3 dni, wi\u0119c dobrze je wykorzystaj.<\/p>\n<h3>Jak zaktualizowa\u0107 has\u0142o lub adres e-mail?<\/h3>\n<p>Aby zmieni\u0107 has\u0142o, najpierw zaloguj si\u0119 do Cowboyspin, a nast\u0119pnie przejd\u017a do ustawie\u0144 bezpiecze\u0144stwa i wybierz opcj\u0119 zmiany has\u0142a lub u\u017cyj aktualnego has\u0142a. Je\u015bli nie masz pewno\u015bci co do ustawie\u0144, mo\u017cesz po prostu napisa\u0107 do kierownika dzia\u0142u obs\u0142ugi klienta.<\/p>\n<h3>Co zrobi\u0107, je\u015bli moje konto jest zablokowane?<\/h3>\n<p>Blokada konta w kasynie Cowboyspin nast\u0119puje zazwyczaj wtedy, gdy nasz system antyoszustwowy wykryje podejrzan\u0105 aktywno\u015b\u0107 na Twoim koncie. Blokujemy wszystko od razu. Czasami jednak dzieje si\u0119 tak dlatego, \u017ce pr\u00f3bujesz zalogowa\u0107 si\u0119 do Cowboyspin zbyt wiele razy, a my tymczasowo zamra\u017camy konto, dop\u00f3ki si\u0119 z nami nie skontaktujesz. Skontaktuj si\u0119 z naszym wieloj\u0119zycznym zespo\u0142em obs\u0142ugi klienta, aby zweryfikowa\u0107 swoj\u0105 to\u017csamo\u015b\u0107 i rozwi\u0105za\u0107 problem. Jest to bardzo szybkie i \u0142atwe.<\/p>\n<\/div><\/div><\/p>\n","protected":false},"excerpt":{"rendered":"<p>Logowanie, rejestracja i zarz\u0105dzanie kontem w Cowboyspin Cowboyspin login to jeden z najwa\u017cniejszych krok\u00f3w dla polskich graczy, kt\u00f3rzy chc\u0105 w pe\u0142ni korzysta\u0107 z mo\u017cliwo\u015bci oferowanych przez nasz\u0105 aktywn\u0105 platform\u0119. Po rejestracji u\u017cytkownicy mog\u0105 z \u0142atwo\u015bci\u0105 gra\u0107 w gry, zarz\u0105dza\u0107 swoimi kontami oraz cieszy\u0107 si\u0119 bezpiecznym \u015brodowiskiem chronionym przez wysokiej jako\u015bci systemy zabezpiecze\u0144. Nasze proste logowanie [&hellip;]<\/p>\n","protected":false},"author":1,"featured_media":0,"parent":0,"menu_order":0,"comment_status":"closed","ping_status":"closed","template":"template-builder.php","meta":{"_acf_changed":false,"inline_featured_image":false,"footnotes":""},"class_list":["post-1486","page","type-page","status-publish","hentry"],"acf":[],"yoast_head":"<!-- This site is optimized with the Yoast SEO plugin v27.3 - https:\/\/yoast.com\/product\/yoast-seo-wordpress\/ -->\n<title>Cowboyspin Logowanie \u2013 rejestracja i zarz\u0105dzanie kontem<\/title>\n<meta name=\"description\" content=\"\u0141atwo tw\u00f3rz, zarz\u0105dzaj i weryfikuj swoje konto w kasynie Cowboyspin dzi\u0119ki szybkiej rejestracji, p\u0142ynnemu odzyskiwaniu konta i bezpiecznemu zamykaniu konta, zapewniaj\u0105c ochron\u0119 24\/7 poprzez Cowboyspin Login.\" \/>\n<meta name=\"robots\" content=\"index, follow, max-snippet:-1, max-image-preview:large, max-video-preview:-1\" \/>\n<link rel=\"canonical\" href=\"https:\/\/cowboyspincasino.org\/pl\/logowanie-i-rejestracja\/\" \/>\n<meta property=\"og:locale\" content=\"pl_PL\" \/>\n<meta property=\"og:type\" content=\"article\" \/>\n<meta property=\"og:title\" content=\"Cowboyspin Logowanie \u2013 rejestracja i zarz\u0105dzanie kontem\" \/>\n<meta property=\"og:description\" content=\"\u0141atwo tw\u00f3rz, zarz\u0105dzaj i weryfikuj swoje konto w kasynie Cowboyspin dzi\u0119ki szybkiej rejestracji, p\u0142ynnemu odzyskiwaniu konta i bezpiecznemu zamykaniu konta, zapewniaj\u0105c ochron\u0119 24\/7 poprzez Cowboyspin Login.\" \/>\n<meta property=\"og:url\" content=\"https:\/\/cowboyspincasino.org\/pl\/logowanie-i-rejestracja\/\" \/>\n<meta property=\"og:site_name\" content=\"cowboyspin\" \/>\n<meta property=\"article:modified_time\" content=\"2026-03-23T13:00:03+00:00\" \/>\n<meta name=\"twitter:card\" content=\"summary_large_image\" \/>\n<meta name=\"twitter:label1\" content=\"Est. reading time\" \/>\n\t<meta name=\"twitter:data1\" content=\"1 minute\" \/>\n<script type=\"application\/ld+json\" class=\"yoast-schema-graph\">{\"@context\":\"https:\\\/\\\/schema.org\",\"@graph\":[{\"@type\":\"WebPage\",\"@id\":\"https:\\\/\\\/cowboyspincasino.org\\\/pl\\\/logowanie-i-rejestracja\\\/\",\"url\":\"https:\\\/\\\/cowboyspincasino.org\\\/pl\\\/logowanie-i-rejestracja\\\/\",\"name\":\"Cowboyspin Logowanie \u2013 rejestracja i zarz\u0105dzanie kontem\",\"isPartOf\":{\"@id\":\"https:\\\/\\\/cowboyspincasino.org\\\/pl\\\/#website\"},\"datePublished\":\"2026-01-20T12:11:11+00:00\",\"dateModified\":\"2026-03-23T13:00:03+00:00\",\"description\":\"\u0141atwo tw\u00f3rz, zarz\u0105dzaj i weryfikuj swoje konto w kasynie Cowboyspin dzi\u0119ki szybkiej rejestracji, p\u0142ynnemu odzyskiwaniu konta i bezpiecznemu zamykaniu konta, zapewniaj\u0105c ochron\u0119 24\\\/7 poprzez Cowboyspin Login.\",\"breadcrumb\":{\"@id\":\"https:\\\/\\\/cowboyspincasino.org\\\/pl\\\/logowanie-i-rejestracja\\\/#breadcrumb\"},\"inLanguage\":\"pl-PL\",\"potentialAction\":[{\"@type\":\"ReadAction\",\"target\":[\"https:\\\/\\\/cowboyspincasino.org\\\/pl\\\/logowanie-i-rejestracja\\\/\"]}]},{\"@type\":\"BreadcrumbList\",\"@id\":\"https:\\\/\\\/cowboyspincasino.org\\\/pl\\\/logowanie-i-rejestracja\\\/#breadcrumb\",\"itemListElement\":[{\"@type\":\"ListItem\",\"position\":1,\"name\":\"Cowboyspin\",\"item\":\"https:\\\/\\\/cowboyspincasino.org\\\/pl\\\/\"},{\"@type\":\"ListItem\",\"position\":2,\"name\":\"Logowanie i rejestracja\"}]},{\"@type\":\"WebSite\",\"@id\":\"https:\\\/\\\/cowboyspincasino.org\\\/pl\\\/#website\",\"url\":\"https:\\\/\\\/cowboyspincasino.org\\\/pl\\\/\",\"name\":\"Cowboyspin\",\"description\":\"\",\"publisher\":{\"@id\":\"https:\\\/\\\/cowboyspincasino.org\\\/pl\\\/#organization\"},\"potentialAction\":[{\"@type\":\"SearchAction\",\"target\":{\"@type\":\"EntryPoint\",\"urlTemplate\":\"https:\\\/\\\/cowboyspincasino.org\\\/pl\\\/?s={search_term_string}\"},\"query-input\":{\"@type\":\"PropertyValueSpecification\",\"valueRequired\":true,\"valueName\":\"search_term_string\"}}],\"inLanguage\":\"pl-PL\"},{\"@type\":\"Organization\",\"@id\":\"https:\\\/\\\/cowboyspincasino.org\\\/pl\\\/#organization\",\"name\":\"Cowboyspin\",\"url\":\"https:\\\/\\\/cowboyspincasino.org\\\/pl\\\/\",\"logo\":{\"@type\":\"ImageObject\",\"inLanguage\":\"pl-PL\",\"@id\":\"https:\\\/\\\/cowboyspincasino.org\\\/pl\\\/#\\\/schema\\\/logo\\\/image\\\/\",\"url\":\"https:\\\/\\\/cowboyspincasino.org\\\/wp-content\\\/uploads\\\/2026\\\/03\\\/cowboyspin-logo.png\",\"contentUrl\":\"https:\\\/\\\/cowboyspincasino.org\\\/wp-content\\\/uploads\\\/2026\\\/03\\\/cowboyspin-logo.png\",\"width\":180,\"height\":66,\"caption\":\"Cowboyspin\"},\"image\":{\"@id\":\"https:\\\/\\\/cowboyspincasino.org\\\/pl\\\/#\\\/schema\\\/logo\\\/image\\\/\"}}]}<\/script>\n<!-- \/ Yoast SEO plugin. -->","yoast_head_json":{"title":"Cowboyspin Logowanie \u2013 rejestracja i zarz\u0105dzanie kontem","description":"\u0141atwo tw\u00f3rz, zarz\u0105dzaj i weryfikuj swoje konto w kasynie Cowboyspin dzi\u0119ki szybkiej rejestracji, p\u0142ynnemu odzyskiwaniu konta i bezpiecznemu zamykaniu konta, zapewniaj\u0105c ochron\u0119 24\/7 poprzez Cowboyspin Login.","robots":{"index":"index","follow":"follow","max-snippet":"max-snippet:-1","max-image-preview":"max-image-preview:large","max-video-preview":"max-video-preview:-1"},"canonical":"https:\/\/cowboyspincasino.org\/pl\/logowanie-i-rejestracja\/","og_locale":"pl_PL","og_type":"article","og_title":"Cowboyspin Logowanie \u2013 rejestracja i zarz\u0105dzanie kontem","og_description":"\u0141atwo tw\u00f3rz, zarz\u0105dzaj i weryfikuj swoje konto w kasynie Cowboyspin dzi\u0119ki szybkiej rejestracji, p\u0142ynnemu odzyskiwaniu konta i bezpiecznemu zamykaniu konta, zapewniaj\u0105c ochron\u0119 24\/7 poprzez Cowboyspin Login.","og_url":"https:\/\/cowboyspincasino.org\/pl\/logowanie-i-rejestracja\/","og_site_name":"cowboyspin","article_modified_time":"2026-03-23T13:00:03+00:00","twitter_card":"summary_large_image","twitter_misc":{"Est. reading time":"1 minute"},"schema":{"@context":"https:\/\/schema.org","@graph":[{"@type":"WebPage","@id":"https:\/\/cowboyspincasino.org\/pl\/logowanie-i-rejestracja\/","url":"https:\/\/cowboyspincasino.org\/pl\/logowanie-i-rejestracja\/","name":"Cowboyspin Logowanie \u2013 rejestracja i zarz\u0105dzanie kontem","isPartOf":{"@id":"https:\/\/cowboyspincasino.org\/pl\/#website"},"datePublished":"2026-01-20T12:11:11+00:00","dateModified":"2026-03-23T13:00:03+00:00","description":"\u0141atwo tw\u00f3rz, zarz\u0105dzaj i weryfikuj swoje konto w kasynie Cowboyspin dzi\u0119ki szybkiej rejestracji, p\u0142ynnemu odzyskiwaniu konta i bezpiecznemu zamykaniu konta, zapewniaj\u0105c ochron\u0119 24\/7 poprzez Cowboyspin Login.","breadcrumb":{"@id":"https:\/\/cowboyspincasino.org\/pl\/logowanie-i-rejestracja\/#breadcrumb"},"inLanguage":"pl-PL","potentialAction":[{"@type":"ReadAction","target":["https:\/\/cowboyspincasino.org\/pl\/logowanie-i-rejestracja\/"]}]},{"@type":"BreadcrumbList","@id":"https:\/\/cowboyspincasino.org\/pl\/logowanie-i-rejestracja\/#breadcrumb","itemListElement":[{"@type":"ListItem","position":1,"name":"Cowboyspin","item":"https:\/\/cowboyspincasino.org\/pl\/"},{"@type":"ListItem","position":2,"name":"Logowanie i rejestracja"}]},{"@type":"WebSite","@id":"https:\/\/cowboyspincasino.org\/pl\/#website","url":"https:\/\/cowboyspincasino.org\/pl\/","name":"Cowboyspin","description":"","publisher":{"@id":"https:\/\/cowboyspincasino.org\/pl\/#organization"},"potentialAction":[{"@type":"SearchAction","target":{"@type":"EntryPoint","urlTemplate":"https:\/\/cowboyspincasino.org\/pl\/?s={search_term_string}"},"query-input":{"@type":"PropertyValueSpecification","valueRequired":true,"valueName":"search_term_string"}}],"inLanguage":"pl-PL"},{"@type":"Organization","@id":"https:\/\/cowboyspincasino.org\/pl\/#organization","name":"Cowboyspin","url":"https:\/\/cowboyspincasino.org\/pl\/","logo":{"@type":"ImageObject","inLanguage":"pl-PL","@id":"https:\/\/cowboyspincasino.org\/pl\/#\/schema\/logo\/image\/","url":"https:\/\/cowboyspincasino.org\/wp-content\/uploads\/2026\/03\/cowboyspin-logo.png","contentUrl":"https:\/\/cowboyspincasino.org\/wp-content\/uploads\/2026\/03\/cowboyspin-logo.png","width":180,"height":66,"caption":"Cowboyspin"},"image":{"@id":"https:\/\/cowboyspincasino.org\/pl\/#\/schema\/logo\/image\/"}}]}},"_links":{"self":[{"href":"https:\/\/cowboyspincasino.org\/pl\/wp-json\/wp\/v2\/pages\/1486","targetHints":{"allow":["GET"]}}],"collection":[{"href":"https:\/\/cowboyspincasino.org\/pl\/wp-json\/wp\/v2\/pages"}],"about":[{"href":"https:\/\/cowboyspincasino.org\/pl\/wp-json\/wp\/v2\/types\/page"}],"author":[{"embeddable":true,"href":"https:\/\/cowboyspincasino.org\/pl\/wp-json\/wp\/v2\/users\/1"}],"replies":[{"embeddable":true,"href":"https:\/\/cowboyspincasino.org\/pl\/wp-json\/wp\/v2\/comments?post=1486"}],"version-history":[{"count":3,"href":"https:\/\/cowboyspincasino.org\/pl\/wp-json\/wp\/v2\/pages\/1486\/revisions"}],"predecessor-version":[{"id":2070,"href":"https:\/\/cowboyspincasino.org\/pl\/wp-json\/wp\/v2\/pages\/1486\/revisions\/2070"}],"wp:attachment":[{"href":"https:\/\/cowboyspincasino.org\/pl\/wp-json\/wp\/v2\/media?parent=1486"}],"curies":[{"name":"wp","href":"https:\/\/api.w.org\/{rel}","templated":true}]}}